{"id":9334,"date":"2024-04-13T16:23:23","date_gmt":"2024-04-13T15:23:23","guid":{"rendered":"https:\/\/divilux.pt\/soutien-2020\/"},"modified":"2024-04-13T16:53:54","modified_gmt":"2024-04-13T15:53:54","slug":"soutien-2020","status":"publish","type":"page","link":"https:\/\/divilux.pt\/fr\/soutien-2020\/","title":{"rendered":"Soutien 2020"},"content":{"rendered":"<section class=\"wpb-content-wrapper\"><p>[vc_row css_animation=&#8221;&#8221; row_type=&#8221;row&#8221; use_row_as_full_screen_section=&#8221;no&#8221; type=&#8221;full_width&#8221; angled_section=&#8221;no&#8221; text_align=&#8221;left&#8221; background_image_as_pattern=&#8221;without_pattern&#8221; css=&#8221;.vc_custom_1713022111043{padding-bottom: 52px !important;}&#8221; z_index=&#8221;&#8221;][vc_column offset=&#8221;vc_col-lg-offset-3 vc_col-lg-6&#8243;][vc_single_image image=&#8221;8863&#8243; img_size=&#8221;full&#8221; alignment=&#8221;center&#8221; qode_css_animation=&#8221;&#8221; css=&#8221;.vc_custom_1713022132345{padding-top: 32px !important;}&#8221;][vc_empty_space][vc_column_text]<\/p>\n<h4 class=\"wp-block-heading\">D\u00e9signation du Projet<\/h4>\n<p>Projet d&#8217;Augmentation des Capacit\u00e9s Productives par le D\u00e9veloppement de Nouveaux Produits et Services pour Compl\u00e9ter la Pr\u00e9sence dans la Cha\u00eene de Valeur et Soutenir la Pr\u00e9sence Internationale.<\/p>\n<p>Code du Projet | CENTRE-02-0853-FEDER-000577<br \/>Objectif Principal | Renforcer la comp\u00e9titivit\u00e9 des petites et moyennes entreprises. Prot\u00e9ger l&#8217;environnement et promouvoir l&#8217;efficacit\u00e9 des ressources.<br \/>R\u00e9gion d&#8217;Intervention | R\u00e9gion NUT III d&#8217;Aveiro<br \/>Entit\u00e9 B\u00e9n\u00e9ficiaire | Divilux &#8211; Divis\u00e3o de Espa\u00e7o, Lda.<br \/>Date d&#8217;Approbation | 10-08-2015<br \/>Date de D\u00e9but | 01-05-2015<br \/>Date de Conclusion | 30-04-2017<br \/>Co\u00fbt Total \u00c9ligible | 1 102 379,15 euros<br \/>Aide Financi\u00e8re de l&#8217;Union Europ\u00e9enne | FEDER &#8211; 661.427,49 euros<\/p>\n<h4>Objectifs, Activit\u00e9s et R\u00e9sultats Attendus\/Obtenus<\/h4>\n<p><strong>OBJECTIFS STRAT\u00c9GIQUES<\/strong><\/p>\n<ul>\n<li>QUALITATIF \u2013 CE QUE NOUS AVONS L\u2019INTENTION DE FAIRE<\/li>\n<\/ul>\n<p>1. \u00c9largir la gamme de produits pour cro\u00eetre dans la cha\u00eene de valeur et offrir des projets int\u00e9gr\u00e9s;<\/p>\n<p>2. Am\u00e9liorer radicalement les processus d&#8217;usinage ainsi que la planification et le contr\u00f4le de la production pour augmenter la productivit\u00e9;<\/p>\n<p>3. Mettre en \u0153uvre une strat\u00e9gie de marketing et de communication traditionnelle et num\u00e9rique pour renforcer la pr\u00e9sence internationale de l&#8217;entreprise.<\/p>\n<p>&nbsp;<\/p>\n<ul>\n<li>QUANTITATIF \u2013 O\u00d9 VOUS VOULEZ OBTENIR<\/li>\n<\/ul>\n<p>1. Augmenter le chiffre d&#8217;affaires de 76% entre 2013 et 2019;<br \/>2. Augmenter la productivit\u00e9 par travailleur (VA\/ETP) de 133% entre 2013 et 2019;<br \/>3. Atteindre un chiffre d&#8217;affaires international de 1 449 940 euros en 2019.<\/p>\n<p><strong>ACTIVIT\u00c9S<\/strong><\/p>\n<p>1. D\u00e9velopper de nouvelles lignes de cloisons innovantes combinant diff\u00e9rents mat\u00e9riaux et une gamme de mobilier de bureau qui, avec de nouveaux syst\u00e8mes d&#8217;isolation acoustique, permet de progresser dans la cha\u00eene de valeur vers des projets de cloisons int\u00e9gr\u00e9s et des solutions de mobilier haut de gamme;<\/p>\n<p>2. Introduire des m\u00e9thodologies de gestion, de planification et de contr\u00f4le de la production, de l&#8217;\u00e9tablissement de budgets au contr\u00f4le du montage, pour accro\u00eetre l&#8217;efficacit\u00e9 des ressources et la gestion des stocks, gr\u00e2ce \u00e0 l&#8217;introduction de plans industriels et commerciaux et de plans de production;<\/p>\n<p>3. Renforcer la pr\u00e9sence internationale de l&#8217;entreprise pour compenser sur les march\u00e9s \u00e9trangers la contraction du march\u00e9 int\u00e9rieur r\u00e9sultant de la r\u00e9cente situation \u00e9conomique, dont les effets devraient persister dans les ann\u00e9es \u00e0 venir ;<\/p>\n<p>4. D\u00e9velopper, gr\u00e2ce \u00e0 des exercices constants de benchmarking, une strat\u00e9gie de marketing et de communication bas\u00e9e sur la pr\u00e9sence lors de salons et de visites commerciales aupr\u00e8s des clients et des m\u00e9thodologies num\u00e9riques innovantes;<\/p>\n<p>5. \u00c9largir les capacit\u00e9s de production au-del\u00e0 de la menuiserie et de la serrurerie en introduisant une ligne de verre pour r\u00e9duire la d\u00e9pendance \u00e0 l&#8217;\u00e9gard des tiers et fournir \u00e0 l&#8217;entreprise une plus grande capacit\u00e9 de d\u00e9veloppement interne de solutions;<\/p>\n<p>6. Commencer \u00e0 d\u00e9velopper ses syst\u00e8mes de fils et de matrices pour l&#8217;extrusion de profils en aluminium par modulation et impression 3D pour r\u00e9duire les d\u00e9lais de d\u00e9veloppement et d&#8217;approbation de ceux-ci.<\/p>\n<p><strong>INDICATEURS DE R\u00c9SULTATS ATTENDUS:<\/strong><\/p>\n<p>l1 &#8211; Valeur Ajout\u00e9e Brute: 1 036 258,55 euros;<br \/>I2 \u2013 Cr\u00e9ation d\u2019Emplois Qualifi\u00e9s : 3 emplois<br \/>I3 &#8211; Chiffre d&#8217;Affaires: 1 565 357,72 euros.<\/p>\n<p><strong>INDICATEURS DE R\u00c9SULTATS ATTEINTS EN 2017:<\/strong><\/p>\n<p>I1 \u2013 Valeur Ajout\u00e9e Brute : -159 393,49 Euros ;<br \/>I2 \u2013 Cr\u00e9ation d&#8217;Emplois Qualifi\u00e9s (CEQ) : 3 Emplois ;<br \/>I3 \u2013 Chiffre d\u2019affaires : 111 838,40 Euros<\/p>\n\r\n<p>&nbsp;<\/p>\r\n<p>[\/vc_column_text][\/vc_column][\/vc_row]<\/p><\/section>","protected":false},"excerpt":{"rendered":"<p>[vc_row css_animation=&#8221;&#8221; row_type=&#8221;row&#8221; use_row_as_full_screen_section=&#8221;no&#8221; type=&#8221;full_width&#8221; angled_section=&#8221;no&#8221; text_align=&#8221;left&#8221; background_image_as_pattern=&#8221;without_pattern&#8221; css=&#8221;.vc_custom_1713022111043{padding-bottom: 52px !important;}&#8221; z_index=&#8221;&#8221;][vc_column offset=&#8221;vc_col-lg-offset-3 vc_col-lg-6&#8243;][vc_single_image image=&#8221;8863&#8243; img_size=&#8221;full&#8221; alignment=&#8221;center&#8221; qode_css_animation=&#8221;&#8221; css=&#8221;.vc_custom_1713022132345{padding-top: 32px !important;}&#8221;][vc_empty_space][vc_column_text] D\u00e9signation du Projet Projet d&#8217;Augmentation des Capacit\u00e9s Productives par le D\u00e9veloppement de Nouveaux Produits et Services pour Compl\u00e9ter la Pr\u00e9sence dans la Cha\u00eene de&#8230;<\/p>\n","protected":false},"author":1,"featured_media":0,"parent":0,"menu_order":0,"comment_status":"closed","ping_status":"closed","template":"","meta":{"_seopress_robots_primary_cat":"0","_seopress_titles_title":"","_seopress_titles_desc":"","_seopress_robots_index":"yes","footnotes":""},"class_list":["post-9334","page","type-page","status-publish","hentry"],"_links":{"self":[{"href":"https:\/\/divilux.pt\/fr\/wp-json\/wp\/v2\/pages\/9334","targetHints":{"allow":["GET"]}}],"collection":[{"href":"https:\/\/divilux.pt\/fr\/wp-json\/wp\/v2\/pages"}],"about":[{"href":"https:\/\/divilux.pt\/fr\/wp-json\/wp\/v2\/types\/page"}],"author":[{"embeddable":true,"href":"https:\/\/divilux.pt\/fr\/wp-json\/wp\/v2\/users\/1"}],"replies":[{"embeddable":true,"href":"https:\/\/divilux.pt\/fr\/wp-json\/wp\/v2\/comments?post=9334"}],"version-history":[{"count":1,"href":"https:\/\/divilux.pt\/fr\/wp-json\/wp\/v2\/pages\/9334\/revisions"}],"predecessor-version":[{"id":9335,"href":"https:\/\/divilux.pt\/fr\/wp-json\/wp\/v2\/pages\/9334\/revisions\/9335"}],"wp:attachment":[{"href":"https:\/\/divilux.pt\/fr\/wp-json\/wp\/v2\/media?parent=9334"}],"curies":[{"name":"wp","href":"https:\/\/api.w.org\/{rel}","templated":true}]}}