{"id":8828,"date":"2023-10-27T18:05:08","date_gmt":"2023-10-27T17:05:08","guid":{"rendered":"https:\/\/divilux.pt\/?page_id=8828"},"modified":"2024-04-13T16:46:10","modified_gmt":"2024-04-13T15:46:10","slug":"appui","status":"publish","type":"page","link":"https:\/\/divilux.pt\/fr\/appui\/","title":{"rendered":"Appui"},"content":{"rendered":"<section class=\"wpb-content-wrapper\"><p>[vc_row css_animation=&#8221;&#8221; row_type=&#8221;row&#8221; use_row_as_full_screen_section=&#8221;no&#8221; type=&#8221;full_width&#8221; angled_section=&#8221;no&#8221; text_align=&#8221;left&#8221; background_image_as_pattern=&#8221;without_pattern&#8221; css=&#8221;.vc_custom_1713023124821{padding-bottom: 52px !important;}&#8221; z_index=&#8221;&#8221;][vc_column offset=&#8221;vc_col-lg-offset-3 vc_col-lg-6&#8243;][vc_single_image image=&#8221;9271&#8243; img_size=&#8221;full&#8221; alignment=&#8221;center&#8221; qode_css_animation=&#8221;&#8221;][vc_empty_space][vc_column_text]<\/p>\n<h4>D\u00e9signation du projet | Divilux + Durable<\/h4>\n<p>Code du projet | 4401<br \/>\nObjectif principal | Favoriser la d\u00e9carbonisation du secteur industriel et commercial et promouvoir un changement de paradigme dans l&#8217;utilisation des ressources.<br \/>\nEntit\u00e9 b\u00e9n\u00e9ficiaire | DIVILUX \u2013 DIVIS\u00c3O DE ESPA\u00c7O LDA<br \/>\nDate d&#8217;approbation | 14-03-2023<br \/>\nDate de d\u00e9but | 01-03-2023<br \/>\nDate de fin | 31-12-2023 Investissement \u00e9ligible | 84.112,00<br \/>\nSoutien financier du PRR et de l&#8217;UE | \u20ac71,495.20<\/p>\n<h4>Objectifs et r\u00e9sultats attendus\/atteints |<\/h4>\n<p>Le projet vise \u00e0 installer des processus et des \u00e9quipements \u00e0 faible \u00e9mission de carbone et \u00e0 incorporer des sources d&#8217;\u00e9nergie renouvelable et du stockage d&#8217;\u00e9nergie afin de r\u00e9duire la consommation d&#8217;\u00e9nergie et les \u00e9missions de gaz \u00e0 effet de serre associ\u00e9es.<\/p>\n<p>Avec la mise en \u0153uvre du projet, Divilux pr\u00e9voit de r\u00e9duire<br \/>\nles \u00e9missions de gaz \u00e0 effet de serre de 31,31% et la consommation finale d&#8217;\u00e9nergie de 30,77%. Il est pr\u00e9vu d&#8217;\u00e9lectrifier 62,60 kW de la consommation finale d&#8217;\u00e9nergie et d&#8217;installer une Unit\u00e9 de Production pour l&#8217;Autoconsommation (UPAC) d&#8217;une puissance de 59,40 kWp.<\/p>\n<h4>Investissements pr\u00e9vus:<\/h4>\n<ul>\n<li>Remplacement du chariot \u00e9l\u00e9vateur \u00e0 consommation de carburant par un chariot \u00e9l\u00e9vateur \u00e9lectrique.<\/li>\n<li>Installation d&#8217;un syst\u00e8me solaire photovolta\u00efque pour la production d&#8217;\u00e9lectricit\u00e9 pour l&#8217;autoconsommation.<\/li>\n<\/ul>\n<p>[\/vc_column_text][\/vc_column][\/vc_row]<\/p>\n<\/section>","protected":false},"excerpt":{"rendered":"<p>[vc_row css_animation=&#8221;&#8221; row_type=&#8221;row&#8221; use_row_as_full_screen_section=&#8221;no&#8221; type=&#8221;full_width&#8221; angled_section=&#8221;no&#8221; text_align=&#8221;left&#8221; background_image_as_pattern=&#8221;without_pattern&#8221; css=&#8221;.vc_custom_1713023124821{padding-bottom: 52px !important;}&#8221; z_index=&#8221;&#8221;][vc_column offset=&#8221;vc_col-lg-offset-3 vc_col-lg-6&#8243;][vc_single_image image=&#8221;9271&#8243; img_size=&#8221;full&#8221; alignment=&#8221;center&#8221; qode_css_animation=&#8221;&#8221;][vc_empty_space][vc_column_text] D\u00e9signation du projet | Divilux + Durable Code du projet | 4401 Objectif principal | Favoriser la d\u00e9carbonisation du secteur industriel et commercial et promouvoir un changement&#8230;<\/p>\n","protected":false},"author":2,"featured_media":0,"parent":0,"menu_order":0,"comment_status":"closed","ping_status":"closed","template":"","meta":{"_seopress_robots_primary_cat":"0","_seopress_titles_title":"","_seopress_titles_desc":"","_seopress_robots_index":"yes","footnotes":""},"class_list":["post-8828","page","type-page","status-publish","hentry"],"_links":{"self":[{"href":"https:\/\/divilux.pt\/fr\/wp-json\/wp\/v2\/pages\/8828","targetHints":{"allow":["GET"]}}],"collection":[{"href":"https:\/\/divilux.pt\/fr\/wp-json\/wp\/v2\/pages"}],"about":[{"href":"https:\/\/divilux.pt\/fr\/wp-json\/wp\/v2\/types\/page"}],"author":[{"embeddable":true,"href":"https:\/\/divilux.pt\/fr\/wp-json\/wp\/v2\/users\/2"}],"replies":[{"embeddable":true,"href":"https:\/\/divilux.pt\/fr\/wp-json\/wp\/v2\/comments?post=8828"}],"version-history":[{"count":13,"href":"https:\/\/divilux.pt\/fr\/wp-json\/wp\/v2\/pages\/8828\/revisions"}],"predecessor-version":[{"id":9326,"href":"https:\/\/divilux.pt\/fr\/wp-json\/wp\/v2\/pages\/8828\/revisions\/9326"}],"wp:attachment":[{"href":"https:\/\/divilux.pt\/fr\/wp-json\/wp\/v2\/media?parent=8828"}],"curies":[{"name":"wp","href":"https:\/\/api.w.org\/{rel}","templated":true}]}}