{"id":8600,"date":"2023-07-22T16:10:07","date_gmt":"2023-07-22T15:10:07","guid":{"rendered":"https:\/\/divilux.pt\/ty-pt-newsletter\/"},"modified":"2025-08-01T15:20:05","modified_gmt":"2025-08-01T14:20:05","slug":"ty-fr-newsletter","status":"publish","type":"page","link":"https:\/\/divilux.pt\/fr\/ty-fr-newsletter\/","title":{"rendered":"Consultez votre courrier \u00e9lectronique"},"content":{"rendered":"<section class=\"wpb-content-wrapper\"><p>[vc_row css_animation=&#8221;&#8221; row_type=&#8221;row&#8221; use_row_as_full_screen_section=&#8221;no&#8221; type=&#8221;full_width&#8221; angled_section=&#8221;no&#8221; text_align=&#8221;left&#8221; background_image_as_pattern=&#8221;without_pattern&#8221; css=&#8221;.vc_custom_1690038627902{padding-bottom: 92px !important;}&#8221; z_index=&#8221;&#8221;][vc_column][vc_column_text]Merci de votre inscription. Nous vous enverrons un message dans quelques minutes.[\/vc_column_text][\/vc_column][\/vc_row]<\/p>\n<\/section>","protected":false},"excerpt":{"rendered":"<p>[vc_row css_animation=&#8221;&#8221; row_type=&#8221;row&#8221; use_row_as_full_screen_section=&#8221;no&#8221; type=&#8221;full_width&#8221; angled_section=&#8221;no&#8221; text_align=&#8221;left&#8221; background_image_as_pattern=&#8221;without_pattern&#8221; css=&#8221;.vc_custom_1690038627902{padding-bottom: 92px !important;}&#8221; z_index=&#8221;&#8221;][vc_column][vc_column_text]Merci de votre inscription. Nous vous enverrons un message dans quelques minutes.[\/vc_column_text][\/vc_column][\/vc_row]<\/p>\n","protected":false},"author":1,"featured_media":0,"parent":0,"menu_order":0,"comment_status":"closed","ping_status":"closed","template":"","meta":{"_seopress_robots_primary_cat":"","_seopress_titles_title":"","_seopress_titles_desc":"Inscription r\u00e9ussie ! Consultez vos messages bient\u00f4t pour les prochaines \u00e9tapes. Restez connect\u00e9 et \u00e0 l'\u00e9coute.","_seopress_robots_index":"","footnotes":""},"class_list":["post-8600","page","type-page","status-publish","hentry"],"_links":{"self":[{"href":"https:\/\/divilux.pt\/fr\/wp-json\/wp\/v2\/pages\/8600","targetHints":{"allow":["GET"]}}],"collection":[{"href":"https:\/\/divilux.pt\/fr\/wp-json\/wp\/v2\/pages"}],"about":[{"href":"https:\/\/divilux.pt\/fr\/wp-json\/wp\/v2\/types\/page"}],"author":[{"embeddable":true,"href":"https:\/\/divilux.pt\/fr\/wp-json\/wp\/v2\/users\/1"}],"replies":[{"embeddable":true,"href":"https:\/\/divilux.pt\/fr\/wp-json\/wp\/v2\/comments?post=8600"}],"version-history":[{"count":4,"href":"https:\/\/divilux.pt\/fr\/wp-json\/wp\/v2\/pages\/8600\/revisions"}],"predecessor-version":[{"id":11178,"href":"https:\/\/divilux.pt\/fr\/wp-json\/wp\/v2\/pages\/8600\/revisions\/11178"}],"wp:attachment":[{"href":"https:\/\/divilux.pt\/fr\/wp-json\/wp\/v2\/media?parent=8600"}],"curies":[{"name":"wp","href":"https:\/\/api.w.org\/{rel}","templated":true}]}}