{"id":8588,"date":"2023-07-22T15:27:19","date_gmt":"2023-07-22T14:27:19","guid":{"rendered":"https:\/\/divilux.pt\/ty-pt-obrigado\/"},"modified":"2023-07-22T15:30:47","modified_gmt":"2023-07-22T14:30:47","slug":"ty-fr-obrigado","status":"publish","type":"page","link":"https:\/\/divilux.pt\/fr\/ty-fr-obrigado\/","title":{"rendered":"Merci pour votre message"},"content":{"rendered":"<section class=\"wpb-content-wrapper\"><p>[vc_row css_animation=&#8221;&#8221; row_type=&#8221;row&#8221; use_row_as_full_screen_section=&#8221;no&#8221; type=&#8221;full_width&#8221; angled_section=&#8221;no&#8221; text_align=&#8221;left&#8221; background_image_as_pattern=&#8221;without_pattern&#8221; css=&#8221;.vc_custom_1690036110676{padding-bottom: 92px !important;}&#8221; z_index=&#8221;&#8221;][vc_column][vc_column_text]Merci pour votre message. Nous vous r\u00e9pondrons dans les plus brefs d\u00e9lais.[\/vc_column_text][\/vc_column][\/vc_row]<\/p>\n<\/section>","protected":false},"excerpt":{"rendered":"<p>[vc_row css_animation=&#8221;&#8221; row_type=&#8221;row&#8221; use_row_as_full_screen_section=&#8221;no&#8221; type=&#8221;full_width&#8221; angled_section=&#8221;no&#8221; text_align=&#8221;left&#8221; background_image_as_pattern=&#8221;without_pattern&#8221; css=&#8221;.vc_custom_1690036110676{padding-bottom: 92px !important;}&#8221; z_index=&#8221;&#8221;][vc_column][vc_column_text]Merci pour votre message. Nous vous r\u00e9pondrons dans les plus brefs d\u00e9lais.[\/vc_column_text][\/vc_column][\/vc_row]<\/p>\n","protected":false},"author":1,"featured_media":0,"parent":0,"menu_order":0,"comment_status":"closed","ping_status":"closed","template":"","meta":{"_seopress_robots_primary_cat":"0","_seopress_titles_title":"","_seopress_titles_desc":"Merci pour votre message. Recevez une r\u00e9ponse rapide de notre \u00e9quipe d\u00e9vou\u00e9e sous peu.","_seopress_robots_index":"","footnotes":""},"class_list":["post-8588","page","type-page","status-publish","hentry"],"_links":{"self":[{"href":"https:\/\/divilux.pt\/fr\/wp-json\/wp\/v2\/pages\/8588","targetHints":{"allow":["GET"]}}],"collection":[{"href":"https:\/\/divilux.pt\/fr\/wp-json\/wp\/v2\/pages"}],"about":[{"href":"https:\/\/divilux.pt\/fr\/wp-json\/wp\/v2\/types\/page"}],"author":[{"embeddable":true,"href":"https:\/\/divilux.pt\/fr\/wp-json\/wp\/v2\/users\/1"}],"replies":[{"embeddable":true,"href":"https:\/\/divilux.pt\/fr\/wp-json\/wp\/v2\/comments?post=8588"}],"version-history":[{"count":2,"href":"https:\/\/divilux.pt\/fr\/wp-json\/wp\/v2\/pages\/8588\/revisions"}],"predecessor-version":[{"id":8593,"href":"https:\/\/divilux.pt\/fr\/wp-json\/wp\/v2\/pages\/8588\/revisions\/8593"}],"wp:attachment":[{"href":"https:\/\/divilux.pt\/fr\/wp-json\/wp\/v2\/media?parent=8588"}],"curies":[{"name":"wp","href":"https:\/\/api.w.org\/{rel}","templated":true}]}}