{"id":7297,"date":"2022-05-17T19:59:25","date_gmt":"2022-05-17T18:59:25","guid":{"rendered":"https:\/\/divilux.pt\/acces-des-membres\/"},"modified":"2022-05-18T13:21:14","modified_gmt":"2022-05-18T12:21:14","slug":"acces-des-membres","status":"publish","type":"page","link":"https:\/\/divilux.pt\/fr\/acces-des-membres\/","title":{"rendered":"Acc\u00e8s exclusif pour les membres"},"content":{"rendered":"\n<p>La page \u00e0 laquelle vous essayez d\u2019acc\u00e9der est r\u00e9serv\u00e9e aux membres disposant d\u2019un compte enregistr\u00e9.<\/p>\n\n\n\n<div style=\"height:22px\" aria-hidden=\"true\" class=\"wp-block-spacer\"><\/div>\n\n\n\n<h3 class=\"wp-block-heading\">Enregistrer un compte<\/h3>\n\n\n\n<p>Vous pouvez <a href=\"https:\/\/divilux.pt\/fr\/registre\/\">vous inscrire ici<\/a>.  <\/p>\n\n\n\n<div style=\"height:12px\" aria-hidden=\"true\" class=\"wp-block-spacer\"><\/div>\n\n\n\n<h3 class=\"wp-block-heading\">Connectez-vous au compte<\/h3>\n\n\n\n<p>Avez-vous d\u00e9j\u00e0 un compte? <a href=\"https:\/\/divilux.pt\/fr\/connectez-vous\/\">Entrez ici<\/a>.<\/p>\n\n\n\n<div style=\"height:92px\" aria-hidden=\"true\" class=\"wp-block-spacer\"><\/div>\n","protected":false},"excerpt":{"rendered":"<p>La page \u00e0 laquelle vous essayez d\u2019acc\u00e9der est r\u00e9serv\u00e9e aux membres disposant d\u2019un compte enregistr\u00e9. Enregistrer un compte Vous pouvez vous inscrire ici. Connectez-vous au compte Avez-vous d\u00e9j\u00e0 un compte? Entrez ici.<\/p>\n","protected":false},"author":1,"featured_media":0,"parent":0,"menu_order":0,"comment_status":"closed","ping_status":"closed","template":"","meta":{"_seopress_robots_primary_cat":"0","_seopress_titles_title":"","_seopress_titles_desc":"","_seopress_robots_index":"yes","footnotes":""},"class_list":["post-7297","page","type-page","status-publish","hentry"],"_links":{"self":[{"href":"https:\/\/divilux.pt\/fr\/wp-json\/wp\/v2\/pages\/7297","targetHints":{"allow":["GET"]}}],"collection":[{"href":"https:\/\/divilux.pt\/fr\/wp-json\/wp\/v2\/pages"}],"about":[{"href":"https:\/\/divilux.pt\/fr\/wp-json\/wp\/v2\/types\/page"}],"author":[{"embeddable":true,"href":"https:\/\/divilux.pt\/fr\/wp-json\/wp\/v2\/users\/1"}],"replies":[{"embeddable":true,"href":"https:\/\/divilux.pt\/fr\/wp-json\/wp\/v2\/comments?post=7297"}],"version-history":[{"count":2,"href":"https:\/\/divilux.pt\/fr\/wp-json\/wp\/v2\/pages\/7297\/revisions"}],"predecessor-version":[{"id":7388,"href":"https:\/\/divilux.pt\/fr\/wp-json\/wp\/v2\/pages\/7297\/revisions\/7388"}],"wp:attachment":[{"href":"https:\/\/divilux.pt\/fr\/wp-json\/wp\/v2\/media?parent=7297"}],"curies":[{"name":"wp","href":"https:\/\/api.w.org\/{rel}","templated":true}]}}