{"id":7104,"date":"2022-03-18T01:51:32","date_gmt":"2022-03-18T01:51:32","guid":{"rendered":"https:\/\/divilux.pt\/politique-de-cookies\/"},"modified":"2022-04-28T21:38:39","modified_gmt":"2022-04-28T20:38:39","slug":"politique-de-cookies","status":"publish","type":"page","link":"https:\/\/divilux.pt\/fr\/politique-de-cookies\/","title":{"rendered":"Politique de cookies"},"content":{"rendered":"\n<div class=\"wp-block-columns is-layout-flex wp-container-core-columns-is-layout-1 wp-block-columns-is-layout-flex\">\n<div class=\"wp-block-column is-layout-flow wp-block-column-is-layout-flow\" style=\"flex-basis:25%\"><\/div>\n\n\n\n<div class=\"wp-block-column is-layout-flow wp-block-column-is-layout-flow\" style=\"flex-basis:50%\">\n<h4 class=\"wp-block-heading\" id=\"1-o-que-sao-cookies\">1. Que sont les cookies?<\/h4>\n\n\n\n<p>Les <em>cookies<\/em> sont de petits fichiers texte plac\u00e9s sur le navigateur de votre ordinateur par les sites Web que vous visitez. Ils sont largement utilis\u00e9s par les sites Web pour les faire fonctionner ou am\u00e9liorer leurs performances, en fournissant des informations vous concernant aux propri\u00e9taires de sites Web. Les informations retenues par les cookies r\u00e9v\u00e8lent vos pr\u00e9f\u00e9rences d&#8217;utilisation et non vos donn\u00e9es personnelles.<\/p>\n\n\n\n<div style=\"height:22px\" aria-hidden=\"true\" class=\"wp-block-spacer\"><\/div>\n\n\n\n<h4 class=\"wp-block-heading\" id=\"2-para-que-servem-os-cookies\">2. A quoi servent les cookies?<\/h4>\n\n\n\n<p>Les cookies sont essentiels pour permettre une navigation plus rapide et plus efficace, par exemple, en \u00e9liminant la n\u00e9cessit\u00e9 de saisir \u00e0 plusieurs reprises les m\u00eames informations.<\/p>\n\n\n\n<div style=\"height:22px\" aria-hidden=\"true\" class=\"wp-block-spacer\"><\/div>\n\n\n\n<h4 class=\"wp-block-heading\" id=\"3-que-tipo-de-cookies-utilizamos\">3. Quel type de Cookies utilisons-nous?<\/h4>\n\n\n\n<p><strong>Cookies strictement n\u00e9cessaires:<\/strong> ils permettent de naviguer sur le site et d&#8217;utiliser les applications et services que DIVILUX met \u00e0 disposition, comme l&#8217;acc\u00e8s \u00e0 des zones s\u00e9curis\u00e9es du site. Sans ces cookies, les services ne peuvent pas \u00eatre fournis.<\/p>\n\n\n\n<p><strong>Cookies analytiques:<\/strong> vous permettent d&#8217;obtenir des donn\u00e9es agr\u00e9g\u00e9es pour l&#8217;analyse statistique et l&#8217;am\u00e9lioration du site Web.<\/p>\n\n\n\n<p><strong>Cookies fonctionnels:<\/strong> ils permettent une navigation facile et individualis\u00e9e, car ils enregistrent les pr\u00e9f\u00e9rences de l&#8217;utilisateur concernant l&#8217;utilisation du site Web, de sorte qu&#8217;il n&#8217;est pas n\u00e9cessaire de le configurer \u00e0 nouveau \u00e0 chaque visite.<\/p>\n\n\n\n<p><strong>Cookies tiers:<\/strong> sur certaines pages du site DIVILUX se trouvent des \u00e9l\u00e9ments mis \u00e0 disposition par des tiers (ex : vid\u00e9os Youtube, r\u00e9seaux sociaux, etc.) qui utilisent des cookies ind\u00e9pendants des cookies g\u00e9r\u00e9s par DIVILUX.<\/p>\n\n\n\n<p><strong>Cookies publicitaires:<\/strong> Ils permettent de cibler la publicit\u00e9 en fonction des int\u00e9r\u00eats de chaque utilisateur, en collectant les habitudes de navigation sur Internet. De cette fa\u00e7on, la publicit\u00e9 mise \u00e0 disposition correspondra \u00e0 vos besoins.<\/p>\n\n\n\n<p>Certains cookies utilis\u00e9s sur les sites Web seront automatiquement supprim\u00e9s de votre appareil lorsque vous fermerez la session de votre navigateur (appel\u00e9s \u00ab cookies de session \u00bb). D&#8217;autres types de Cookies resteront sur votre ordinateur et permettront d&#8217;identifier votre ordinateur lors de votre prochaine visite sur le site (appel\u00e9s \u00ab cookies permanents \u00bb).<\/p>\n\n\n\n<p>DIVILUX garantit qu&#8217;aucune information personnelle n&#8217;est stock\u00e9e avec ces cookies.<\/p>\n\n\n\n<div style=\"height:22px\" aria-hidden=\"true\" class=\"wp-block-spacer\"><\/div>\n\n\n\n<h4 class=\"wp-block-heading\" id=\"4-como-desativar-os-cookies\">4. Comment d\u00e9sactiver les cookies?<\/h4>\n\n\n\n<p><strong>Microsoft Internet Explorer \/ Microsoft Edge:<\/strong> Il existe plusieurs niveaux d&#8217;activation et de d\u00e9sactivation des cookies dans Internet Explorer. Pour plus d&#8217;informations sur les param\u00e8tres des cookies d&#8217;Internet Explorer, consultez la page Microsoft suivante \u00e0 l&#8217;adresse<a href=\"http:\/\/windows.microsoft.com\/pt-PT\/windows-vista\/Block-or-allow-cookies\">http:\/\/windows.microsoft.com\/pt-PT\/windows-vista\/Block-or-allow-cookies<\/a><\/p>\n\n\n\n<p><strong>Google Chrome<\/strong>: Vous avez un contr\u00f4le total sur les autorisations de cookies dans Google Chrome. Par d\u00e9faut, tous les cookies sont autoris\u00e9s, mais vous pouvez ajuster ce param\u00e8tre. Si des cookies ont \u00e9t\u00e9 install\u00e9s ou bloqu\u00e9s sur la page que vous consultez, une ic\u00f4ne s&#8217;affiche \u00e0 la fin de la barre d&#8217;adresse. Il existe plusieurs niveaux d&#8217;activation et de d\u00e9sactivation des cookies dans Google Chrome. Pour plus d&#8217;informations sur les param\u00e8tres des cookies dans Google Chrome, consultez la page suivante: <a href=\"http:\/\/support.google.com\/chrome\/bin\/answer.py?hl=pt&amp;answer=95647&amp;topic=14666&amp;ctx=topic\">http:\/\/support.google.com\/chrome\/bin\/answer.py?hl=pt&amp;answer=95647&amp;topic=14666&amp;ctx=topic<\/a><\/p>\n\n\n\n<p><strong>Mozilla Firefox<\/strong> Pour d\u00e9sactiver tous les cookies dans Mozilla Firefox: <a href=\"http:\/\/support.mozilla.org\/pt-PT\/kb\/Activar%20e%20Desactivar%20cookies?redirectlocale=en-US&amp;redirectslug=Enabling+and+disabling+cookies\">http:\/\/support.mozilla.org\/en-EN\/kb\/Enable and Disable Cookies?redirectlocale=en-US&amp;redirectslug=Enabling+and+disabling+cookies<\/a><\/p>\n\n\n\n<p><strong>Safari<\/strong> Pour d\u00e9sactiver tous les cookies dans Safari: <a href=\"http:\/\/support.apple.com\/kb\/HT1677?viewlocale=pt_PTTodos\">support.apple.com\/kb\/HT1677?viewlocale=pt_PTTodos<\/a>.<\/p>\n\n\n\n<p><strong>Autres navigateurs Internet (navigateur):<\/strong> consultez le menu \u00ab Aide \u00bb de votre navigateur ou contactez le fournisseur de votre navigateur.<\/p>\n<\/div>\n\n\n\n<div class=\"wp-block-column is-layout-flow wp-block-column-is-layout-flow\" style=\"flex-basis:25%\"><\/div>\n<\/div>\n\n<div style=\"height:100px\" aria-hidden=\"true\" class=\"wp-block-spacer\"><\/div>\n","protected":false},"excerpt":{"rendered":"<p>1. Que sont les cookies? Les cookies sont de petits fichiers texte plac\u00e9s sur le navigateur de votre ordinateur par les sites Web que vous visitez. Ils sont largement utilis\u00e9s par les sites Web pour les faire fonctionner ou am\u00e9liorer leurs performances, en fournissant des&#8230;<\/p>\n","protected":false},"author":1,"featured_media":0,"parent":0,"menu_order":0,"comment_status":"closed","ping_status":"closed","template":"","meta":{"_seopress_robots_primary_cat":"0","_seopress_titles_title":"","_seopress_titles_desc":"","_seopress_robots_index":"yes","footnotes":""},"class_list":["post-7104","page","type-page","status-publish","hentry"],"_links":{"self":[{"href":"https:\/\/divilux.pt\/fr\/wp-json\/wp\/v2\/pages\/7104","targetHints":{"allow":["GET"]}}],"collection":[{"href":"https:\/\/divilux.pt\/fr\/wp-json\/wp\/v2\/pages"}],"about":[{"href":"https:\/\/divilux.pt\/fr\/wp-json\/wp\/v2\/types\/page"}],"author":[{"embeddable":true,"href":"https:\/\/divilux.pt\/fr\/wp-json\/wp\/v2\/users\/1"}],"replies":[{"embeddable":true,"href":"https:\/\/divilux.pt\/fr\/wp-json\/wp\/v2\/comments?post=7104"}],"version-history":[{"count":1,"href":"https:\/\/divilux.pt\/fr\/wp-json\/wp\/v2\/pages\/7104\/revisions"}],"predecessor-version":[{"id":7105,"href":"https:\/\/divilux.pt\/fr\/wp-json\/wp\/v2\/pages\/7104\/revisions\/7105"}],"wp:attachment":[{"href":"https:\/\/divilux.pt\/fr\/wp-json\/wp\/v2\/media?parent=7104"}],"curies":[{"name":"wp","href":"https:\/\/api.w.org\/{rel}","templated":true}]}}