{"id":7098,"date":"2022-03-18T01:57:22","date_gmt":"2022-03-18T01:57:22","guid":{"rendered":"https:\/\/divilux.pt\/politique-de-qualite\/"},"modified":"2022-04-28T21:04:56","modified_gmt":"2022-04-28T20:04:56","slug":"politique-de-qualite","status":"publish","type":"page","link":"https:\/\/divilux.pt\/fr\/politique-de-qualite\/","title":{"rendered":"Politique de qualit\u00e9"},"content":{"rendered":"\r\n<div class=\"wp-block-columns is-layout-flex wp-container-core-columns-is-layout-1 wp-block-columns-is-layout-flex\">\r\n<div class=\"wp-block-column is-layout-flow wp-block-column-is-layout-flow\" style=\"flex-basis: 25%;\">\u00a0<\/div>\r\n\r\n\r\n\r\n<div class=\"wp-block-column is-layout-flow wp-block-column-is-layout-flow\" style=\"flex-basis: 50%;\">&#13;\n<p>DIVILUX &#8211; Division Espa\u00e7o, Lda., Dans le cadre de sa politique de qualit\u00e9, d\u00e9termine son engagement \u00e0 d\u00e9velopper les hypoth\u00e8ses suivantes:<\/p>&#13;\n\r\n\r\n\r\n<div class=\"wp-block-spacer\" style=\"height: 12px;\" aria-hidden=\"true\">\u00a0<\/div>\r\n\r\n\r\n&#13;\n<ul class=\"wp-block-list\">&#13;\n<li>Consolider une position de leader sur le march\u00e9, en fournissant un service global qui commence par la pr\u00e9sentation des solutions et se poursuit par le service apr\u00e8s-vente;<\/li>&#13;\n<li>Garantir la satisfaction du client, en cherchant \u00e0 d\u00e9passer ses attentes en se conformant \u00e0 ses exigences l\u00e9gales et autres;<\/li>&#13;\n<li>Suivre l&#8217;\u00e9volution des nouveaux proc\u00e9d\u00e9s de production en vue d&#8217;am\u00e9liorer la conformit\u00e9 de leurs produits;<\/li>&#13;\n<li>Valoriser et responsabiliser les employ\u00e9s, \u00e0 travers leur participation \u00e0 un processus de l&#8217;am\u00e9lioration continue et la recherche des meilleures conditions de travail et de relations interpersonnelles, r\u00e9unissant les efforts individuels vers la qualit\u00e9 et la productivit\u00e9;<\/li>&#13;\n<li>Surveiller en permanence ses processus afin de garantir les objectifs d\u00e9finis et assurer la p\u00e9rennit\u00e9 de l&#8217;organisation;<\/li>&#13;\n<\/ul>&#13;\n\r\n\r\n\r\n<div class=\"wp-block-spacer\" style=\"height: 22px;\" aria-hidden=\"true\">\u00a0<\/div>\r\n\r\n\r\n&#13;\n<p>L&#8217;organisation s&#8217;engage \u00e0 r\u00e9pondre aux exigences et \u00e0 am\u00e9liorer continuellement l&#8217;efficacit\u00e9 du Syst\u00e8me de gestion de la qualit\u00e9 et la performance de l&#8217;organisation.<\/p>&#13;\n<\/div>\r\n\r\n\r\n\r\n<div class=\"wp-block-column is-layout-flow wp-block-column-is-layout-flow\" style=\"flex-basis: 25%;\">\u00a0<\/div>\r\n<\/div>\r\n\r\n<div class=\"wp-block-spacer\" style=\"height: 100px;\" aria-hidden=\"true\">\u00a0<\/div>\r\n","protected":false},"excerpt":{"rendered":"<p>\u00a0 &#13; DIVILUX &#8211; Division Espa\u00e7o, Lda., Dans le cadre de sa politique de qualit\u00e9, d\u00e9termine son engagement \u00e0 d\u00e9velopper les hypoth\u00e8ses suivantes: &#13; &#13; &#13; Consolider une position de leader sur le march\u00e9, en fournissant un service global qui commence par la pr\u00e9sentation des&#8230;<\/p>\n","protected":false},"author":1,"featured_media":0,"parent":0,"menu_order":0,"comment_status":"closed","ping_status":"closed","template":"","meta":{"_seopress_robots_primary_cat":"0","_seopress_titles_title":"","_seopress_titles_desc":"","_seopress_robots_index":"yes","footnotes":""},"class_list":["post-7098","page","type-page","status-publish","hentry"],"_links":{"self":[{"href":"https:\/\/divilux.pt\/fr\/wp-json\/wp\/v2\/pages\/7098","targetHints":{"allow":["GET"]}}],"collection":[{"href":"https:\/\/divilux.pt\/fr\/wp-json\/wp\/v2\/pages"}],"about":[{"href":"https:\/\/divilux.pt\/fr\/wp-json\/wp\/v2\/types\/page"}],"author":[{"embeddable":true,"href":"https:\/\/divilux.pt\/fr\/wp-json\/wp\/v2\/users\/1"}],"replies":[{"embeddable":true,"href":"https:\/\/divilux.pt\/fr\/wp-json\/wp\/v2\/comments?post=7098"}],"version-history":[{"count":1,"href":"https:\/\/divilux.pt\/fr\/wp-json\/wp\/v2\/pages\/7098\/revisions"}],"predecessor-version":[{"id":7099,"href":"https:\/\/divilux.pt\/fr\/wp-json\/wp\/v2\/pages\/7098\/revisions\/7099"}],"wp:attachment":[{"href":"https:\/\/divilux.pt\/fr\/wp-json\/wp\/v2\/media?parent=7098"}],"curies":[{"name":"wp","href":"https:\/\/api.w.org\/{rel}","templated":true}]}}