{"id":6844,"date":"2022-02-18T12:21:02","date_gmt":"2022-02-18T12:21:02","guid":{"rendered":"https:\/\/divilux.pt\/catalogues\/"},"modified":"2024-11-14T12:48:17","modified_gmt":"2024-11-14T12:48:17","slug":"catalogues","status":"publish","type":"page","link":"https:\/\/divilux.pt\/fr\/catalogues\/","title":{"rendered":"Catalogues"},"content":{"rendered":"<section class=\"wpb-content-wrapper\"><p>[vc_row css_animation=&#8221;&#8221; row_type=&#8221;row&#8221; use_row_as_full_screen_section=&#8221;no&#8221; type=&#8221;grid&#8221; angled_section=&#8221;no&#8221; text_align=&#8221;left&#8221; background_image_as_pattern=&#8221;without_pattern&#8221; css=&#8221;.vc_custom_1635698095249{padding-top: 52px !important;}&#8221; z_index=&#8221;&#8221;][vc_column offset=&#8221;vc_col-lg-8&#8243;][vc_column_text]<\/p>\n<h3>T\u00e9l\u00e9chargez nos catalogues et d\u00e9couvrez nos syst\u00e8mes plus en d\u00e9tail.<\/h3>\n<p>[\/vc_column_text][\/vc_column][\/vc_row][vc_row css_animation=&#8221;&#8221; row_type=&#8221;row&#8221; use_row_as_full_screen_section=&#8221;no&#8221; type=&#8221;grid&#8221; angled_section=&#8221;no&#8221; text_align=&#8221;left&#8221; background_image_as_pattern=&#8221;without_pattern&#8221; el_class=&#8221;row_downloads_hub_highlight&#8221; z_index=&#8221;&#8221; css=&#8221;.vc_custom_1681669541555{padding-top: 52px !important;}&#8221;][vc_column width=&#8221;1\/4&#8243;]<div class=\"qode-banner qode-banner-va-center\"><a class=\"qode-banner-link\" href=\"https:\/\/divilux.pt\/fr\/catalogues\/e-box\/\" target=\"_self\"><\/a><div class=\"qode-banner-image\"><img decoding=\"async\" itemprop=\"image\" src=\"https:\/\/divilux.pt\/wp-content\/uploads\/2024\/11\/EBOX_-PT-EN_2024-COVER.webp\" alt=\"\" \/><\/div><div class=\"qode-banner-content\"><div class=\"qode-banner-content-inner\"><div class=\"qode-banner-text-holder\">\n<h5><\/h5>\n<\/div><\/div><\/div><\/div>[vc_column_text el_class=&#8221;block_text_meta&#8221;]2024[\/vc_column_text][\/vc_column][vc_column width=&#8221;1\/4&#8243;]<div class=\"qode-banner qode-banner-va-center\"><a class=\"qode-banner-link\" href=\"https:\/\/divilux.pt\/fr\/catalogues\/catalogue-2023\/\" target=\"_self\"><\/a><div class=\"qode-banner-image\"><img decoding=\"async\" itemprop=\"image\" src=\"https:\/\/divilux.pt\/wp-content\/uploads\/2023\/04\/Portrait-Divilux-2023-2.png\" alt=\"\" \/><\/div><div class=\"qode-banner-content\"><div class=\"qode-banner-content-inner\"><div class=\"qode-banner-text-holder\">\n<h5><\/h5>\n<\/div><\/div><\/div><\/div>[vc_column_text el_class=&#8221;block_text_meta&#8221;]2023[\/vc_column_text][\/vc_column][vc_column width=&#8221;1\/4&#8243;][\/vc_column][vc_column width=&#8221;1\/4&#8243;][\/vc_column][\/vc_row][vc_row css_animation=&#8221;&#8221; row_type=&#8221;row&#8221; use_row_as_full_screen_section=&#8221;no&#8221; type=&#8221;grid&#8221; angled_section=&#8221;no&#8221; text_align=&#8221;left&#8221; background_image_as_pattern=&#8221;without_pattern&#8221; el_class=&#8221;row_downloads_hub&#8221; z_index=&#8221;&#8221;][vc_column width=&#8221;1\/4&#8243;]<div class=\"qode-banner qode-banner-va-center\"><a class=\"qode-banner-link\" href=\"https:\/\/divilux.pt\/fr\/catalogues\/metrica-unica-et-cubica\/\" target=\"_self\"><\/a><div class=\"qode-banner-image\"><img decoding=\"async\" itemprop=\"image\" src=\"https:\/\/divilux.pt\/wp-content\/uploads\/2022\/03\/catalogos-imagem-destaque-metrica-unica-cubica-peq.jpg\" alt=\"Logotipo com formas geom\u00e9tricas e texto estilizado.\" \/><\/div><div class=\"qode-banner-content\"><div class=\"qode-banner-content-inner\"><div class=\"qode-banner-text-holder\">\n<h5><\/h5>\n<\/div><\/div><\/div><\/div>[vc_column_text el_class=&#8221;block_text_meta&#8221;]2007[\/vc_column_text][\/vc_column][vc_column width=&#8221;1\/4&#8243;]<div class=\"qode-banner qode-banner-va-center\"><a class=\"qode-banner-link\" href=\"https:\/\/divilux.pt\/fr\/catalogues\/unica-s\/\" target=\"_self\"><\/a><div class=\"qode-banner-image\"><img decoding=\"async\" itemprop=\"image\" src=\"https:\/\/divilux.pt\/wp-content\/uploads\/2022\/03\/catalogos-imagem-destaque-unics-peq.jpg\" alt=\"Cat\u00e1logos unica s\u00ae\" \/><\/div><div class=\"qode-banner-content\"><div class=\"qode-banner-content-inner\"><div class=\"qode-banner-text-holder\">\n<h5><\/h5>\n<\/div><\/div><\/div><\/div>[vc_column_text el_class=&#8221;block_text_meta&#8221;]2007[\/vc_column_text][\/vc_column][vc_column width=&#8221;1\/4&#8243;]<div class=\"qode-banner qode-banner-va-center\"><a class=\"qode-banner-link\" href=\"https:\/\/divilux.pt\/fr\/catalogues\/metrica-d-unica-slim-et-dodici\/\" target=\"_self\"><\/a><div class=\"qode-banner-image\"><img decoding=\"async\" itemprop=\"image\" src=\"https:\/\/divilux.pt\/wp-content\/uploads\/2022\/03\/catalogos-imagem-destaque-metricad-unicaslim-dodici-peq.jpg\" alt=\"Logotipo M\u00e9trica D sobre fundo preto\" \/><\/div><div class=\"qode-banner-content\"><div class=\"qode-banner-content-inner\"><div class=\"qode-banner-text-holder\">\n<h5><\/h5>\n<\/div><\/div><\/div><\/div>[vc_column_text el_class=&#8221;block_text_meta&#8221;]2011[\/vc_column_text][\/vc_column][vc_column width=&#8221;1\/4&#8243;]<div class=\"qode-banner qode-banner-va-center\"><a class=\"qode-banner-link\" href=\"https:\/\/divilux.pt\/fr\/catalogues\/ritmica-wood-ritmica-d-metrica-f-et-dodici-slim\/\" target=\"_self\"><\/a><div class=\"qode-banner-image\"><img decoding=\"async\" itemprop=\"image\" src=\"https:\/\/divilux.pt\/wp-content\/uploads\/2022\/03\/catalogos-imagem-destaque-ritmica-metrica-dodici-peq.jpg\" alt=\"Cat\u00e1logos ritmica\u00ae, metrica\u00ae, dodici\u00ae\" \/><\/div><div class=\"qode-banner-content\"><div class=\"qode-banner-content-inner\"><div class=\"qode-banner-text-holder\">\n<h5><\/h5>\n<\/div><\/div><\/div><\/div>[vc_column_text el_class=&#8221;block_text_meta&#8221;]2019[\/vc_column_text][\/vc_column][\/vc_row]<\/p>\n<\/section>","protected":false},"excerpt":{"rendered":"<p>[vc_row css_animation=&#8221;&#8221; row_type=&#8221;row&#8221; use_row_as_full_screen_section=&#8221;no&#8221; type=&#8221;grid&#8221; angled_section=&#8221;no&#8221; text_align=&#8221;left&#8221; background_image_as_pattern=&#8221;without_pattern&#8221; css=&#8221;.vc_custom_1635698095249{padding-top: 52px !important;}&#8221; z_index=&#8221;&#8221;][vc_column offset=&#8221;vc_col-lg-8&#8243;][vc_column_text] T\u00e9l\u00e9chargez nos catalogues et d\u00e9couvrez nos syst\u00e8mes plus en d\u00e9tail. [\/vc_column_text][\/vc_column][\/vc_row][vc_row css_animation=&#8221;&#8221; row_type=&#8221;row&#8221; use_row_as_full_screen_section=&#8221;no&#8221; type=&#8221;grid&#8221; angled_section=&#8221;no&#8221; text_align=&#8221;left&#8221; background_image_as_pattern=&#8221;without_pattern&#8221; el_class=&#8221;row_downloads_hub_highlight&#8221; z_index=&#8221;&#8221; css=&#8221;.vc_custom_1681669541555{padding-top: 52px !important;}&#8221;][vc_column width=&#8221;1\/4&#8243;][vc_column_text el_class=&#8221;block_text_meta&#8221;]2024[\/vc_column_text][\/vc_column][vc_column width=&#8221;1\/4&#8243;][vc_column_text el_class=&#8221;block_text_meta&#8221;]2023[\/vc_column_text][\/vc_column][vc_column width=&#8221;1\/4&#8243;][\/vc_column][vc_column width=&#8221;1\/4&#8243;][\/vc_column][\/vc_row][vc_row css_animation=&#8221;&#8221; row_type=&#8221;row&#8221; use_row_as_full_screen_section=&#8221;no&#8221;&#8230;<\/p>\n","protected":false},"author":1,"featured_media":0,"parent":0,"menu_order":0,"comment_status":"closed","ping_status":"closed","template":"full_width.php","meta":{"_seopress_robots_primary_cat":"0","_seopress_titles_title":"","_seopress_titles_desc":"T\u00e9l\u00e9chargez nos catalogues 2023-2024 pour explorer en d\u00e9tail nos syst\u00e8mes de pointe. Innover avec nous!","_seopress_robots_index":"","footnotes":""},"class_list":["post-6844","page","type-page","status-publish","hentry"],"_links":{"self":[{"href":"https:\/\/divilux.pt\/fr\/wp-json\/wp\/v2\/pages\/6844","targetHints":{"allow":["GET"]}}],"collection":[{"href":"https:\/\/divilux.pt\/fr\/wp-json\/wp\/v2\/pages"}],"about":[{"href":"https:\/\/divilux.pt\/fr\/wp-json\/wp\/v2\/types\/page"}],"author":[{"embeddable":true,"href":"https:\/\/divilux.pt\/fr\/wp-json\/wp\/v2\/users\/1"}],"replies":[{"embeddable":true,"href":"https:\/\/divilux.pt\/fr\/wp-json\/wp\/v2\/comments?post=6844"}],"version-history":[{"count":6,"href":"https:\/\/divilux.pt\/fr\/wp-json\/wp\/v2\/pages\/6844\/revisions"}],"predecessor-version":[{"id":9853,"href":"https:\/\/divilux.pt\/fr\/wp-json\/wp\/v2\/pages\/6844\/revisions\/9853"}],"wp:attachment":[{"href":"https:\/\/divilux.pt\/fr\/wp-json\/wp\/v2\/media?parent=6844"}],"curies":[{"name":"wp","href":"https:\/\/api.w.org\/{rel}","templated":true}]}}