{"id":6838,"date":"2022-02-24T18:06:00","date_gmt":"2022-02-24T18:06:00","guid":{"rendered":"https:\/\/divilux.pt\/gammes\/dodici\/"},"modified":"2022-07-13T13:52:29","modified_gmt":"2022-07-13T12:52:29","slug":"dodici","status":"publish","type":"page","link":"https:\/\/divilux.pt\/fr\/systemes\/dodici\/","title":{"rendered":"<span>7<\/span> dodici\u00ae"},"content":{"rendered":"<section class=\"wpb-content-wrapper\"><p>[vc_row css_animation=&#8221;&#8221; row_type=&#8221;row&#8221; use_row_as_full_screen_section=&#8221;no&#8221; type=&#8221;grid&#8221; angled_section=&#8221;no&#8221; text_align=&#8221;left&#8221; background_image_as_pattern=&#8221;without_pattern&#8221; css=&#8221;.vc_custom_1635698095249{padding-top: 52px !important;}&#8221; z_index=&#8221;&#8221;][vc_column offset=&#8221;vc_col-lg-8&#8243;][vc_column_text]<\/p>\n<h1>dodici<sup>\u00ae<\/sup><\/h1>\n<p>[\/vc_column_text][\/vc_column][\/vc_row][vc_row css_animation=&#8221;&#8221; row_type=&#8221;row&#8221; use_row_as_full_screen_section=&#8221;no&#8221; type=&#8221;grid&#8221; angled_section=&#8221;no&#8221; text_align=&#8221;left&#8221; background_image_as_pattern=&#8221;without_pattern&#8221; z_index=&#8221;&#8221; css=&#8221;.vc_custom_1645574796177{padding-top: 52px !important;padding-bottom: 42px !important;}&#8221;][vc_column]<div id=\"ult-carousel-383624456469d462e63ea6f\" class=\"ult-carousel-wrapper  block_carousel_wide_with_one_column ult_horizontal\" data-gutter=\"0\" data-rtl=\"false\" ><div class=\"ult-carousel-184733548069d462e63e9c0 \" >[vc_single_image image=&#8221;4087&#8243; img_size=&#8221;full&#8221; alignment=&#8221;center&#8221; onclick=&#8221;img_link_large&#8221; qode_css_animation=&#8221;&#8221;][vc_single_image image=&#8221;4086&#8243; img_size=&#8221;full&#8221; alignment=&#8221;center&#8221; onclick=&#8221;img_link_large&#8221; qode_css_animation=&#8221;&#8221;][vc_single_image image=&#8221;4084&#8243; img_size=&#8221;full&#8221; alignment=&#8221;center&#8221; onclick=&#8221;img_link_large&#8221; qode_css_animation=&#8221;&#8221;][vc_single_image image=&#8221;4083&#8243; img_size=&#8221;full&#8221; alignment=&#8221;center&#8221; onclick=&#8221;img_link_large&#8221; qode_css_animation=&#8221;&#8221;]<\/div><\/div>\t\t\t<script type=\"text\/javascript\">\r\n\t\t\t\tjQuery(document).ready(function ($) {\r\n\t\t\t\t\tif( typeof jQuery('.ult-carousel-184733548069d462e63e9c0').slick == \"function\"){\r\n\t\t\t\t\t\t$('.ult-carousel-184733548069d462e63e9c0').slick({dots: true,autoplay: true,autoplaySpeed: 4000,speed: 300,infinite: true,arrows: true,nextArrow: '<button type=\"button\" role=\"button\" aria-label=\"Next\" style=\"color:#333333; font-size:20px;\" class=\"slick-next default\"><i class=\"ultsl-arrow-right6\"><\/i><\/button>',prevArrow: '<button type=\"button\" role=\"button\" aria-label=\"Previous\" style=\"color:#333333; font-size:20px;\" class=\"slick-prev default\"><i class=\"ultsl-arrow-left6\"><\/i><\/button>',slidesToScroll:1,slidesToShow:1,swipe: true,draggable: true,touchMove: true,pauseOnHover: true,pauseOnFocus: false,responsive: [\r\n\t\t\t\t\t\t\t{\r\n\t\t\t\t\t\t\t  breakpoint: 1026,\r\n\t\t\t\t\t\t\t  settings: {\r\n\t\t\t\t\t\t\t\tslidesToShow: 1,\r\n\t\t\t\t\t\t\t\tslidesToScroll: 1,  \r\n\t\t\t\t\t\t\t  }\r\n\t\t\t\t\t\t\t},\r\n\t\t\t\t\t\t\t{\r\n\t\t\t\t\t\t\t  breakpoint: 1025,\r\n\t\t\t\t\t\t\t  settings: {\r\n\t\t\t\t\t\t\t\tslidesToShow: 1,\r\n\t\t\t\t\t\t\t\tslidesToScroll: 1\r\n\t\t\t\t\t\t\t  }\r\n\t\t\t\t\t\t\t},\r\n\t\t\t\t\t\t\t{\r\n\t\t\t\t\t\t\t  breakpoint: 760,\r\n\t\t\t\t\t\t\t  settings: {\r\n\t\t\t\t\t\t\t\tslidesToShow: 1,\r\n\t\t\t\t\t\t\t\tslidesToScroll: 1\r\n\t\t\t\t\t\t\t  }\r\n\t\t\t\t\t\t\t}\r\n\t\t\t\t\t\t],pauseOnDotsHover: true,customPaging: function(slider, i) {\r\n                   return '<i type=\"button\" style= \"color:#333333;\" class=\"ultsl-radio-checked\" data-role=\"none\"><\/i>';\r\n                },});\r\n\t\t\t\t\t}\r\n\t\t\t\t});\r\n\t\t\t<\/script>\r\n\t\t\t[\/vc_column][\/vc_row][vc_row css_animation=&#8221;&#8221; row_type=&#8221;row&#8221; use_row_as_full_screen_section=&#8221;no&#8221; type=&#8221;grid&#8221; angled_section=&#8221;no&#8221; text_align=&#8221;left&#8221; background_image_as_pattern=&#8221;without_pattern&#8221; z_index=&#8221;&#8221;][vc_column offset=&#8221;vc_col-lg-offset-1 vc_col-lg-6&#8243;][vc_column_text]<\/p>\n<h5><strong>dodici<sup>\u00ae<\/sup><\/strong> est une collection minimaliste de tables de travail dans laquelle l&#8217;\u00e9paisseur est r\u00e9duite aux limites structurelles. Un effet de style surprenant dans lequel la l\u00e9g\u00e8ret\u00e9 absolue est aussi l&#8217;expression d&#8217;une grande force et stabilit\u00e9.<\/h5>\n<p>[\/vc_column_text][\/vc_column][\/vc_row][vc_row css_animation=&#8221;&#8221; row_type=&#8221;row&#8221; use_row_as_full_screen_section=&#8221;no&#8221; type=&#8221;grid&#8221; angled_section=&#8221;no&#8221; text_align=&#8221;left&#8221; background_image_as_pattern=&#8221;without_pattern&#8221; css=&#8221;.vc_custom_1645463978314{padding-top: 22px !important;padding-bottom: 62px !important;}&#8221; z_index=&#8221;&#8221;][vc_column offset=&#8221;vc_col-lg-offset-2 vc_col-lg-6&#8243;][\/vc_column][\/vc_row][vc_row css_animation=&#8221;&#8221; row_type=&#8221;row&#8221; use_row_as_full_screen_section=&#8221;no&#8221; type=&#8221;grid&#8221; angled_section=&#8221;no&#8221; text_align=&#8221;left&#8221; background_image_as_pattern=&#8221;without_pattern&#8221; z_index=&#8221;&#8221; el_class=&#8221;row_subgamas row_carousel_inside_cols&#8221;][vc_column width=&#8221;1\/3&#8243;]<div id=\"ult-carousel-310845235669d462e63ebc5\" class=\"ult-carousel-wrapper   ult_horizontal\" data-gutter=\"0\" data-rtl=\"false\" ><div class=\"ult-carousel-75760041169d462e63eb4d \" >[vc_single_image image=&#8221;4127&#8243; img_size=&#8221;full&#8221; onclick=&#8221;img_link_large&#8221; qode_css_animation=&#8221;&#8221;][vc_single_image image=&#8221;4126&#8243; img_size=&#8221;full&#8221; onclick=&#8221;img_link_large&#8221; qode_css_animation=&#8221;&#8221;][vc_single_image image=&#8221;4128&#8243; img_size=&#8221;full&#8221; onclick=&#8221;img_link_large&#8221; qode_css_animation=&#8221;&#8221;][vc_single_image image=&#8221;4131&#8243; img_size=&#8221;full&#8221; onclick=&#8221;img_link_large&#8221; qode_css_animation=&#8221;&#8221;][vc_single_image image=&#8221;4129&#8243; img_size=&#8221;full&#8221; onclick=&#8221;img_link_large&#8221; qode_css_animation=&#8221;&#8221;][vc_single_image image=&#8221;4130&#8243; img_size=&#8221;full&#8221; onclick=&#8221;img_link_large&#8221; qode_css_animation=&#8221;&#8221;]<\/div><\/div>\t\t\t<script type=\"text\/javascript\">\r\n\t\t\t\tjQuery(document).ready(function ($) {\r\n\t\t\t\t\tif( typeof jQuery('.ult-carousel-75760041169d462e63eb4d').slick == \"function\"){\r\n\t\t\t\t\t\t$('.ult-carousel-75760041169d462e63eb4d').slick({dots: true,autoplaySpeed: 5000,speed: 300,infinite: true,arrows: true,nextArrow: '<button type=\"button\" role=\"button\" aria-label=\"Next\" style=\"color:#333333; font-size:20px;\" class=\"slick-next default\"><i class=\"ultsl-arrow-right6\"><\/i><\/button>',prevArrow: '<button type=\"button\" role=\"button\" aria-label=\"Previous\" style=\"color:#333333; font-size:20px;\" class=\"slick-prev default\"><i class=\"ultsl-arrow-left6\"><\/i><\/button>',slidesToScroll:1,slidesToShow:1,swipe: true,draggable: true,touchMove: true,pauseOnHover: true,pauseOnFocus: false,responsive: [\r\n\t\t\t\t\t\t\t{\r\n\t\t\t\t\t\t\t  breakpoint: 1026,\r\n\t\t\t\t\t\t\t  settings: {\r\n\t\t\t\t\t\t\t\tslidesToShow: 1,\r\n\t\t\t\t\t\t\t\tslidesToScroll: 1,  \r\n\t\t\t\t\t\t\t  }\r\n\t\t\t\t\t\t\t},\r\n\t\t\t\t\t\t\t{\r\n\t\t\t\t\t\t\t  breakpoint: 1025,\r\n\t\t\t\t\t\t\t  settings: {\r\n\t\t\t\t\t\t\t\tslidesToShow: 1,\r\n\t\t\t\t\t\t\t\tslidesToScroll: 1\r\n\t\t\t\t\t\t\t  }\r\n\t\t\t\t\t\t\t},\r\n\t\t\t\t\t\t\t{\r\n\t\t\t\t\t\t\t  breakpoint: 760,\r\n\t\t\t\t\t\t\t  settings: {\r\n\t\t\t\t\t\t\t\tslidesToShow: 1,\r\n\t\t\t\t\t\t\t\tslidesToScroll: 1\r\n\t\t\t\t\t\t\t  }\r\n\t\t\t\t\t\t\t}\r\n\t\t\t\t\t\t],pauseOnDotsHover: true,customPaging: function(slider, i) {\r\n                   return '<i type=\"button\" style= \"color:#333333;\" class=\"ultsl-radio-checked\" data-role=\"none\"><\/i>';\r\n                },});\r\n\t\t\t\t\t}\r\n\t\t\t\t});\r\n\t\t\t<\/script>\r\n\t\t\t[vc_column_text]<\/p>\n<h4>tableaux individuels<\/h4>\n<p>Tables \u00e9l\u00e9gantes, sobres, r\u00e9sistantes et pratiques, pour postes de travail simples ou multiples, \u00e0 plateaux simples ou joints, utilisant une ferrure centrale pouvant \u00eatre \u00e9quip\u00e9e de s\u00e9parateurs en bois ou en verre.[\/vc_column_text][\/vc_column][vc_column width=&#8221;1\/3&#8243;]<div id=\"ult-carousel-303346287169d462e63ecfd\" class=\"ult-carousel-wrapper   ult_horizontal\" data-gutter=\"0\" data-rtl=\"false\" ><div class=\"ult-carousel-415742557369d462e63ec93 \" >[vc_single_image image=&#8221;4121&#8243; img_size=&#8221;full&#8221; onclick=&#8221;img_link_large&#8221; qode_css_animation=&#8221;&#8221;][vc_single_image image=&#8221;4122&#8243; img_size=&#8221;full&#8221; onclick=&#8221;img_link_large&#8221; qode_css_animation=&#8221;&#8221;][vc_single_image image=&#8221;4123&#8243; img_size=&#8221;full&#8221; onclick=&#8221;img_link_large&#8221; qode_css_animation=&#8221;&#8221;][vc_single_image image=&#8221;4124&#8243; img_size=&#8221;full&#8221; onclick=&#8221;img_link_large&#8221; qode_css_animation=&#8221;&#8221;][vc_single_image image=&#8221;4125&#8243; img_size=&#8221;full&#8221; onclick=&#8221;img_link_large&#8221; qode_css_animation=&#8221;&#8221;]<\/div><\/div>\t\t\t<script type=\"text\/javascript\">\r\n\t\t\t\tjQuery(document).ready(function ($) {\r\n\t\t\t\t\tif( typeof jQuery('.ult-carousel-415742557369d462e63ec93').slick == \"function\"){\r\n\t\t\t\t\t\t$('.ult-carousel-415742557369d462e63ec93').slick({dots: true,autoplaySpeed: 5000,speed: 300,infinite: true,arrows: true,nextArrow: '<button type=\"button\" role=\"button\" aria-label=\"Next\" style=\"color:#333333; font-size:20px;\" class=\"slick-next default\"><i class=\"ultsl-arrow-right6\"><\/i><\/button>',prevArrow: '<button type=\"button\" role=\"button\" aria-label=\"Previous\" style=\"color:#333333; font-size:20px;\" class=\"slick-prev default\"><i class=\"ultsl-arrow-left6\"><\/i><\/button>',slidesToScroll:1,slidesToShow:1,swipe: true,draggable: true,touchMove: true,pauseOnHover: true,pauseOnFocus: false,responsive: [\r\n\t\t\t\t\t\t\t{\r\n\t\t\t\t\t\t\t  breakpoint: 1026,\r\n\t\t\t\t\t\t\t  settings: {\r\n\t\t\t\t\t\t\t\tslidesToShow: 1,\r\n\t\t\t\t\t\t\t\tslidesToScroll: 1,  \r\n\t\t\t\t\t\t\t  }\r\n\t\t\t\t\t\t\t},\r\n\t\t\t\t\t\t\t{\r\n\t\t\t\t\t\t\t  breakpoint: 1025,\r\n\t\t\t\t\t\t\t  settings: {\r\n\t\t\t\t\t\t\t\tslidesToShow: 1,\r\n\t\t\t\t\t\t\t\tslidesToScroll: 1\r\n\t\t\t\t\t\t\t  }\r\n\t\t\t\t\t\t\t},\r\n\t\t\t\t\t\t\t{\r\n\t\t\t\t\t\t\t  breakpoint: 760,\r\n\t\t\t\t\t\t\t  settings: {\r\n\t\t\t\t\t\t\t\tslidesToShow: 1,\r\n\t\t\t\t\t\t\t\tslidesToScroll: 1\r\n\t\t\t\t\t\t\t  }\r\n\t\t\t\t\t\t\t}\r\n\t\t\t\t\t\t],pauseOnDotsHover: true,customPaging: function(slider, i) {\r\n                   return '<i type=\"button\" style= \"color:#333333;\" class=\"ultsl-radio-checked\" data-role=\"none\"><\/i>';\r\n                },});\r\n\t\t\t\t\t}\r\n\t\t\t\t});\r\n\t\t\t<\/script>\r\n\t\t\t[vc_column_text]<\/p>\n<h4>armoires<\/h4>\n<p>Modules de tiroirs, compartiments ouverts, coffres-forts, armoires avec portes, tous offrent une nouvelle fa\u00e7on de d\u00e9finir l&#8217;armoire de rangement classique utilis\u00e9e dans un poste de travail de direction.[\/vc_column_text][\/vc_column][vc_column width=&#8221;1\/3&#8243;]<div id=\"ult-carousel-146907194169d462e63ee9d\" class=\"ult-carousel-wrapper   ult_horizontal\" data-gutter=\"0\" data-rtl=\"false\" ><div class=\"ult-carousel-367426598169d462e63edf4 \" >[vc_single_image image=&#8221;4134&#8243; img_size=&#8221;full&#8221; onclick=&#8221;img_link_large&#8221; qode_css_animation=&#8221;&#8221;][vc_single_image image=&#8221;4133&#8243; img_size=&#8221;full&#8221; onclick=&#8221;img_link_large&#8221; qode_css_animation=&#8221;&#8221;][vc_single_image image=&#8221;4135&#8243; img_size=&#8221;full&#8221; onclick=&#8221;img_link_large&#8221; qode_css_animation=&#8221;&#8221;][vc_single_image image=&#8221;4136&#8243; img_size=&#8221;full&#8221; onclick=&#8221;img_link_large&#8221; qode_css_animation=&#8221;&#8221;]<\/div><\/div>\t\t\t<script type=\"text\/javascript\">\r\n\t\t\t\tjQuery(document).ready(function ($) {\r\n\t\t\t\t\tif( typeof jQuery('.ult-carousel-367426598169d462e63edf4').slick == \"function\"){\r\n\t\t\t\t\t\t$('.ult-carousel-367426598169d462e63edf4').slick({dots: true,autoplaySpeed: 5000,speed: 300,infinite: true,arrows: true,nextArrow: '<button type=\"button\" role=\"button\" aria-label=\"Next\" style=\"color:#333333; font-size:20px;\" class=\"slick-next default\"><i class=\"ultsl-arrow-right6\"><\/i><\/button>',prevArrow: '<button type=\"button\" role=\"button\" aria-label=\"Previous\" style=\"color:#333333; font-size:20px;\" class=\"slick-prev default\"><i class=\"ultsl-arrow-left6\"><\/i><\/button>',slidesToScroll:1,slidesToShow:1,swipe: true,draggable: true,touchMove: true,pauseOnHover: true,pauseOnFocus: false,responsive: [\r\n\t\t\t\t\t\t\t{\r\n\t\t\t\t\t\t\t  breakpoint: 1026,\r\n\t\t\t\t\t\t\t  settings: {\r\n\t\t\t\t\t\t\t\tslidesToShow: 1,\r\n\t\t\t\t\t\t\t\tslidesToScroll: 1,  \r\n\t\t\t\t\t\t\t  }\r\n\t\t\t\t\t\t\t},\r\n\t\t\t\t\t\t\t{\r\n\t\t\t\t\t\t\t  breakpoint: 1025,\r\n\t\t\t\t\t\t\t  settings: {\r\n\t\t\t\t\t\t\t\tslidesToShow: 1,\r\n\t\t\t\t\t\t\t\tslidesToScroll: 1\r\n\t\t\t\t\t\t\t  }\r\n\t\t\t\t\t\t\t},\r\n\t\t\t\t\t\t\t{\r\n\t\t\t\t\t\t\t  breakpoint: 760,\r\n\t\t\t\t\t\t\t  settings: {\r\n\t\t\t\t\t\t\t\tslidesToShow: 1,\r\n\t\t\t\t\t\t\t\tslidesToScroll: 1\r\n\t\t\t\t\t\t\t  }\r\n\t\t\t\t\t\t\t}\r\n\t\t\t\t\t\t],pauseOnDotsHover: true,customPaging: function(slider, i) {\r\n                   return '<i type=\"button\" style= \"color:#333333;\" class=\"ultsl-radio-checked\" data-role=\"none\"><\/i>';\r\n                },});\r\n\t\t\t\t\t}\r\n\t\t\t\t});\r\n\t\t\t<\/script>\r\n\t\t\t[vc_column_text]<\/p>\n<h4>tables de r\u00e9union<\/h4>\n<p>Les tables de r\u00e9union, aux dimensions surprenantes, sont synonymes de stabilit\u00e9 et de l\u00e9g\u00e8ret\u00e9.[\/vc_column_text][\/vc_column][\/vc_row][vc_row css_animation=&#8221;&#8221; row_type=&#8221;row&#8221; use_row_as_full_screen_section=&#8221;no&#8221; type=&#8221;full_width&#8221; angled_section=&#8221;no&#8221; text_align=&#8221;left&#8221; background_image_as_pattern=&#8221;without_pattern&#8221;][vc_column][vc_empty_space height=&#8221;42px&#8221;][\/vc_column][\/vc_row][vc_row css_animation=&#8221;&#8221; row_type=&#8221;row&#8221; use_row_as_full_screen_section=&#8221;no&#8221; type=&#8221;grid&#8221; angled_section=&#8221;no&#8221; text_align=&#8221;left&#8221; background_image_as_pattern=&#8221;without_pattern&#8221; z_index=&#8221;&#8221;][vc_column offset=&#8221;vc_col-lg-offset-1 vc_col-lg-6&#8243;][vc_column_text]<\/p>\n<h5>Sa modulation, la qualit\u00e9 des am\u00e9nagements et des mat\u00e9riaux, lui permet de satisfaire toutes les exigences dimensionnelles jusqu&#8217;aux limites impos\u00e9es par l&#8217;espace disponible.<\/h5>\n<h5><\/h5>\n<h5>Le dessus de la table est encore renforc\u00e9 par une bande centrale qui permet l&#8217;installation de modules \u00e9lectrifi\u00e9s.<\/h5>\n<p>[\/vc_column_text][\/vc_column][\/vc_row][vc_row css_animation=&#8221;&#8221; row_type=&#8221;row&#8221; use_row_as_full_screen_section=&#8221;no&#8221; type=&#8221;grid&#8221; angled_section=&#8221;no&#8221; text_align=&#8221;left&#8221; background_image_as_pattern=&#8221;without_pattern&#8221; z_index=&#8221;&#8221; el_class=&#8221;row_subgamas row_carousel_inside_cols&#8221;][vc_column width=&#8221;1\/3&#8243;]<div id=\"ult-carousel-180067261969d462e63efe8\" class=\"ult-carousel-wrapper   ult_horizontal\" data-gutter=\"0\" data-rtl=\"false\" ><div class=\"ult-carousel-281557783069d462e63ef5c \" >[vc_single_image image=&#8221;4226&#8243; img_size=&#8221;full&#8221; onclick=&#8221;img_link_large&#8221; qode_css_animation=&#8221;&#8221;]<\/div><\/div>\t\t\t<script type=\"text\/javascript\">\r\n\t\t\t\tjQuery(document).ready(function ($) {\r\n\t\t\t\t\tif( typeof jQuery('.ult-carousel-281557783069d462e63ef5c').slick == \"function\"){\r\n\t\t\t\t\t\t$('.ult-carousel-281557783069d462e63ef5c').slick({dots: true,autoplaySpeed: 5000,speed: 300,infinite: true,arrows: true,nextArrow: '<button type=\"button\" role=\"button\" aria-label=\"Next\" style=\"color:#333333; font-size:20px;\" class=\"slick-next default\"><i class=\"ultsl-arrow-right6\"><\/i><\/button>',prevArrow: '<button type=\"button\" role=\"button\" aria-label=\"Previous\" style=\"color:#333333; font-size:20px;\" class=\"slick-prev default\"><i class=\"ultsl-arrow-left6\"><\/i><\/button>',slidesToScroll:1,slidesToShow:1,swipe: true,draggable: true,touchMove: true,pauseOnHover: true,pauseOnFocus: false,responsive: [\r\n\t\t\t\t\t\t\t{\r\n\t\t\t\t\t\t\t  breakpoint: 1026,\r\n\t\t\t\t\t\t\t  settings: {\r\n\t\t\t\t\t\t\t\tslidesToShow: 1,\r\n\t\t\t\t\t\t\t\tslidesToScroll: 1,  \r\n\t\t\t\t\t\t\t  }\r\n\t\t\t\t\t\t\t},\r\n\t\t\t\t\t\t\t{\r\n\t\t\t\t\t\t\t  breakpoint: 1025,\r\n\t\t\t\t\t\t\t  settings: {\r\n\t\t\t\t\t\t\t\tslidesToShow: 1,\r\n\t\t\t\t\t\t\t\tslidesToScroll: 1\r\n\t\t\t\t\t\t\t  }\r\n\t\t\t\t\t\t\t},\r\n\t\t\t\t\t\t\t{\r\n\t\t\t\t\t\t\t  breakpoint: 760,\r\n\t\t\t\t\t\t\t  settings: {\r\n\t\t\t\t\t\t\t\tslidesToShow: 1,\r\n\t\t\t\t\t\t\t\tslidesToScroll: 1\r\n\t\t\t\t\t\t\t  }\r\n\t\t\t\t\t\t\t}\r\n\t\t\t\t\t\t],pauseOnDotsHover: true,customPaging: function(slider, i) {\r\n                   return '<i type=\"button\" style= \"color:#333333;\" class=\"ultsl-radio-checked\" data-role=\"none\"><\/i>';\r\n                },});\r\n\t\t\t\t\t}\r\n\t\t\t\t});\r\n\t\t\t<\/script>\r\n\t\t\t[\/vc_column][vc_column width=&#8221;1\/3&#8243;]<div id=\"ult-carousel-245287320169d462e63f14c\" class=\"ult-carousel-wrapper   ult_horizontal\" data-gutter=\"0\" data-rtl=\"false\" ><div class=\"ult-carousel-35267205969d462e63f0d0 \" >[vc_single_image image=&#8221;4225&#8243; img_size=&#8221;full&#8221; onclick=&#8221;img_link_large&#8221; qode_css_animation=&#8221;&#8221;]<\/div><\/div>\t\t\t<script type=\"text\/javascript\">\r\n\t\t\t\tjQuery(document).ready(function ($) {\r\n\t\t\t\t\tif( typeof jQuery('.ult-carousel-35267205969d462e63f0d0').slick == \"function\"){\r\n\t\t\t\t\t\t$('.ult-carousel-35267205969d462e63f0d0').slick({dots: true,autoplaySpeed: 5000,speed: 300,infinite: true,arrows: true,nextArrow: '<button type=\"button\" role=\"button\" aria-label=\"Next\" style=\"color:#333333; font-size:20px;\" class=\"slick-next default\"><i class=\"ultsl-arrow-right6\"><\/i><\/button>',prevArrow: '<button type=\"button\" role=\"button\" aria-label=\"Previous\" style=\"color:#333333; font-size:20px;\" class=\"slick-prev default\"><i class=\"ultsl-arrow-left6\"><\/i><\/button>',slidesToScroll:1,slidesToShow:1,swipe: true,draggable: true,touchMove: true,pauseOnHover: true,pauseOnFocus: false,responsive: [\r\n\t\t\t\t\t\t\t{\r\n\t\t\t\t\t\t\t  breakpoint: 1026,\r\n\t\t\t\t\t\t\t  settings: {\r\n\t\t\t\t\t\t\t\tslidesToShow: 1,\r\n\t\t\t\t\t\t\t\tslidesToScroll: 1,  \r\n\t\t\t\t\t\t\t  }\r\n\t\t\t\t\t\t\t},\r\n\t\t\t\t\t\t\t{\r\n\t\t\t\t\t\t\t  breakpoint: 1025,\r\n\t\t\t\t\t\t\t  settings: {\r\n\t\t\t\t\t\t\t\tslidesToShow: 1,\r\n\t\t\t\t\t\t\t\tslidesToScroll: 1\r\n\t\t\t\t\t\t\t  }\r\n\t\t\t\t\t\t\t},\r\n\t\t\t\t\t\t\t{\r\n\t\t\t\t\t\t\t  breakpoint: 760,\r\n\t\t\t\t\t\t\t  settings: {\r\n\t\t\t\t\t\t\t\tslidesToShow: 1,\r\n\t\t\t\t\t\t\t\tslidesToScroll: 1\r\n\t\t\t\t\t\t\t  }\r\n\t\t\t\t\t\t\t}\r\n\t\t\t\t\t\t],pauseOnDotsHover: true,customPaging: function(slider, i) {\r\n                   return '<i type=\"button\" style= \"color:#333333;\" class=\"ultsl-radio-checked\" data-role=\"none\"><\/i>';\r\n                },});\r\n\t\t\t\t\t}\r\n\t\t\t\t});\r\n\t\t\t<\/script>\r\n\t\t\t[\/vc_column][\/vc_row][vc_row css_animation=&#8221;&#8221; row_type=&#8221;row&#8221; use_row_as_full_screen_section=&#8221;no&#8221; type=&#8221;full_width&#8221; angled_section=&#8221;no&#8221; text_align=&#8221;left&#8221; background_image_as_pattern=&#8221;without_pattern&#8221;][vc_column][vc_empty_space height=&#8221;102px&#8221;][\/vc_column][\/vc_row]<\/p>\n<\/section>","protected":false},"excerpt":{"rendered":"<p>[vc_row css_animation=&#8221;&#8221; row_type=&#8221;row&#8221; use_row_as_full_screen_section=&#8221;no&#8221; type=&#8221;grid&#8221; angled_section=&#8221;no&#8221; text_align=&#8221;left&#8221; background_image_as_pattern=&#8221;without_pattern&#8221; css=&#8221;.vc_custom_1635698095249{padding-top: 52px !important;}&#8221; z_index=&#8221;&#8221;][vc_column offset=&#8221;vc_col-lg-8&#8243;][vc_column_text] dodici\u00ae [\/vc_column_text][\/vc_column][\/vc_row][vc_row css_animation=&#8221;&#8221; row_type=&#8221;row&#8221; use_row_as_full_screen_section=&#8221;no&#8221; type=&#8221;grid&#8221; angled_section=&#8221;no&#8221; text_align=&#8221;left&#8221; background_image_as_pattern=&#8221;without_pattern&#8221; z_index=&#8221;&#8221; css=&#8221;.vc_custom_1645574796177{padding-top: 52px !important;padding-bottom: 42px !important;}&#8221;][vc_column][\/vc_column][\/vc_row][vc_row css_animation=&#8221;&#8221; row_type=&#8221;row&#8221; use_row_as_full_screen_section=&#8221;no&#8221; type=&#8221;grid&#8221; angled_section=&#8221;no&#8221; text_align=&#8221;left&#8221; background_image_as_pattern=&#8221;without_pattern&#8221; z_index=&#8221;&#8221;][vc_column offset=&#8221;vc_col-lg-offset-1 vc_col-lg-6&#8243;][vc_column_text] dodici\u00ae est une collection minimaliste de tables&#8230;<\/p>\n","protected":false},"author":2,"featured_media":0,"parent":6747,"menu_order":7,"comment_status":"closed","ping_status":"closed","template":"full_width.php","meta":{"_seopress_robots_primary_cat":"0","_seopress_titles_title":"dodici\u00ae - Syst\u00e8mes %%sep%% %%sitename%%","_seopress_titles_desc":"Explorez la collection dodici\u00ae, des tables de travail \u00e9l\u00e9gantes et stables, o\u00f9 la l\u00e9g\u00e8ret\u00e9 rencontre la r\u00e9sistance.","_seopress_robots_index":"","footnotes":""},"class_list":["post-6838","page","type-page","status-publish","hentry"],"_links":{"self":[{"href":"https:\/\/divilux.pt\/fr\/wp-json\/wp\/v2\/pages\/6838","targetHints":{"allow":["GET"]}}],"collection":[{"href":"https:\/\/divilux.pt\/fr\/wp-json\/wp\/v2\/pages"}],"about":[{"href":"https:\/\/divilux.pt\/fr\/wp-json\/wp\/v2\/types\/page"}],"author":[{"embeddable":true,"href":"https:\/\/divilux.pt\/fr\/wp-json\/wp\/v2\/users\/2"}],"replies":[{"embeddable":true,"href":"https:\/\/divilux.pt\/fr\/wp-json\/wp\/v2\/comments?post=6838"}],"version-history":[{"count":7,"href":"https:\/\/divilux.pt\/fr\/wp-json\/wp\/v2\/pages\/6838\/revisions"}],"predecessor-version":[{"id":7460,"href":"https:\/\/divilux.pt\/fr\/wp-json\/wp\/v2\/pages\/6838\/revisions\/7460"}],"up":[{"embeddable":true,"href":"https:\/\/divilux.pt\/fr\/wp-json\/wp\/v2\/pages\/6747"}],"wp:attachment":[{"href":"https:\/\/divilux.pt\/fr\/wp-json\/wp\/v2\/media?parent=6838"}],"curies":[{"name":"wp","href":"https:\/\/api.w.org\/{rel}","templated":true}]}}