{"id":6829,"date":"2022-02-24T17:59:33","date_gmt":"2022-02-24T17:59:33","guid":{"rendered":"https:\/\/divilux.pt\/gammes\/cubica\/"},"modified":"2023-04-13T22:44:16","modified_gmt":"2023-04-13T21:44:16","slug":"cloisons-cubica","status":"publish","type":"page","link":"https:\/\/divilux.pt\/fr\/systemes\/cloisons-cubica\/","title":{"rendered":"<span>3<\/span> cubica\u00ae"},"content":{"rendered":"<section class=\"wpb-content-wrapper\"><p>[vc_row css_animation=&#8221;&#8221; row_type=&#8221;row&#8221; use_row_as_full_screen_section=&#8221;no&#8221; type=&#8221;grid&#8221; angled_section=&#8221;no&#8221; text_align=&#8221;left&#8221; background_image_as_pattern=&#8221;without_pattern&#8221; css=&#8221;.vc_custom_1635698095249{padding-top: 52px !important;}&#8221; z_index=&#8221;&#8221;][vc_column offset=&#8221;vc_col-lg-8&#8243;][vc_column_text]<\/p>\n<h1><sup><span style=\"font-size: 32px;\">CUBICA<\/span>\u00ae<\/sup><\/h1>\n<p>[\/vc_column_text][\/vc_column][\/vc_row][vc_row css_animation=&#8221;&#8221; row_type=&#8221;row&#8221; use_row_as_full_screen_section=&#8221;no&#8221; type=&#8221;grid&#8221; angled_section=&#8221;no&#8221; text_align=&#8221;left&#8221; background_image_as_pattern=&#8221;without_pattern&#8221; z_index=&#8221;&#8221; css=&#8221;.vc_custom_1645574796177{padding-top: 52px !important;padding-bottom: 42px !important;}&#8221;][vc_column]<div id=\"ult-carousel-327543137369d4c78933823\" class=\"ult-carousel-wrapper  block_carousel_wide_with_one_column ult_horizontal\" data-gutter=\"0\" data-rtl=\"false\" ><div class=\"ult-carousel-268246450069d4c7893379e \" >[vc_single_image image=&#8221;4017&#8243; img_size=&#8221;full&#8221; alignment=&#8221;center&#8221; onclick=&#8221;img_link_large&#8221; qode_css_animation=&#8221;&#8221;][vc_single_image image=&#8221;4020&#8243; img_size=&#8221;full&#8221; alignment=&#8221;center&#8221; onclick=&#8221;img_link_large&#8221; qode_css_animation=&#8221;&#8221;][vc_single_image image=&#8221;4206&#8243; img_size=&#8221;full&#8221; alignment=&#8221;center&#8221; onclick=&#8221;img_link_large&#8221; qode_css_animation=&#8221;&#8221;][vc_single_image image=&#8221;4207&#8243; img_size=&#8221;full&#8221; alignment=&#8221;center&#8221; onclick=&#8221;img_link_large&#8221; qode_css_animation=&#8221;&#8221;][vc_single_image image=&#8221;4019&#8243; img_size=&#8221;full&#8221; alignment=&#8221;center&#8221; onclick=&#8221;img_link_large&#8221; qode_css_animation=&#8221;&#8221;][vc_single_image image=&#8221;4021&#8243; img_size=&#8221;full&#8221; alignment=&#8221;center&#8221; onclick=&#8221;img_link_large&#8221; qode_css_animation=&#8221;&#8221;][vc_single_image image=&#8221;4018&#8243; img_size=&#8221;full&#8221; alignment=&#8221;center&#8221; onclick=&#8221;img_link_large&#8221; qode_css_animation=&#8221;&#8221;]<\/div><\/div>\t\t\t<script type=\"text\/javascript\">\r\n\t\t\t\tjQuery(document).ready(function ($) {\r\n\t\t\t\t\tif( typeof jQuery('.ult-carousel-268246450069d4c7893379e').slick == \"function\"){\r\n\t\t\t\t\t\t$('.ult-carousel-268246450069d4c7893379e').slick({dots: true,autoplay: true,autoplaySpeed: 4000,speed: 300,infinite: true,arrows: true,nextArrow: '<button type=\"button\" role=\"button\" aria-label=\"Next\" style=\"color:#333333; font-size:20px;\" class=\"slick-next default\"><i class=\"ultsl-arrow-right6\"><\/i><\/button>',prevArrow: '<button type=\"button\" role=\"button\" aria-label=\"Previous\" style=\"color:#333333; font-size:20px;\" class=\"slick-prev default\"><i class=\"ultsl-arrow-left6\"><\/i><\/button>',slidesToScroll:1,slidesToShow:1,swipe: true,draggable: true,touchMove: true,pauseOnHover: true,pauseOnFocus: false,responsive: [\r\n\t\t\t\t\t\t\t{\r\n\t\t\t\t\t\t\t  breakpoint: 1026,\r\n\t\t\t\t\t\t\t  settings: {\r\n\t\t\t\t\t\t\t\tslidesToShow: 1,\r\n\t\t\t\t\t\t\t\tslidesToScroll: 1,  \r\n\t\t\t\t\t\t\t  }\r\n\t\t\t\t\t\t\t},\r\n\t\t\t\t\t\t\t{\r\n\t\t\t\t\t\t\t  breakpoint: 1025,\r\n\t\t\t\t\t\t\t  settings: {\r\n\t\t\t\t\t\t\t\tslidesToShow: 1,\r\n\t\t\t\t\t\t\t\tslidesToScroll: 1\r\n\t\t\t\t\t\t\t  }\r\n\t\t\t\t\t\t\t},\r\n\t\t\t\t\t\t\t{\r\n\t\t\t\t\t\t\t  breakpoint: 760,\r\n\t\t\t\t\t\t\t  settings: {\r\n\t\t\t\t\t\t\t\tslidesToShow: 1,\r\n\t\t\t\t\t\t\t\tslidesToScroll: 1\r\n\t\t\t\t\t\t\t  }\r\n\t\t\t\t\t\t\t}\r\n\t\t\t\t\t\t],pauseOnDotsHover: true,customPaging: function(slider, i) {\r\n                   return '<i type=\"button\" style= \"color:#333333;\" class=\"ultsl-radio-checked\" data-role=\"none\"><\/i>';\r\n                },});\r\n\t\t\t\t\t}\r\n\t\t\t\t});\r\n\t\t\t<\/script>\r\n\t\t\t[\/vc_column][\/vc_row][vc_row css_animation=&#8221;&#8221; row_type=&#8221;row&#8221; use_row_as_full_screen_section=&#8221;no&#8221; type=&#8221;grid&#8221; angled_section=&#8221;no&#8221; text_align=&#8221;left&#8221; background_image_as_pattern=&#8221;without_pattern&#8221; z_index=&#8221;&#8221;][vc_column offset=&#8221;vc_col-lg-offset-1 vc_col-lg-6&#8243;][vc_column_text]<\/p>\n<h5><strong>Cubica<\/strong> est un syst\u00e8me d&#8217;armoires autoportantes compos\u00e9 d&#8217;une structure de c\u00f4t\u00e9s et de bases en panneaux de particules de bois de 22 mm d&#8217;\u00e9paisseur, anoblis, des deux c\u00f4t\u00e9s, avec un placage en m\u00e9lamine et des finitions sur tout le p\u00e9rim\u00e8tre avec un double chant de porte.<\/h5>\n<p>[\/vc_column_text][\/vc_column][\/vc_row][vc_row css_animation=&#8221;&#8221; row_type=&#8221;row&#8221; use_row_as_full_screen_section=&#8221;no&#8221; type=&#8221;grid&#8221; angled_section=&#8221;no&#8221; text_align=&#8221;left&#8221; background_image_as_pattern=&#8221;without_pattern&#8221; css=&#8221;.vc_custom_1645463978314{padding-top: 22px !important;padding-bottom: 62px !important;}&#8221; z_index=&#8221;&#8221;][vc_column offset=&#8221;vc_col-lg-offset-2 vc_col-lg-6&#8243;][vc_column_text]Les portes, le dos et les \u00e9tag\u00e8res sont en panneaux de particules de 18 mm, m\u00e9lamin\u00e9s des deux c\u00f4t\u00e9s et finis avec un chant en ABS de 1,2 mm d&#8217;\u00e9paisseur.<\/p>\n<p>Les \u00e9tag\u00e8res sont r\u00e9glables en hauteur gr\u00e2ce \u00e0 la perforation verticale des c\u00f4t\u00e9s au pas de 32mm.<\/p>\n<p>Le syst\u00e8me <strong>cubica<\/strong> est disponible avec l&#8217;option de portes opaques ou vitr\u00e9es, permettant de multiples configurations : des armoires basses ou pleine hauteur ; avec doubles portes; portes et tiroirs ou simplement ouverts.[\/vc_column_text][\/vc_column][\/vc_row][vc_row css_animation=&#8221;&#8221; row_type=&#8221;row&#8221; use_row_as_full_screen_section=&#8221;no&#8221; type=&#8221;grid&#8221; angled_section=&#8221;no&#8221; text_align=&#8221;left&#8221; background_image_as_pattern=&#8221;without_pattern&#8221; z_index=&#8221;&#8221; el_class=&#8221;row_subgamas row_carousel_inside_cols&#8221;][vc_column width=&#8221;1\/3&#8243;]<div id=\"ult-carousel-178807762669d4c78933935\" class=\"ult-carousel-wrapper   ult_horizontal\" data-gutter=\"0\" data-rtl=\"false\" ><div class=\"ult-carousel-108844363869d4c789338e4 \" >[vc_single_image image=&#8221;8099&#8243; img_size=&#8221;full&#8221; onclick=&#8221;img_link_large&#8221; qode_css_animation=&#8221;&#8221;]<\/div><\/div>\t\t\t<script type=\"text\/javascript\">\r\n\t\t\t\tjQuery(document).ready(function ($) {\r\n\t\t\t\t\tif( typeof jQuery('.ult-carousel-108844363869d4c789338e4').slick == \"function\"){\r\n\t\t\t\t\t\t$('.ult-carousel-108844363869d4c789338e4').slick({dots: true,autoplaySpeed: 5000,speed: 300,infinite: true,arrows: true,nextArrow: '<button type=\"button\" role=\"button\" aria-label=\"Next\" style=\"color:#333333; font-size:20px;\" class=\"slick-next default\"><i class=\"ultsl-arrow-right6\"><\/i><\/button>',prevArrow: '<button type=\"button\" role=\"button\" aria-label=\"Previous\" style=\"color:#333333; font-size:20px;\" class=\"slick-prev default\"><i class=\"ultsl-arrow-left6\"><\/i><\/button>',slidesToScroll:1,slidesToShow:1,swipe: true,draggable: true,touchMove: true,pauseOnHover: true,pauseOnFocus: false,responsive: [\r\n\t\t\t\t\t\t\t{\r\n\t\t\t\t\t\t\t  breakpoint: 1026,\r\n\t\t\t\t\t\t\t  settings: {\r\n\t\t\t\t\t\t\t\tslidesToShow: 1,\r\n\t\t\t\t\t\t\t\tslidesToScroll: 1,  \r\n\t\t\t\t\t\t\t  }\r\n\t\t\t\t\t\t\t},\r\n\t\t\t\t\t\t\t{\r\n\t\t\t\t\t\t\t  breakpoint: 1025,\r\n\t\t\t\t\t\t\t  settings: {\r\n\t\t\t\t\t\t\t\tslidesToShow: 1,\r\n\t\t\t\t\t\t\t\tslidesToScroll: 1\r\n\t\t\t\t\t\t\t  }\r\n\t\t\t\t\t\t\t},\r\n\t\t\t\t\t\t\t{\r\n\t\t\t\t\t\t\t  breakpoint: 760,\r\n\t\t\t\t\t\t\t  settings: {\r\n\t\t\t\t\t\t\t\tslidesToShow: 1,\r\n\t\t\t\t\t\t\t\tslidesToScroll: 1\r\n\t\t\t\t\t\t\t  }\r\n\t\t\t\t\t\t\t}\r\n\t\t\t\t\t\t],pauseOnDotsHover: true,customPaging: function(slider, i) {\r\n                   return '<i type=\"button\" style= \"color:#333333;\" class=\"ultsl-radio-checked\" data-role=\"none\"><\/i>';\r\n                },});\r\n\t\t\t\t\t}\r\n\t\t\t\t});\r\n\t\t\t<\/script>\r\n\t\t\t[vc_column_text]<\/p>\n<h4>Cubica opaque<\/h4>\n<p>[\/vc_column_text][\/vc_column][vc_column width=&#8221;1\/3&#8243;]<div id=\"ult-carousel-154889376769d4c78933a73\" class=\"ult-carousel-wrapper   ult_horizontal\" data-gutter=\"0\" data-rtl=\"false\" ><div class=\"ult-carousel-383316793969d4c78933a14 \" >[vc_single_image image=&#8221;7928&#8243; img_size=&#8221;full&#8221; onclick=&#8221;img_link_large&#8221; qode_css_animation=&#8221;&#8221;]<\/div><\/div>\t\t\t<script type=\"text\/javascript\">\r\n\t\t\t\tjQuery(document).ready(function ($) {\r\n\t\t\t\t\tif( typeof jQuery('.ult-carousel-383316793969d4c78933a14').slick == \"function\"){\r\n\t\t\t\t\t\t$('.ult-carousel-383316793969d4c78933a14').slick({dots: true,autoplaySpeed: 5000,speed: 300,infinite: true,arrows: true,nextArrow: '<button type=\"button\" role=\"button\" aria-label=\"Next\" style=\"color:#333333; font-size:20px;\" class=\"slick-next default\"><i class=\"ultsl-arrow-right6\"><\/i><\/button>',prevArrow: '<button type=\"button\" role=\"button\" aria-label=\"Previous\" style=\"color:#333333; font-size:20px;\" class=\"slick-prev default\"><i class=\"ultsl-arrow-left6\"><\/i><\/button>',slidesToScroll:1,slidesToShow:1,swipe: true,draggable: true,touchMove: true,pauseOnHover: true,pauseOnFocus: false,responsive: [\r\n\t\t\t\t\t\t\t{\r\n\t\t\t\t\t\t\t  breakpoint: 1026,\r\n\t\t\t\t\t\t\t  settings: {\r\n\t\t\t\t\t\t\t\tslidesToShow: 1,\r\n\t\t\t\t\t\t\t\tslidesToScroll: 1,  \r\n\t\t\t\t\t\t\t  }\r\n\t\t\t\t\t\t\t},\r\n\t\t\t\t\t\t\t{\r\n\t\t\t\t\t\t\t  breakpoint: 1025,\r\n\t\t\t\t\t\t\t  settings: {\r\n\t\t\t\t\t\t\t\tslidesToShow: 1,\r\n\t\t\t\t\t\t\t\tslidesToScroll: 1\r\n\t\t\t\t\t\t\t  }\r\n\t\t\t\t\t\t\t},\r\n\t\t\t\t\t\t\t{\r\n\t\t\t\t\t\t\t  breakpoint: 760,\r\n\t\t\t\t\t\t\t  settings: {\r\n\t\t\t\t\t\t\t\tslidesToShow: 1,\r\n\t\t\t\t\t\t\t\tslidesToScroll: 1\r\n\t\t\t\t\t\t\t  }\r\n\t\t\t\t\t\t\t}\r\n\t\t\t\t\t\t],pauseOnDotsHover: true,customPaging: function(slider, i) {\r\n                   return '<i type=\"button\" style= \"color:#333333;\" class=\"ultsl-radio-checked\" data-role=\"none\"><\/i>';\r\n                },});\r\n\t\t\t\t\t}\r\n\t\t\t\t});\r\n\t\t\t<\/script>\r\n\t\t\t[vc_column_text]<\/p>\n<h4>Cubica s<\/h4>\n<p>[\/vc_column_text][\/vc_column][vc_column width=&#8221;1\/3&#8243;]<div id=\"ult-carousel-232371008969d4c78933b8a\" class=\"ult-carousel-wrapper   ult_horizontal\" data-gutter=\"0\" data-rtl=\"false\" ><div class=\"ult-carousel-184393559469d4c78933b28 \" >[vc_single_image image=&#8221;8103&#8243; img_size=&#8221;full&#8221; onclick=&#8221;img_link_large&#8221; qode_css_animation=&#8221;&#8221;]<\/div><\/div>\t\t\t<script type=\"text\/javascript\">\r\n\t\t\t\tjQuery(document).ready(function ($) {\r\n\t\t\t\t\tif( typeof jQuery('.ult-carousel-184393559469d4c78933b28').slick == \"function\"){\r\n\t\t\t\t\t\t$('.ult-carousel-184393559469d4c78933b28').slick({dots: true,autoplaySpeed: 5000,speed: 300,infinite: true,arrows: true,nextArrow: '<button type=\"button\" role=\"button\" aria-label=\"Next\" style=\"color:#000000; font-size:20px;\" class=\"slick-next default\"><i class=\"ultsl-arrow-right6\"><\/i><\/button>',prevArrow: '<button type=\"button\" role=\"button\" aria-label=\"Previous\" style=\"color:#000000; font-size:20px;\" class=\"slick-prev default\"><i class=\"ultsl-arrow-left6\"><\/i><\/button>',slidesToScroll:1,slidesToShow:1,swipe: true,draggable: true,touchMove: true,pauseOnHover: true,pauseOnFocus: false,responsive: [\r\n\t\t\t\t\t\t\t{\r\n\t\t\t\t\t\t\t  breakpoint: 1026,\r\n\t\t\t\t\t\t\t  settings: {\r\n\t\t\t\t\t\t\t\tslidesToShow: 1,\r\n\t\t\t\t\t\t\t\tslidesToScroll: 1,  \r\n\t\t\t\t\t\t\t  }\r\n\t\t\t\t\t\t\t},\r\n\t\t\t\t\t\t\t{\r\n\t\t\t\t\t\t\t  breakpoint: 1025,\r\n\t\t\t\t\t\t\t  settings: {\r\n\t\t\t\t\t\t\t\tslidesToShow: 1,\r\n\t\t\t\t\t\t\t\tslidesToScroll: 1\r\n\t\t\t\t\t\t\t  }\r\n\t\t\t\t\t\t\t},\r\n\t\t\t\t\t\t\t{\r\n\t\t\t\t\t\t\t  breakpoint: 760,\r\n\t\t\t\t\t\t\t  settings: {\r\n\t\t\t\t\t\t\t\tslidesToShow: 1,\r\n\t\t\t\t\t\t\t\tslidesToScroll: 1\r\n\t\t\t\t\t\t\t  }\r\n\t\t\t\t\t\t\t}\r\n\t\t\t\t\t\t],pauseOnDotsHover: true,customPaging: function(slider, i) {\r\n                   return '<i type=\"button\" style= \"color:#333333;\" class=\"ultsl-radio-checked\" data-role=\"none\"><\/i>';\r\n                },});\r\n\t\t\t\t\t}\r\n\t\t\t\t});\r\n\t\t\t<\/script>\r\n\t\t\t[vc_column_text]<\/p>\n<h4>Cubica v<\/h4>\n<p>[\/vc_column_text][\/vc_column][\/vc_row][vc_row css_animation=&#8221;&#8221; row_type=&#8221;row&#8221; use_row_as_full_screen_section=&#8221;no&#8221; type=&#8221;grid&#8221; angled_section=&#8221;no&#8221; text_align=&#8221;left&#8221; background_image_as_pattern=&#8221;without_pattern&#8221; z_index=&#8221;&#8221; el_class=&#8221;row_carousel_horizontal_grande&#8221;][vc_column][vc_row_inner row_type=&#8221;row&#8221; type=&#8221;full_width&#8221; text_align=&#8221;left&#8221; css_animation=&#8221;&#8221; el_class=&#8221;row_inner_subgamas_textos&#8221;][vc_column_inner offset=&#8221;vc_col-lg-6&#8243;][vc_column_text el_class=&#8221;block_text_headline&#8221;]<\/p>\n<h2>Accessoires<\/h2>\n<p>[\/vc_column_text][\/vc_column_inner][\/vc_row_inner]<div id=\"ult-carousel-174458289169d4c78933cd8\" class=\"ult-carousel-wrapper  block_carousel_wide_with_multiple_columns ult_horizontal\" data-gutter=\"15\" data-rtl=\"false\" ><div class=\"ult-carousel-273251565969d4c78933c40 \" >[vc_single_image image=&#8221;4939&#8243; img_size=&#8221;full&#8221; onclick=&#8221;img_link_large&#8221; qode_css_animation=&#8221;&#8221; title=&#8221;MA1&#8243; el_class=&#8221;block_image_temtexto_bottom&#8221;][vc_single_image image=&#8221;4008&#8243; img_size=&#8221;full&#8221; onclick=&#8221;img_link_large&#8221; qode_css_animation=&#8221;&#8221; title=&#8221;MA2&#8243; el_class=&#8221;block_image_temtexto_bottom&#8221;][vc_single_image image=&#8221;4009&#8243; img_size=&#8221;full&#8221; onclick=&#8221;img_link_large&#8221; qode_css_animation=&#8221;&#8221; title=&#8221;MA4&#8243; el_class=&#8221;block_image_temtexto_bottom&#8221;][vc_single_image image=&#8221;4010&#8243; img_size=&#8221;full&#8221; onclick=&#8221;img_link_large&#8221; qode_css_animation=&#8221;&#8221; title=&#8221;MA6&#8243; el_class=&#8221;block_image_temtexto_bottom&#8221;][vc_single_image image=&#8221;4011&#8243; img_size=&#8221;full&#8221; onclick=&#8221;img_link_large&#8221; qode_css_animation=&#8221;&#8221; title=&#8221;MA7&#8243; el_class=&#8221;block_image_temtexto_bottom&#8221;][vc_single_image image=&#8221;4004&#8243; img_size=&#8221;full&#8221; onclick=&#8221;img_link_large&#8221; qode_css_animation=&#8221;&#8221; title=&#8221;MA8&#8243; el_class=&#8221;block_image_temtexto_bottom&#8221;][vc_single_image image=&#8221;4005&#8243; img_size=&#8221;full&#8221; onclick=&#8221;img_link_large&#8221; qode_css_animation=&#8221;&#8221; title=&#8221;MA9&#8243; el_class=&#8221;block_image_temtexto_bottom&#8221;][vc_single_image image=&#8221;4002&#8243; img_size=&#8221;full&#8221; onclick=&#8221;img_link_large&#8221; qode_css_animation=&#8221;&#8221; title=&#8221;Charni\u00e8re 110\u00ba&#8221; el_class=&#8221;block_image_temtexto_bottom&#8221;][vc_single_image image=&#8221;4003&#8243; img_size=&#8221;full&#8221; onclick=&#8221;img_link_large&#8221; qode_css_animation=&#8221;&#8221; title=&#8221;Charni\u00e8re 180\u00ba&#8221; el_class=&#8221;block_image_temtexto_bottom&#8221;][vc_single_image image=&#8221;4006&#8243; img_size=&#8221;full&#8221; onclick=&#8221;img_link_large&#8221; qode_css_animation=&#8221;&#8221; title=&#8221;Profil\u00e9 m\u00e9tallique avec trous au pas de 32 mm&#8221; el_class=&#8221;block_image_temtexto_bottom&#8221;][vc_single_image image=&#8221;4007&#8243; img_size=&#8221;full&#8221; onclick=&#8221;img_link_large&#8221; qode_css_animation=&#8221;&#8221; title=&#8221;\u00c9tag\u00e8re en m\u00e9tal&#8221; el_class=&#8221;block_image_temtexto_bottom&#8221;]<\/div><\/div>\t\t\t<script type=\"text\/javascript\">\r\n\t\t\t\tjQuery(document).ready(function ($) {\r\n\t\t\t\t\tif( typeof jQuery('.ult-carousel-273251565969d4c78933c40').slick == \"function\"){\r\n\t\t\t\t\t\t$('.ult-carousel-273251565969d4c78933c40').slick({dots: true,autoplaySpeed: 5000,speed: 300,infinite: false,arrows: true,nextArrow: '<button type=\"button\" role=\"button\" aria-label=\"Next\" style=\"color:#000000; font-size:20px;\" class=\"slick-next default\"><i class=\"ultsl-arrow-right6\"><\/i><\/button>',prevArrow: '<button type=\"button\" role=\"button\" aria-label=\"Previous\" style=\"color:#000000; font-size:20px;\" class=\"slick-prev default\"><i class=\"ultsl-arrow-left6\"><\/i><\/button>',slidesToScroll:5,slidesToShow:5,swipe: true,draggable: true,touchMove: true,pauseOnHover: true,pauseOnFocus: false,responsive: [\r\n\t\t\t\t\t\t\t{\r\n\t\t\t\t\t\t\t  breakpoint: 1026,\r\n\t\t\t\t\t\t\t  settings: {\r\n\t\t\t\t\t\t\t\tslidesToShow: 5,\r\n\t\t\t\t\t\t\t\tslidesToScroll: 5,  \r\n\t\t\t\t\t\t\t  }\r\n\t\t\t\t\t\t\t},\r\n\t\t\t\t\t\t\t{\r\n\t\t\t\t\t\t\t  breakpoint: 1025,\r\n\t\t\t\t\t\t\t  settings: {\r\n\t\t\t\t\t\t\t\tslidesToShow: 3,\r\n\t\t\t\t\t\t\t\tslidesToScroll: 3\r\n\t\t\t\t\t\t\t  }\r\n\t\t\t\t\t\t\t},\r\n\t\t\t\t\t\t\t{\r\n\t\t\t\t\t\t\t  breakpoint: 760,\r\n\t\t\t\t\t\t\t  settings: {\r\n\t\t\t\t\t\t\t\tslidesToShow: 1,\r\n\t\t\t\t\t\t\t\tslidesToScroll: 1\r\n\t\t\t\t\t\t\t  }\r\n\t\t\t\t\t\t\t}\r\n\t\t\t\t\t\t],pauseOnDotsHover: true,customPaging: function(slider, i) {\r\n                   return '<i type=\"button\" style= \"color:#333333;\" class=\"ultsl-radio-checked\" data-role=\"none\"><\/i>';\r\n                },});\r\n\t\t\t\t\t}\r\n\t\t\t\t});\r\n\t\t\t<\/script>\r\n\t\t\t[\/vc_column][\/vc_row][vc_row css_animation=&#8221;&#8221; row_type=&#8221;row&#8221; use_row_as_full_screen_section=&#8221;no&#8221; type=&#8221;full_width&#8221; angled_section=&#8221;no&#8221; text_align=&#8221;left&#8221; background_image_as_pattern=&#8221;without_pattern&#8221;][vc_column][vc_empty_space height=&#8221;52px&#8221;][\/vc_column][\/vc_row]<\/p>\n<\/section>","protected":false},"excerpt":{"rendered":"<p>[vc_row css_animation=&#8221;&#8221; row_type=&#8221;row&#8221; use_row_as_full_screen_section=&#8221;no&#8221; type=&#8221;grid&#8221; angled_section=&#8221;no&#8221; text_align=&#8221;left&#8221; background_image_as_pattern=&#8221;without_pattern&#8221; css=&#8221;.vc_custom_1635698095249{padding-top: 52px !important;}&#8221; z_index=&#8221;&#8221;][vc_column offset=&#8221;vc_col-lg-8&#8243;][vc_column_text] CUBICA\u00ae [\/vc_column_text][\/vc_column][\/vc_row][vc_row css_animation=&#8221;&#8221; row_type=&#8221;row&#8221; use_row_as_full_screen_section=&#8221;no&#8221; type=&#8221;grid&#8221; angled_section=&#8221;no&#8221; text_align=&#8221;left&#8221; background_image_as_pattern=&#8221;without_pattern&#8221; z_index=&#8221;&#8221; css=&#8221;.vc_custom_1645574796177{padding-top: 52px !important;padding-bottom: 42px !important;}&#8221;][vc_column][\/vc_column][\/vc_row][vc_row css_animation=&#8221;&#8221; row_type=&#8221;row&#8221; use_row_as_full_screen_section=&#8221;no&#8221; type=&#8221;grid&#8221; angled_section=&#8221;no&#8221; text_align=&#8221;left&#8221; background_image_as_pattern=&#8221;without_pattern&#8221; z_index=&#8221;&#8221;][vc_column offset=&#8221;vc_col-lg-offset-1 vc_col-lg-6&#8243;][vc_column_text] Cubica est un syst\u00e8me d&#8217;armoires autoportantes compos\u00e9&#8230;<\/p>\n","protected":false},"author":2,"featured_media":0,"parent":6747,"menu_order":4,"comment_status":"closed","ping_status":"closed","template":"full_width.php","meta":{"_seopress_robots_primary_cat":"0","_seopress_titles_title":"Cloison CUBICA\u00ae %%sep%% %%sitename%%","_seopress_titles_desc":"Explorez le syst\u00e8me d'armoires de bureau Cubica\u00ae avec portes opaques ou vitr\u00e9es, disponible en nombreuses configurations pour optimiser votre espace de travail.","_seopress_robots_index":"","footnotes":""},"class_list":["post-6829","page","type-page","status-publish","hentry"],"_links":{"self":[{"href":"https:\/\/divilux.pt\/fr\/wp-json\/wp\/v2\/pages\/6829","targetHints":{"allow":["GET"]}}],"collection":[{"href":"https:\/\/divilux.pt\/fr\/wp-json\/wp\/v2\/pages"}],"about":[{"href":"https:\/\/divilux.pt\/fr\/wp-json\/wp\/v2\/types\/page"}],"author":[{"embeddable":true,"href":"https:\/\/divilux.pt\/fr\/wp-json\/wp\/v2\/users\/2"}],"replies":[{"embeddable":true,"href":"https:\/\/divilux.pt\/fr\/wp-json\/wp\/v2\/comments?post=6829"}],"version-history":[{"count":9,"href":"https:\/\/divilux.pt\/fr\/wp-json\/wp\/v2\/pages\/6829\/revisions"}],"predecessor-version":[{"id":8113,"href":"https:\/\/divilux.pt\/fr\/wp-json\/wp\/v2\/pages\/6829\/revisions\/8113"}],"up":[{"embeddable":true,"href":"https:\/\/divilux.pt\/fr\/wp-json\/wp\/v2\/pages\/6747"}],"wp:attachment":[{"href":"https:\/\/divilux.pt\/fr\/wp-json\/wp\/v2\/media?parent=6829"}],"curies":[{"name":"wp","href":"https:\/\/api.w.org\/{rel}","templated":true}]}}