{"id":6696,"date":"2021-10-31T15:47:01","date_gmt":"2021-10-31T15:47:01","guid":{"rendered":"https:\/\/divilux.pt\/a-propos-de-nous\/"},"modified":"2023-06-22T19:30:47","modified_gmt":"2023-06-22T18:30:47","slug":"a-propos-de-nous","status":"publish","type":"page","link":"https:\/\/divilux.pt\/fr\/a-propos-de-nous\/","title":{"rendered":"\u00c0 propos de nous"},"content":{"rendered":"<section class=\"wpb-content-wrapper\"><p>[vc_row css_animation=&#8221;&#8221; row_type=&#8221;row&#8221; use_row_as_full_screen_section=&#8221;no&#8221; type=&#8221;grid&#8221; angled_section=&#8221;no&#8221; text_align=&#8221;left&#8221; background_image_as_pattern=&#8221;without_pattern&#8221; css=&#8221;.vc_custom_1635698095249{padding-top: 52px !important;}&#8221; z_index=&#8221;&#8221;][vc_column offset=&#8221;vc_col-lg-8&#8243;][vc_column_text]<\/p>\n<h3>Transparence, fonctionnalit\u00e9 et design: des caract\u00e9ristiques que nous combinons pour cr\u00e9er nos cloisons.<\/h3>\n<p>[\/vc_column_text][\/vc_column][\/vc_row][vc_row css_animation=&#8221;&#8221; row_type=&#8221;row&#8221; use_row_as_full_screen_section=&#8221;no&#8221; type=&#8221;full_width&#8221; angled_section=&#8221;no&#8221; text_align=&#8221;left&#8221; background_image_as_pattern=&#8221;without_pattern&#8221; css=&#8221;.vc_custom_1647787546337{padding-top: 52px !important;padding-bottom: 52px !important;}&#8221; z_index=&#8221;&#8221;][vc_column][qode_elements_holder number_of_columns=&#8221;one_column&#8221;][qode_elements_holder_item advanced_animations=&#8221;no&#8221; item_padding=&#8221;0 5.7%&#8221; item_padding_480_600=&#8221;0 0 0 0&#8243; item_padding_480=&#8221;0 0 0 0&#8243; item_padding_768_1024=&#8221;0 3%&#8221; item_padding_600_768=&#8221;0 10.3%&#8221;]<div id=\"ultimate-video-337369ea15aa70cfa\" class=\"ult-video  ult-adjust-bottom-margin ultimate-video-337369ea15aa70cfa ultv-9881 \"><div class=\"ultv-video ultv-aspect-ratio-16_9 ultv-subscribe-responsive-none\" data-videotype=\"vimeo_video\">\r\n\t\t\t\t\t\t<div class=\"ultv-video__outer-wrap\" data-autoplay=\"0\" data-device=\"false\" data-defaulthoverbg=#bcafa9  data-iconbg=\"#3A3A3A\" data-overcolor=\"\" data-defaultbg=\"#000000\" data-defaultplay=\"defaulticon\"><div class=\"ultv-video__play\" data-src=\"https:\/\/player.vimeo.com\/video\/680801421?loop=0&amp;title=0&amp;portrait=0&amp;byline=0&amp;color=bcafa9&amp;autopause=0&amp;autoplay=1\">\r\n\t\t\t\t\t\t\t\t<img decoding=\"async\" class=\"ultv-video__thumb\" src=\"https:\/\/divilux.pt\/wp-content\/uploads\/2022\/03\/video_sobre_imagem_destaque.jpg\"\/>\r\n\t\t\t\t\t\t\t\t<div class=\"ultv-video__play-icon  ultv-animation-none\" style=\"width:72px\"><svg version=\"1.1\" height=\"100%\" width=\"100%\"  viewBox=\"0 14.375 95 66.25\"><path class=\"ultv-vimeo-icon-bg\" d=\"M12.5,14.375c-6.903,0-12.5,5.597-12.5,12.5v41.25c0,6.902,5.597,12.5,12.5,12.5h70c6.903,0,12.5-5.598,12.5-12.5v-41.25c0-6.903-5.597-12.5-12.5-12.5H12.5z\"\/><polygon fill=\"#FFFFFF\" points=\"39.992,64.299 39.992,30.701 62.075,47.5 \"\/><\/svg><\/div> <\/div> <\/div><\/div><\/div>[\/qode_elements_holder_item][\/qode_elements_holder][\/vc_column][\/vc_row][vc_row css_animation=&#8221;&#8221; row_type=&#8221;row&#8221; use_row_as_full_screen_section=&#8221;no&#8221; type=&#8221;grid&#8221; angled_section=&#8221;no&#8221; text_align=&#8221;left&#8221; background_image_as_pattern=&#8221;without_pattern&#8221; z_index=&#8221;&#8221;][vc_column offset=&#8221;vc_col-lg-offset-1 vc_col-lg-5&#8243;][vc_column_text]<\/p>\n<h6>Fond\u00e9e en 1990, Divilux se consacre \u00e0 la fabrication, au d\u00e9veloppement et \u00e0 l&#8217;installation de cloisons vitr\u00e9es et de syst\u00e8mes d&#8217;armoires int\u00e9gr\u00e9s.<\/h6>\n<p>[\/vc_column_text][\/vc_column][\/vc_row][vc_row css_animation=&#8221;&#8221; row_type=&#8221;row&#8221; use_row_as_full_screen_section=&#8221;no&#8221; type=&#8221;grid&#8221; angled_section=&#8221;no&#8221; text_align=&#8221;left&#8221; background_image_as_pattern=&#8221;without_pattern&#8221; z_index=&#8221;&#8221; css=&#8221;.vc_custom_1635698654611{padding-top: 52px !important;}&#8221;][vc_column offset=&#8221;vc_col-lg-offset-3 vc_col-lg-6&#8243;][vc_column_text css=&#8221;.vc_custom_1646257795055{padding-bottom: 32px !important;}&#8221;]La recherche de solutions innovantes qui ont permis l&#8217;\u00e9mergence de nouveaux produits a toujours fait partie de la dynamique interne de l&#8217;entreprise.<\/p>\n<p>Nous proposons une gamme de solutions de cloisons performantes qui d\u00e9finissent des espaces de travail qui ajoutent de la personnalit\u00e9 \u00e0 votre bureau:<\/p>\n<p><strong>metrica<sup>\u00ae<\/sup>, unica<sup>\u00ae<\/sup>, cubica<sup>\u00ae<\/sup>, ritmica<sup>\u00ae<\/sup><\/strong> et le dernier <strong>ritmica wood<sup>\u00ae<\/sup><\/strong>.[\/vc_column_text][\/vc_column][\/vc_row][vc_row css_animation=&#8221;&#8221; row_type=&#8221;row&#8221; use_row_as_full_screen_section=&#8221;no&#8221; type=&#8221;full_width&#8221; angled_section=&#8221;no&#8221; text_align=&#8221;left&#8221; background_image_as_pattern=&#8221;without_pattern&#8221; z_index=&#8221;&#8221;][vc_column offset=&#8221;vc_col-lg-offset-3 vc_col-lg-9&#8243;][qode_elements_holder number_of_columns=&#8221;one_column&#8221;][qode_elements_holder_item advanced_animations=&#8221;no&#8221; item_padding=&#8221;0 5.7% 0 22px&#8221; item_padding_768_1024=&#8221;0 4.5%&#8221; item_padding_600_768=&#8221;0 9.8%&#8221; item_padding_480_600=&#8221;0 0 0 0&#8243; item_padding_480=&#8221;0 0 0 0&#8243;][vc_single_image image=&#8221;8133&#8243; img_size=&#8221;full&#8221; qode_css_animation=&#8221;&#8221;][\/qode_elements_holder_item][\/qode_elements_holder][\/vc_column][\/vc_row][vc_row css_animation=&#8221;&#8221; row_type=&#8221;row&#8221; use_row_as_full_screen_section=&#8221;no&#8221; type=&#8221;grid&#8221; angled_section=&#8221;no&#8221; text_align=&#8221;left&#8221; background_image_as_pattern=&#8221;without_pattern&#8221; z_index=&#8221;&#8221; css=&#8221;.vc_custom_1647633116338{padding-top: 52px !important;padding-bottom: 102px !important;}&#8221;][vc_column offset=&#8221;vc_col-lg-offset-1 vc_col-lg-6&#8243;][vc_column_text]Au cours des 25 derni\u00e8res ann\u00e9es, <strong>divilux\u00ae<\/strong> a trac\u00e9 un chemin financier et op\u00e9rationnel s\u00e9rieux, progressif et soutenu, s&#8217;affirmant comme l&#8217;un des principaux acteurs nationaux du secteur qu&#8217;il repr\u00e9sente.<\/p>\n<p>Derri\u00e8re nos produits se cache une solide entreprise industrielle, avec une unit\u00e9 de production d&#8217;environ 4500 m2, dont 800 m2 de bureaux et de showrooms, et o\u00f9 nous valorisons la technologie moderne, la main-d&#8217;\u0153uvre hautement qualifi\u00e9e et le concept de travail d&#8217;\u00e9quipe.<\/p>\n<p>Toujours dans le processus de production, nos produits sont coup\u00e9s en hauteur et en largeur, selon les mesures fournies sur place, permettant une installation propre, rapide et efficace.<\/p>\n<p>Nous sommes une \u00e9quipe multidisciplinaire pr\u00eate \u00e0 vous aider avec les meilleures solutions pour votre projet, de la conception au d\u00e9veloppement de solutions personnalis\u00e9es.<\/p>\n<p>Venez nous rencontrer. Nous serons ravis de vous aider.[\/vc_column_text][\/vc_column][\/vc_row]<\/p>\n<\/section>","protected":false},"excerpt":{"rendered":"<p>[vc_row css_animation=&#8221;&#8221; row_type=&#8221;row&#8221; use_row_as_full_screen_section=&#8221;no&#8221; type=&#8221;grid&#8221; angled_section=&#8221;no&#8221; text_align=&#8221;left&#8221; background_image_as_pattern=&#8221;without_pattern&#8221; css=&#8221;.vc_custom_1635698095249{padding-top: 52px !important;}&#8221; z_index=&#8221;&#8221;][vc_column offset=&#8221;vc_col-lg-8&#8243;][vc_column_text] Transparence, fonctionnalit\u00e9 et design: des caract\u00e9ristiques que nous combinons pour cr\u00e9er nos cloisons. [\/vc_column_text][\/vc_column][\/vc_row][vc_row css_animation=&#8221;&#8221; row_type=&#8221;row&#8221; use_row_as_full_screen_section=&#8221;no&#8221; type=&#8221;full_width&#8221; angled_section=&#8221;no&#8221; text_align=&#8221;left&#8221; background_image_as_pattern=&#8221;without_pattern&#8221; css=&#8221;.vc_custom_1647787546337{padding-top: 52px !important;padding-bottom: 52px !important;}&#8221; z_index=&#8221;&#8221;][vc_column][qode_elements_holder number_of_columns=&#8221;one_column&#8221;][qode_elements_holder_item advanced_animations=&#8221;no&#8221; item_padding=&#8221;0 5.7%&#8221; item_padding_480_600=&#8221;0&#8230;<\/p>\n","protected":false},"author":1,"featured_media":0,"parent":0,"menu_order":0,"comment_status":"closed","ping_status":"closed","template":"full_width.php","meta":{"_seopress_robots_primary_cat":"0","_seopress_titles_title":"","_seopress_titles_desc":"D\u00e9couvrez les solutions de cloisons vitr\u00e9es de Divilux : innovation, design et fonctionnalit\u00e9 pour transformer vos espaces professionnels.","_seopress_robots_index":"","footnotes":""},"class_list":["post-6696","page","type-page","status-publish","hentry"],"_links":{"self":[{"href":"https:\/\/divilux.pt\/fr\/wp-json\/wp\/v2\/pages\/6696","targetHints":{"allow":["GET"]}}],"collection":[{"href":"https:\/\/divilux.pt\/fr\/wp-json\/wp\/v2\/pages"}],"about":[{"href":"https:\/\/divilux.pt\/fr\/wp-json\/wp\/v2\/types\/page"}],"author":[{"embeddable":true,"href":"https:\/\/divilux.pt\/fr\/wp-json\/wp\/v2\/users\/1"}],"replies":[{"embeddable":true,"href":"https:\/\/divilux.pt\/fr\/wp-json\/wp\/v2\/comments?post=6696"}],"version-history":[{"count":9,"href":"https:\/\/divilux.pt\/fr\/wp-json\/wp\/v2\/pages\/6696\/revisions"}],"predecessor-version":[{"id":8531,"href":"https:\/\/divilux.pt\/fr\/wp-json\/wp\/v2\/pages\/6696\/revisions\/8531"}],"wp:attachment":[{"href":"https:\/\/divilux.pt\/fr\/wp-json\/wp\/v2\/media?parent=6696"}],"curies":[{"name":"wp","href":"https:\/\/api.w.org\/{rel}","templated":true}]}}