{"id":6675,"date":"2022-03-18T01:54:49","date_gmt":"2022-03-18T01:54:49","guid":{"rendered":"https:\/\/divilux.pt\/informations-sur-la-resolution-des-litiges\/"},"modified":"2022-04-25T13:36:25","modified_gmt":"2022-04-25T12:36:25","slug":"informations-sur-la-resolution-des-litiges","status":"publish","type":"page","link":"https:\/\/divilux.pt\/fr\/informations-sur-la-resolution-des-litiges\/","title":{"rendered":"Informations sur la r\u00e9solution des litiges"},"content":{"rendered":"\n<div class=\"wp-block-columns is-layout-flex wp-container-core-columns-is-layout-1 wp-block-columns-is-layout-flex\">\n<div class=\"wp-block-column is-layout-flow wp-block-column-is-layout-flow\" style=\"flex-basis:25%\"><\/div>\n\n\n\n<div class=\"wp-block-column is-layout-flow wp-block-column-is-layout-flow\" style=\"flex-basis:50%\">\n<p>En cas de litige, le consommateur peut avoir recours \u00e0 une entit\u00e9 de r\u00e9solution alternative pour les litiges de consommation. Centre d&#8217;arbitrage des conflits de consommation de Porto <a href=\"http:\/\/www.cicap.pt\/\" target=\"_blank\" rel=\"noreferrer noopener\">http:\/\/www.cicap.pt<\/a>. <\/p>\n\n\n\n<p><\/p>\n\n\n\n<p>Plus d&#8217;informations sur Portal do Consumidor <a href=\"http:\/\/www.consumidor.pt\/\" target=\"_blank\" rel=\"noreferrer noopener\">www.consumidor.pt<\/a>.<\/p>\n<\/div>\n\n\n\n<div class=\"wp-block-column is-layout-flow wp-block-column-is-layout-flow\" style=\"flex-basis:25%\"><\/div>\n<\/div>\n\n<div style=\"height:100px\" aria-hidden=\"true\" class=\"wp-block-spacer\"><\/div>\n","protected":false},"excerpt":{"rendered":"<p>En cas de litige, le consommateur peut avoir recours \u00e0 une entit\u00e9 de r\u00e9solution alternative pour les litiges de consommation. Centre d&#8217;arbitrage des conflits de consommation de Porto http:\/\/www.cicap.pt. Plus d&#8217;informations sur Portal do Consumidor www.consumidor.pt.<\/p>\n","protected":false},"author":1,"featured_media":0,"parent":0,"menu_order":0,"comment_status":"closed","ping_status":"closed","template":"","meta":{"_seopress_robots_primary_cat":"0","_seopress_titles_title":"","_seopress_titles_desc":"","_seopress_robots_index":"yes","footnotes":""},"class_list":["post-6675","page","type-page","status-publish","hentry"],"_links":{"self":[{"href":"https:\/\/divilux.pt\/fr\/wp-json\/wp\/v2\/pages\/6675","targetHints":{"allow":["GET"]}}],"collection":[{"href":"https:\/\/divilux.pt\/fr\/wp-json\/wp\/v2\/pages"}],"about":[{"href":"https:\/\/divilux.pt\/fr\/wp-json\/wp\/v2\/types\/page"}],"author":[{"embeddable":true,"href":"https:\/\/divilux.pt\/fr\/wp-json\/wp\/v2\/users\/1"}],"replies":[{"embeddable":true,"href":"https:\/\/divilux.pt\/fr\/wp-json\/wp\/v2\/comments?post=6675"}],"version-history":[{"count":1,"href":"https:\/\/divilux.pt\/fr\/wp-json\/wp\/v2\/pages\/6675\/revisions"}],"predecessor-version":[{"id":6676,"href":"https:\/\/divilux.pt\/fr\/wp-json\/wp\/v2\/pages\/6675\/revisions\/6676"}],"wp:attachment":[{"href":"https:\/\/divilux.pt\/fr\/wp-json\/wp\/v2\/media?parent=6675"}],"curies":[{"name":"wp","href":"https:\/\/api.w.org\/{rel}","templated":true}]}}