{"id":9336,"date":"2024-04-13T16:23:23","date_gmt":"2024-04-13T15:23:23","guid":{"rendered":"https:\/\/divilux.pt\/soporte-2020\/"},"modified":"2024-04-13T17:01:30","modified_gmt":"2024-04-13T16:01:30","slug":"soporte-2020","status":"publish","type":"page","link":"https:\/\/divilux.pt\/es\/soporte-2020\/","title":{"rendered":"Soporte 2020"},"content":{"rendered":"<section class=\"wpb-content-wrapper\"><p>[vc_row css_animation=&#8221;&#8221; row_type=&#8221;row&#8221; use_row_as_full_screen_section=&#8221;no&#8221; type=&#8221;full_width&#8221; angled_section=&#8221;no&#8221; text_align=&#8221;left&#8221; background_image_as_pattern=&#8221;without_pattern&#8221; css=&#8221;.vc_custom_1713022111043{padding-bottom: 52px !important;}&#8221; z_index=&#8221;&#8221;][vc_column offset=&#8221;vc_col-lg-offset-3 vc_col-lg-6&#8243;][vc_single_image image=&#8221;8863&#8243; img_size=&#8221;full&#8221; alignment=&#8221;center&#8221; qode_css_animation=&#8221;&#8221; css=&#8221;.vc_custom_1713022132345{padding-top: 32px !important;}&#8221;][vc_empty_space][vc_column_text]<\/p>\n<h4 class=\"wp-block-heading\">Designaci\u00f3n del Proyecto<\/h4>\n<p>Proyecto para el Incremento de Capacidades Productivas a trav\u00e9s del Desarrollo de Nuevos Productos y Servicios para Completar la Presencia en la Cadena de Valor y Sostener la Presencia Internacional.<\/p>\n<p>C\u00f3digo del proyecto | CENTRE-02-0853-FEDER-000577<br \/>Objetivo principal | Fortalecer la competitividad de las peque\u00f1as y medianas empresas. Proteger el medio ambiente y promover la eficiencia de los recursos.<br \/>Regi\u00f3n de intervenci\u00f3n | NUT III Regi\u00e3o de Aveiro<br \/>Entidad Beneficiaria | Divilux &#8211; Divis\u00e3o de Espa\u00e7o, Lda.<br \/>Fecha de Aprobaci\u00f3n | 10-08-2015<br \/>Fecha de Inicio | 01-05-2015<br \/>Fecha de Conclusi\u00f3n | 30-04-2017<br \/>Costo Total Elegible | 1.102.379,15 euros<br \/>Apoyo Financiero de la Uni\u00f3n Europea | FEDER &#8211; 661.427,49 euros<\/p>\n<h4>Objetivos, Actividades y Resultados Esperados\/Logrados<\/h4>\n<p><strong>OBJETIVOS ESTRAT\u00c9GICOS<\/strong><\/p>\n<ul>\n<li>CUALITATIVO \u2013 LO QUE PRETENDEMOS HACER<\/li>\n<\/ul>\n<p>1. Ampliar la gama de productos para crecer en la cadena de valor y ofrecer proyectos integrados;<\/p>\n<p>2. Mejorar radicalmente los procesos de mecanizado as\u00ed como los de planificaci\u00f3n y control de producci\u00f3n para aumentar la productividad;<\/p>\n<p>3. Implementar una estrategia de marketing y comunicaci\u00f3n tradicional y digital para potenciar la presencia internacional de la empresa.<\/p>\n<p>&nbsp;<\/p>\n<ul>\n<li>CUANTITATIVO \u2013 DONDE QUIERES LLEGAR<\/li>\n<\/ul>\n<p>1. Aumentar el volumen de negocios en un 76% entre 2013 y 2019;<br \/>2. Aumentar la productividad por trabajador (VAB\/RH) en un 133% entre 2013 y 2019;<br \/>3. Alcanzar un volumen de negocios internacional de 1.449.940 euros en 2019.<\/p>\n<p><strong>ACTIVIDADES<\/strong><\/p>\n<p>1. Desarrollar nuevas l\u00edneas de divisiones innovadoras que combinen diferentes materiales y una l\u00ednea de mobiliario de oficina que, junto con nuevos sistemas de aislamiento ac\u00fastico, permita progresar en la cadena de valor hacia proyectos integrados de divisiones y soluciones de mobiliario de alta imagen;<\/p>\n<p>2. Introducir metodolog\u00edas de gesti\u00f3n, planificaci\u00f3n y control de la producci\u00f3n, desde la presupuestaci\u00f3n hasta el control del montaje, que permitan aumentar la eficiencia de los recursos y la gesti\u00f3n de inventarios, mediante la introducci\u00f3n de planes industriales y comerciales y de planes de producci\u00f3n;<\/p>\n<p>3. Reforzar la presencia internacional de la compa\u00f1\u00eda para compensar en los mercados exteriores la contracci\u00f3n del mercado interior derivada de la reciente situaci\u00f3n econ\u00f3mica, cuyos efectos se espera que persistan en los pr\u00f3ximos a\u00f1os;<\/p>\n<p>4. Desarrollar, a trav\u00e9s de constantes ejercicios de benchmarking, una estrategia de marketing y comunicaci\u00f3n basada en la presencia en ferias y visitas comerciales a clientes y metodolog\u00edas digitales innovadoras;<\/p>\n<p>5. Ampliar las capacidades productivas m\u00e1s all\u00e1 de la carpinter\u00eda y la cerrajer\u00eda mediante la introducci\u00f3n de una l\u00ednea de vidrio para reducir la dependencia de terceros y proporcionar a la empresa m\u00e1s capacidad para el desarrollo interno de soluciones;<\/p>\n<p>6. Comenzar a desarrollar sus sistemas de hileras y matrices para extrusi\u00f3n de perfiles de aluminio a trav\u00e9s de modulaci\u00f3n e impresi\u00f3n 3D para reducir los tiempos de desarrollo y aprobaci\u00f3n de estos.<\/p>\n<p><strong>INDICADORES DE RESULTADOS ESPERADOS:<\/strong><\/p>\n<p>l1 &#8211; Valor Agregado Bruto: 1.036.258,55 euros<br \/>I2 \u2013 Creaci\u00f3n de Empleos Calificados: 3 puestos de trabajo<br \/>I3 &#8211; Volumen de Negocios: 1.565.357,72 euros<\/p>\n<p><strong>INDICADORES DE RESULTADOS ALCANZADOS EN 2017:<\/strong><\/p>\n<p>I1 \u2013 Valor A\u00f1adido Bruto: -159.393,49 euros;<br \/>I2 \u2013 Creaci\u00f3n de Empleo Calificado (CEQ): 3 Empleos;<br \/>I3 \u2013 Facturaci\u00f3n: 111.838,40 euros<\/p>\n\r\n<p>&nbsp;<\/p>\r\n<p>[\/vc_column_text][\/vc_column][\/vc_row]<\/p><\/section>","protected":false},"excerpt":{"rendered":"<p>[vc_row css_animation=&#8221;&#8221; row_type=&#8221;row&#8221; use_row_as_full_screen_section=&#8221;no&#8221; type=&#8221;full_width&#8221; angled_section=&#8221;no&#8221; text_align=&#8221;left&#8221; background_image_as_pattern=&#8221;without_pattern&#8221; css=&#8221;.vc_custom_1713022111043{padding-bottom: 52px !important;}&#8221; z_index=&#8221;&#8221;][vc_column offset=&#8221;vc_col-lg-offset-3 vc_col-lg-6&#8243;][vc_single_image image=&#8221;8863&#8243; img_size=&#8221;full&#8221; alignment=&#8221;center&#8221; qode_css_animation=&#8221;&#8221; css=&#8221;.vc_custom_1713022132345{padding-top: 32px !important;}&#8221;][vc_empty_space][vc_column_text] Designaci\u00f3n del Proyecto Proyecto para el Incremento de Capacidades Productivas a trav\u00e9s del Desarrollo de Nuevos Productos y Servicios para Completar la Presencia en&#8230;<\/p>\n","protected":false},"author":1,"featured_media":0,"parent":0,"menu_order":0,"comment_status":"closed","ping_status":"closed","template":"","meta":{"_seopress_robots_primary_cat":"0","_seopress_titles_title":"","_seopress_titles_desc":"","_seopress_robots_index":"yes","footnotes":""},"class_list":["post-9336","page","type-page","status-publish","hentry"],"_links":{"self":[{"href":"https:\/\/divilux.pt\/es\/wp-json\/wp\/v2\/pages\/9336","targetHints":{"allow":["GET"]}}],"collection":[{"href":"https:\/\/divilux.pt\/es\/wp-json\/wp\/v2\/pages"}],"about":[{"href":"https:\/\/divilux.pt\/es\/wp-json\/wp\/v2\/types\/page"}],"author":[{"embeddable":true,"href":"https:\/\/divilux.pt\/es\/wp-json\/wp\/v2\/users\/1"}],"replies":[{"embeddable":true,"href":"https:\/\/divilux.pt\/es\/wp-json\/wp\/v2\/comments?post=9336"}],"version-history":[{"count":1,"href":"https:\/\/divilux.pt\/es\/wp-json\/wp\/v2\/pages\/9336\/revisions"}],"predecessor-version":[{"id":9337,"href":"https:\/\/divilux.pt\/es\/wp-json\/wp\/v2\/pages\/9336\/revisions\/9337"}],"wp:attachment":[{"href":"https:\/\/divilux.pt\/es\/wp-json\/wp\/v2\/media?parent=9336"}],"curies":[{"name":"wp","href":"https:\/\/api.w.org\/{rel}","templated":true}]}}