{"id":8827,"date":"2023-10-27T18:05:08","date_gmt":"2023-10-27T17:05:08","guid":{"rendered":"https:\/\/divilux.pt\/?page_id=8827"},"modified":"2024-04-13T16:47:21","modified_gmt":"2024-04-13T15:47:21","slug":"apoyo","status":"publish","type":"page","link":"https:\/\/divilux.pt\/es\/apoyo\/","title":{"rendered":"Apoyos"},"content":{"rendered":"<section class=\"wpb-content-wrapper\"><p>[vc_row css_animation=&#8221;&#8221; row_type=&#8221;row&#8221; use_row_as_full_screen_section=&#8221;no&#8221; type=&#8221;full_width&#8221; angled_section=&#8221;no&#8221; text_align=&#8221;left&#8221; background_image_as_pattern=&#8221;without_pattern&#8221; css=&#8221;.vc_custom_1713023124821{padding-bottom: 52px !important;}&#8221; z_index=&#8221;&#8221;][vc_column offset=&#8221;vc_col-lg-offset-3 vc_col-lg-6&#8243;][vc_single_image image=&#8221;9271&#8243; img_size=&#8221;full&#8221; alignment=&#8221;center&#8221; qode_css_animation=&#8221;&#8221;][vc_empty_space][vc_column_text]<\/p>\n<h4>Designaci\u00f3n del proyecto | Divilux + Sostenible<\/h4>\n<p>C\u00f3digo del proyecto | 4401<br \/>\nObjetivo principal | Impulsar la descarbonizaci\u00f3n del sector industrial y empresarial y promover un cambio de paradigma en la utilizaci\u00f3n de recursos.<br \/>\nEntidad beneficiaria | DIVILUX &#8211; DIVIS\u00c3O DE ESPA\u00c7O LDA<br \/>\nFecha de aprobaci\u00f3n | 14-03-2023<br \/>\nFecha de inicio | 01-03-2023<br \/>\nFecha de finalizaci\u00f3n | 31-12-2023 Inversi\u00f3n elegible | 84.112,00 euros<br \/>\nApoyo financiero del PRR y de la UE | 71.495,20 euros<\/p>\n<h4>Objetivos y resultados esperados\/logrados<\/h4>\n<p>El proyecto tiene como objetivo instalar procesos y equipos de bajo carbono e incorporar fuentes de energ\u00eda renovable y almacenamiento de energ\u00eda para reducir el consumo energ\u00e9tico y las emisiones de gases de efecto invernadero asociadas.<\/p>\n<p>Con la implementaci\u00f3n del proyecto, se espera que Divilux reduzca<br \/>\nlas emisiones de gases de efecto invernadero en un 31,31% y el consumo final de energ\u00eda en un 30,77%. Se prev\u00e9 la electrificaci\u00f3n de 62,60 kW del consumo final de energ\u00eda y la instalaci\u00f3n de una Unidad de Producci\u00f3n para Autoconsumo (UPAC) con una potencia de 59,40 kWp.<\/p>\n<h4>Inversiones previstas:<\/h4>\n<ul>\n<li>Sustituci\u00f3n del montacargas con consumo de combustible por un montacargas el\u00e9ctrico.<\/li>\n<li>Instalaci\u00f3n de un sistema solar fotovoltaico para la producci\u00f3n de energ\u00eda el\u00e9ctrica para autoconsumo.<\/li>\n<\/ul>\n<p>[\/vc_column_text][\/vc_column][\/vc_row]<\/p>\n<\/section>","protected":false},"excerpt":{"rendered":"<p>[vc_row css_animation=&#8221;&#8221; row_type=&#8221;row&#8221; use_row_as_full_screen_section=&#8221;no&#8221; type=&#8221;full_width&#8221; angled_section=&#8221;no&#8221; text_align=&#8221;left&#8221; background_image_as_pattern=&#8221;without_pattern&#8221; css=&#8221;.vc_custom_1713023124821{padding-bottom: 52px !important;}&#8221; z_index=&#8221;&#8221;][vc_column offset=&#8221;vc_col-lg-offset-3 vc_col-lg-6&#8243;][vc_single_image image=&#8221;9271&#8243; img_size=&#8221;full&#8221; alignment=&#8221;center&#8221; qode_css_animation=&#8221;&#8221;][vc_empty_space][vc_column_text] Designaci\u00f3n del proyecto | Divilux + Sostenible C\u00f3digo del proyecto | 4401 Objetivo principal | Impulsar la descarbonizaci\u00f3n del sector industrial y empresarial y promover un cambio&#8230;<\/p>\n","protected":false},"author":2,"featured_media":0,"parent":0,"menu_order":0,"comment_status":"closed","ping_status":"closed","template":"","meta":{"_seopress_robots_primary_cat":"0","_seopress_titles_title":"","_seopress_titles_desc":"","_seopress_robots_index":"yes","footnotes":""},"class_list":["post-8827","page","type-page","status-publish","hentry"],"_links":{"self":[{"href":"https:\/\/divilux.pt\/es\/wp-json\/wp\/v2\/pages\/8827","targetHints":{"allow":["GET"]}}],"collection":[{"href":"https:\/\/divilux.pt\/es\/wp-json\/wp\/v2\/pages"}],"about":[{"href":"https:\/\/divilux.pt\/es\/wp-json\/wp\/v2\/types\/page"}],"author":[{"embeddable":true,"href":"https:\/\/divilux.pt\/es\/wp-json\/wp\/v2\/users\/2"}],"replies":[{"embeddable":true,"href":"https:\/\/divilux.pt\/es\/wp-json\/wp\/v2\/comments?post=8827"}],"version-history":[{"count":13,"href":"https:\/\/divilux.pt\/es\/wp-json\/wp\/v2\/pages\/8827\/revisions"}],"predecessor-version":[{"id":9331,"href":"https:\/\/divilux.pt\/es\/wp-json\/wp\/v2\/pages\/8827\/revisions\/9331"}],"wp:attachment":[{"href":"https:\/\/divilux.pt\/es\/wp-json\/wp\/v2\/media?parent=8827"}],"curies":[{"name":"wp","href":"https:\/\/api.w.org\/{rel}","templated":true}]}}