{"id":7299,"date":"2022-05-17T19:59:25","date_gmt":"2022-05-17T18:59:25","guid":{"rendered":"https:\/\/divilux.pt\/acceso-de-miembros\/"},"modified":"2022-05-18T13:29:04","modified_gmt":"2022-05-18T12:29:04","slug":"acceso-de-miembros","status":"publish","type":"page","link":"https:\/\/divilux.pt\/es\/acceso-de-miembros\/","title":{"rendered":"Acceso exclusivo para miembros"},"content":{"rendered":"\n<p>La p\u00e1gina a la que intenta acceder est\u00e1 reservada para miembros con una cuenta registrada.<\/p>\n\n\n\n<div style=\"height:22px\" aria-hidden=\"true\" class=\"wp-block-spacer\"><\/div>\n\n\n\n<h3 class=\"wp-block-heading\">Registrar cuenta<\/h3>\n\n\n\n<p>Puedes <a href=\"https:\/\/divilux.pt\/es\/registro\/\">registrarte aqu\u00ed<\/a>.  <\/p>\n\n\n\n<div style=\"height:12px\" aria-hidden=\"true\" class=\"wp-block-spacer\"><\/div>\n\n\n\n<h3 class=\"wp-block-heading\">Iniciar sesi\u00f3n en la cuenta<\/h3>\n\n\n\n<p>\u00bfYa tienes una cuenta? <a href=\"https:\/\/divilux.pt\/es\/acceso\/\">Entra aqu\u00ed<\/a>.<\/p>\n\n\n\n<div style=\"height:92px\" aria-hidden=\"true\" class=\"wp-block-spacer\"><\/div>\n","protected":false},"excerpt":{"rendered":"<p>La p\u00e1gina a la que intenta acceder est\u00e1 reservada para miembros con una cuenta registrada. Registrar cuenta Puedes registrarte aqu\u00ed. Iniciar sesi\u00f3n en la cuenta \u00bfYa tienes una cuenta? Entra aqu\u00ed.<\/p>\n","protected":false},"author":1,"featured_media":0,"parent":0,"menu_order":0,"comment_status":"closed","ping_status":"closed","template":"","meta":{"_seopress_robots_primary_cat":"0","_seopress_titles_title":"","_seopress_titles_desc":"","_seopress_robots_index":"yes","footnotes":""},"class_list":["post-7299","page","type-page","status-publish","hentry"],"_links":{"self":[{"href":"https:\/\/divilux.pt\/es\/wp-json\/wp\/v2\/pages\/7299","targetHints":{"allow":["GET"]}}],"collection":[{"href":"https:\/\/divilux.pt\/es\/wp-json\/wp\/v2\/pages"}],"about":[{"href":"https:\/\/divilux.pt\/es\/wp-json\/wp\/v2\/types\/page"}],"author":[{"embeddable":true,"href":"https:\/\/divilux.pt\/es\/wp-json\/wp\/v2\/users\/1"}],"replies":[{"embeddable":true,"href":"https:\/\/divilux.pt\/es\/wp-json\/wp\/v2\/comments?post=7299"}],"version-history":[{"count":2,"href":"https:\/\/divilux.pt\/es\/wp-json\/wp\/v2\/pages\/7299\/revisions"}],"predecessor-version":[{"id":7390,"href":"https:\/\/divilux.pt\/es\/wp-json\/wp\/v2\/pages\/7299\/revisions\/7390"}],"wp:attachment":[{"href":"https:\/\/divilux.pt\/es\/wp-json\/wp\/v2\/media?parent=7299"}],"curies":[{"name":"wp","href":"https:\/\/api.w.org\/{rel}","templated":true}]}}