{"id":7102,"date":"2022-03-18T01:51:32","date_gmt":"2022-03-18T01:51:32","guid":{"rendered":"https:\/\/divilux.pt\/politica-de-cookies-2\/"},"modified":"2022-07-13T13:53:04","modified_gmt":"2022-07-13T12:53:04","slug":"politica-de-cookies","status":"publish","type":"page","link":"https:\/\/divilux.pt\/es\/politica-de-cookies\/","title":{"rendered":"Pol\u00edtica de Cookies"},"content":{"rendered":"\n<div class=\"wp-block-columns is-layout-flex wp-container-core-columns-is-layout-1 wp-block-columns-is-layout-flex\">\n<div class=\"wp-block-column is-layout-flow wp-block-column-is-layout-flow\" style=\"flex-basis:25%\"><\/div>\n\n\n\n<div class=\"wp-block-column is-layout-flow wp-block-column-is-layout-flow\" style=\"flex-basis:50%\">\n<h4 class=\"wp-block-heading\" id=\"1-o-que-sao-cookies\">1. \u00bfQu\u00e9 son las cookies?<\/h4>\n\n\n\n<p>Las <em>cookies<\/em> son peque\u00f1os archivos de texto que los sitios web que visita colocan en el navegador de su ordenador. Son ampliamente utilizados por los sitios web para que funcionen o mejoren su rendimiento, proporcionando informaci\u00f3n sobre usted a los propietarios de sitios web. La informaci\u00f3n retenida por las cookies revela preferencias de uso y no sus datos personales.<\/p>\n\n\n\n<div style=\"height:22px\" aria-hidden=\"true\" class=\"wp-block-spacer\"><\/div>\n\n\n\n<h4 class=\"wp-block-heading\" id=\"2-para-que-servem-os-cookies\">2. \u00bfPara qu\u00e9 sirven las cookies?<\/h4>\n\n\n\n<p>Las cookies son esenciales para permitir una navegaci\u00f3n m\u00e1s r\u00e1pida y eficiente, por ejemplo, eliminando la necesidad de ingresar repetidamente la misma informaci\u00f3n.<\/p>\n\n\n\n<div style=\"height:22px\" aria-hidden=\"true\" class=\"wp-block-spacer\"><\/div>\n\n\n\n<h4 class=\"wp-block-heading\" id=\"3-que-tipo-de-cookies-utilizamos\">3. \u00bfQu\u00e9 tipo de Cookies utilizamos?<\/h4>\n\n\n\n<p><strong>Cookies estrictamente necesarias:<\/strong> te permiten navegar por el sitio web y utilizar las aplicaciones y servicios que DIVILUX pone a tu disposici\u00f3n, como acceder a \u00e1reas seguras del sitio web. Sin estas cookies no se pueden prestar los servicios.<\/p>\n\n\n\n<p><strong>Cookies anal\u00edticas:<\/strong> permiten obtener datos agregados para an\u00e1lisis estad\u00edsticos y mejora del sitio web.<\/p>\n\n\n\n<p><strong>Cookies funcionales:<\/strong> permiten una navegaci\u00f3n f\u00e1cil e individualizada, ya que guardan las preferencias del usuario en cuanto al uso del sitio web, de forma que no es necesario volver a configurarlo en cada visita.<\/p>\n\n\n\n<p><strong>Cookies de terceros:<\/strong> en algunas p\u00e1ginas del sitio web de DIVILUX existen componentes puestos a disposici\u00f3n por terceros (p. ej. v\u00eddeos de Youtube, redes sociales, etc.) que utilizan cookies independientes de las gestionadas por DIVILUX.<\/p>\n\n\n\n<p><strong>Cookies publicitarias:<\/strong> Permiten orientar la publicidad en funci\u00f3n de los intereses de cada usuario, mediante la recopilaci\u00f3n de h\u00e1bitos de navegaci\u00f3n en Internet. De esta forma, la publicidad puesta a su disposici\u00f3n corresponder\u00e1 a sus necesidades.<\/p>\n\n\n\n<p>Algunas cookies utilizadas en los sitios web se eliminar\u00e1n de su dispositivo autom\u00e1ticamente cuando cierre la sesi\u00f3n de su navegador (llamadas &#8220;cookies de sesi\u00f3n&#8221;). Otros tipos de cookies permanecer\u00e1n en su ordenador y permitir\u00e1n identificar lo de la pr\u00f3xima vez que visite el sitio web (llamadas &#8220;cookies permanentes&#8221;).<\/p>\n\n\n\n<p>DIVILUX garantiza que con estas cookies no se almacena informaci\u00f3n personal.<\/p>\n\n\n\n<div style=\"height:22px\" aria-hidden=\"true\" class=\"wp-block-spacer\"><\/div>\n\n\n\n<h4 class=\"wp-block-heading\" id=\"4-como-desativar-os-cookies\">4. \u00bfC\u00f3mo deshabilitar las cookies?<\/h4>\n\n\n\n<p><strong>Microsoft Internet Explorer \/ Microsoft Edge:<\/strong> Hay varios niveles de activaci\u00f3n y desactivaci\u00f3n de cookies en Internet Explorer. Para obtener m\u00e1s informaci\u00f3n sobre la configuraci\u00f3n de cookies de Internet Explorer, consulte la siguiente p\u00e1gina de Microsoft en<a href=\"http:\/\/windows.microsoft.com\/pt-PT\/windows-vista\/Block-or-allow-cookies\">http:\/\/windows.microsoft.com\/pt-PT\/windows-vista\/Block-or-allow-cookies<\/a><\/p>\n\n\n\n<p><strong>Google Chrome<\/strong> Tiene control total sobre los permisos de cookies en Google Chrome. De forma predeterminada, todas las cookies est\u00e1n permitidas, pero puede ajustar esta configuraci\u00f3n. Si se han configurado o bloqueado cookies en la p\u00e1gina que est\u00e1 viendo, se muestra un icono al final de la barra de direcciones. Hay varios niveles de activaci\u00f3n y desactivaci\u00f3n de cookies en Google Chrome. Para obtener m\u00e1s informaci\u00f3n sobre la configuraci\u00f3n de cookies en Google Chrome, consulte la siguiente p\u00e1gina: <a href=\"http:\/\/support.google.com\/chrome\/bin\/answer.py?hl=pt&amp;answer=95647&amp;topic=14666&amp;ctx=topic\">http:\/\/support.google.com\/chrome\/bin\/answer.py?hl=pt&amp;answer=95647&amp;topic=14666&amp;ctx=topic<\/a><\/p>\n\n\n\n<p><strong>Mozilla Firefox<\/strong> Para deshabilitar todas las cookies en <a href=\"http:\/\/support.mozilla.org\/pt-PT\/kb\/Activar%20e%20Desactivar%20cookies?redirectlocale=en-US&amp;redirectslug=Enabling+and+disabling+cookies\">http:\/\/support.mozilla.org\/en-EN\/kb\/Enable and Disable Cookies?redirectlocale=en-US&amp;redirectslug=Enabling+and+disabling+cookies<\/a><\/p>\n\n\n\n<p><strong>Safari:<\/strong> Para deshabilitar todas las cookies en Safari: <a href=\"http:\/\/support.apple.com\/kb\/HT1677?viewlocale=pt_PTTodos\">support.apple.com\/kb\/HT1677?viewlocale=en_PTTodos.<\/a><\/p>\n\n\n\n<p><strong>Otros navegadores de Internet (navegador):<\/strong> busque en el men\u00fa de &#8220;ayuda&#8221; de su navegador o comun\u00edquese con su proveedor de navegador.<\/p>\n<\/div>\n\n\n\n<div class=\"wp-block-column is-layout-flow wp-block-column-is-layout-flow\" style=\"flex-basis:25%\"><\/div>\n<\/div>\n\n<div style=\"height:100px\" aria-hidden=\"true\" class=\"wp-block-spacer\"><\/div>\n","protected":false},"excerpt":{"rendered":"<p>1. \u00bfQu\u00e9 son las cookies? Las cookies son peque\u00f1os archivos de texto que los sitios web que visita colocan en el navegador de su ordenador. Son ampliamente utilizados por los sitios web para que funcionen o mejoren su rendimiento, proporcionando informaci\u00f3n sobre usted a los&#8230;<\/p>\n","protected":false},"author":1,"featured_media":0,"parent":0,"menu_order":0,"comment_status":"closed","ping_status":"closed","template":"","meta":{"_seopress_robots_primary_cat":"0","_seopress_titles_title":"","_seopress_titles_desc":"","_seopress_robots_index":"yes","footnotes":""},"class_list":["post-7102","page","type-page","status-publish","hentry"],"_links":{"self":[{"href":"https:\/\/divilux.pt\/es\/wp-json\/wp\/v2\/pages\/7102","targetHints":{"allow":["GET"]}}],"collection":[{"href":"https:\/\/divilux.pt\/es\/wp-json\/wp\/v2\/pages"}],"about":[{"href":"https:\/\/divilux.pt\/es\/wp-json\/wp\/v2\/types\/page"}],"author":[{"embeddable":true,"href":"https:\/\/divilux.pt\/es\/wp-json\/wp\/v2\/users\/1"}],"replies":[{"embeddable":true,"href":"https:\/\/divilux.pt\/es\/wp-json\/wp\/v2\/comments?post=7102"}],"version-history":[{"count":3,"href":"https:\/\/divilux.pt\/es\/wp-json\/wp\/v2\/pages\/7102\/revisions"}],"predecessor-version":[{"id":7467,"href":"https:\/\/divilux.pt\/es\/wp-json\/wp\/v2\/pages\/7102\/revisions\/7467"}],"wp:attachment":[{"href":"https:\/\/divilux.pt\/es\/wp-json\/wp\/v2\/media?parent=7102"}],"curies":[{"name":"wp","href":"https:\/\/api.w.org\/{rel}","templated":true}]}}