{"id":7100,"date":"2022-03-18T01:57:22","date_gmt":"2022-03-18T01:57:22","guid":{"rendered":"https:\/\/divilux.pt\/politica-de-calidad\/"},"modified":"2022-04-28T21:06:02","modified_gmt":"2022-04-28T20:06:02","slug":"politica-de-calidad","status":"publish","type":"page","link":"https:\/\/divilux.pt\/es\/politica-de-calidad\/","title":{"rendered":"Pol\u00edtica de calidad"},"content":{"rendered":"\r\n<div class=\"wp-block-columns is-layout-flex wp-container-core-columns-is-layout-1 wp-block-columns-is-layout-flex\">\r\n<div class=\"wp-block-column is-layout-flow wp-block-column-is-layout-flow\" style=\"flex-basis: 25%;\">\u00a0<\/div>\r\n\r\n\r\n\r\n<div class=\"wp-block-column is-layout-flow wp-block-column-is-layout-flow\" style=\"flex-basis: 50%;\">&#13;\n<p>DIVILUX \u2013 Divis\u00e3o de Espa\u00e7o, Lda, en el marco de su pol\u00edtica de calidad, determina su compromiso en el desarrollo de los siguiente puntos:<\/p>&#13;\n\r\n\r\n\r\n<div class=\"wp-block-spacer\" style=\"height: 12px;\" aria-hidden=\"true\">\u00a0<\/div>\r\n\r\n\r\n&#13;\n<ul class=\"wp-block-list\">&#13;\n<li>Consolidar una posici\u00f3n de liderazgo en el mercado, prestando un servicio global que comienza con la presentaci\u00f3n de soluciones y se extiende a trav\u00e9s del servicio postventa;<\/li>&#13;\n<li>Garantizar la satisfacci\u00f3n del cliente, buscando superar sus expectativas a trav\u00e9s del cumplimiento de sus requisitos legales y de otro tipo;<\/li>&#13;\n<li>Seguir la evoluci\u00f3n de nuevos procesos productivos con miras a mejorar el cumplimiento de sus productos;<\/li>&#13;\n<li>Dar valor y responsabilizar a los empleados, a trav\u00e9s de su participaci\u00f3n en un proceso de mejora continua y b\u00fasqueda de las mejores condiciones de trabajo y relaci\u00f3n interpersonal, uniendo esfuerzos individuales hacia la calidad y la productividad;<\/li>&#13;\n<li>Monitorear continuamente sus procesos con el fin de garantizar los objetivos definidos y as\u00ed proporcionar sustentabilidad organizacional;<\/li>&#13;\n<\/ul>&#13;\n\r\n\r\n\r\n<div class=\"wp-block-spacer\" style=\"height: 22px;\" aria-hidden=\"true\">\u00a0<\/div>\r\n\r\n\r\n&#13;\n<p>La organizaci\u00f3n se compromete a cumplir con los requisitos y a mejorar continuamente la eficacia de la Sistema de Gesti\u00f3n de la Calidad y desempe\u00f1o de la organizaci\u00f3n.<\/p>&#13;\n<\/div>\r\n\r\n\r\n\r\n<div class=\"wp-block-column is-layout-flow wp-block-column-is-layout-flow\" style=\"flex-basis: 25%;\">\u00a0<\/div>\r\n<\/div>\r\n\r\n<div class=\"wp-block-spacer\" style=\"height: 100px;\" aria-hidden=\"true\">\u00a0<\/div>\r\n","protected":false},"excerpt":{"rendered":"<p>\u00a0 &#13; DIVILUX \u2013 Divis\u00e3o de Espa\u00e7o, Lda, en el marco de su pol\u00edtica de calidad, determina su compromiso en el desarrollo de los siguiente puntos: &#13; &#13; &#13; Consolidar una posici\u00f3n de liderazgo en el mercado, prestando un servicio global que comienza con la&#8230;<\/p>\n","protected":false},"author":1,"featured_media":0,"parent":0,"menu_order":0,"comment_status":"closed","ping_status":"closed","template":"","meta":{"_seopress_robots_primary_cat":"0","_seopress_titles_title":"","_seopress_titles_desc":"","_seopress_robots_index":"yes","footnotes":""},"class_list":["post-7100","page","type-page","status-publish","hentry"],"_links":{"self":[{"href":"https:\/\/divilux.pt\/es\/wp-json\/wp\/v2\/pages\/7100","targetHints":{"allow":["GET"]}}],"collection":[{"href":"https:\/\/divilux.pt\/es\/wp-json\/wp\/v2\/pages"}],"about":[{"href":"https:\/\/divilux.pt\/es\/wp-json\/wp\/v2\/types\/page"}],"author":[{"embeddable":true,"href":"https:\/\/divilux.pt\/es\/wp-json\/wp\/v2\/users\/1"}],"replies":[{"embeddable":true,"href":"https:\/\/divilux.pt\/es\/wp-json\/wp\/v2\/comments?post=7100"}],"version-history":[{"count":1,"href":"https:\/\/divilux.pt\/es\/wp-json\/wp\/v2\/pages\/7100\/revisions"}],"predecessor-version":[{"id":7101,"href":"https:\/\/divilux.pt\/es\/wp-json\/wp\/v2\/pages\/7100\/revisions\/7101"}],"wp:attachment":[{"href":"https:\/\/divilux.pt\/es\/wp-json\/wp\/v2\/media?parent=7100"}],"curies":[{"name":"wp","href":"https:\/\/api.w.org\/{rel}","templated":true}]}}