{"id":6769,"date":"2022-03-18T01:43:09","date_gmt":"2022-03-18T01:43:09","guid":{"rendered":"https:\/\/divilux.pt\/privacidad\/"},"modified":"2022-05-10T13:57:13","modified_gmt":"2022-05-10T12:57:13","slug":"privacidad","status":"publish","type":"page","link":"https:\/\/divilux.pt\/es\/privacidad\/","title":{"rendered":"Pol\u00edtica de privacidad"},"content":{"rendered":"\n<div class=\"wp-block-columns is-layout-flex wp-container-core-columns-is-layout-1 wp-block-columns-is-layout-flex\">\n<div class=\"wp-block-column is-layout-flow wp-block-column-is-layout-flow\" style=\"flex-basis:25%\"><\/div>\n\n\n\n<div class=\"wp-block-column is-layout-flow wp-block-column-is-layout-flow\" style=\"flex-basis:50%\">\n<h3 class=\"wp-block-heading\" id=\"ambito-da-nossa-politica-de-privacidade\">Alcance de nuestra Pol\u00edtica de Privacidad<\/h3>\n\n\n\n<p>Divilux \u2013 Divis\u00e3o de Espa\u00e7o, Lda aplica esta Pol\u00edtica de Privacidad a su sitio web, respetando la privacidad de todos los datos personales recopilados de sus usuarios. A trav\u00e9s de esta Pol\u00edtica puede averiguar c\u00f3mo se recopilan, procesan y utilizan sus datos.<\/p>\n\n\n\n<p><span style=\"font-weight: 400;\">divilux\u00ae<\/span> se reserva el derecho de actualizar su Pol\u00edtica de Privacidad en cualquier momento.<br\/>Le informamos que sus datos no ser\u00e1n utilizados para ninguna finalidad distinta a las que se mencionan a continuaci\u00f3n.<\/p>\n\n\n\n<div style=\"height:32px\" aria-hidden=\"true\" class=\"wp-block-spacer\"><\/div>\n\n\n\n<h3 class=\"wp-block-heading\" id=\"responsavel-pelo-tratamento-dos-dados-pessoais\">Responsable del Tratamiento de Datos Personales<\/h3>\n\n\n\n<p>La entidad responsable del tratamiento de los datos personales es Divilux \u2013 Divis\u00e3o de Espa\u00e7o, Lda, con NIPC 502273763 y con sede en Zona Industrial Giesteira 3750-309 \u00c1GUEDA, que determina la finalidad y forma de tratamiento de los mismos.<br\/>Para m\u00e1s informaci\u00f3n y aclaraciones sobre este tema, puede contactarnos a trav\u00e9s de la direcci\u00f3n de correo electr\u00f3nico divilux@divilux.pt.<\/p>\n\n\n\n<div style=\"height:32px\" aria-hidden=\"true\" class=\"wp-block-spacer\"><\/div>\n\n\n\n<h3 class=\"wp-block-heading\" id=\"quando-e-como-recolhemos-os-dados-pessoais\">Cu\u00e1ndo y c\u00f3mo recopilamos datos personales<\/h3>\n\n\n\n<p>Sus datos se recopilan con su consentimiento para suscribirse a nuestro bolet\u00edn en l\u00ednea, en nuestro sitio web.<\/p>\n\n\n\n<div style=\"height:32px\" aria-hidden=\"true\" class=\"wp-block-spacer\"><\/div>\n\n\n\n<h3 class=\"wp-block-heading\" id=\"finalidades-do-tratamento\">Finalidad del tratamiento<\/h3>\n\n\n\n<p>Los datos recabados son tratados con la finalidad de desarrollar relaciones contractuales, difundir informaci\u00f3n comercial sobre nuestros productos, servicios y campa\u00f1as, y no se utilizan fuera de este \u00e1mbito.<\/p>\n\n\n\n<p>Sus datos personales no se utilizar\u00e1n para fines distintos a los descritos en esta pol\u00edtica de privacidad, sin que se le haya informado previamente o, en su caso, sin obtener su consentimiento.<\/p>\n\n\n\n<p>Las bases legales que legitiman el tratamiento de sus datos personales por parte de <span style=\"font-weight: 400;\">divilux\u00ae<\/span> son las siguientes:<\/p>\n\n\n\n<p>a) Consentimiento al suscribirse a nuestro bolet\u00edn de noticias;<br\/>b) Los datos personales son necesarios para la ejecuci\u00f3n de un contrato;<br\/>c) Los datos personales son necesarios para el cumplimiento de una obligaci\u00f3n legal a la que est\u00e1 sujeta <span style=\"font-weight: 400;\">divilux\u00ae<\/span>;<br\/>d) Los datos personales son necesarios para las finalidades de los intereses leg\u00edtimos que persigue <span style=\"font-weight: 400;\">divilux\u00ae<\/span>, siempre que prevalezcan sobre los intereses o derechos, libertades y garant\u00edas del interesado.<\/p>\n\n\n\n<div style=\"height:32px\" aria-hidden=\"true\" class=\"wp-block-spacer\"><\/div>\n\n\n\n<h3 class=\"wp-block-heading\" id=\"tempo-de-conservacao-dos-dados-pessoais\">Tiempo de conservaci\u00f3n de los datos personales<\/h3>\n\n\n\n<p>Sus datos ser\u00e1n recabados y almacenados durante el per\u00edodo que se considere necesario para el cumplimiento de las finalidades previstas, hasta la cancelaci\u00f3n de su suscripci\u00f3n a la newsletter o hasta que <span style=\"font-weight: 400;\">divilux\u00ae<\/span> no considere pertinente mantenerlos en su base de datos.<\/p>\n\n\n\n<div style=\"height:32px\" aria-hidden=\"true\" class=\"wp-block-spacer\"><\/div>\n\n\n\n<h3 class=\"wp-block-heading\" id=\"quem-tem-acesso-aos-dados\">Qui\u00e9n tiene acceso a los datos<\/h3>\n\n\n\n<p>Tus datos solo tienen acceso a <span style=\"font-weight: 400;\">divilux\u00ae<\/span>, excepto cuando se te pida consentimiento o cuando sea necesario para cumplir con obligaciones legales.<\/p>\n\n\n\n<div style=\"height:32px\" aria-hidden=\"true\" class=\"wp-block-spacer\"><\/div>\n\n\n\n<h3 class=\"wp-block-heading\" id=\"onde-sao-guardados-os-dados\">D\u00f3nde se almacenan los datos<\/h3>\n\n\n\n<p>Sus datos se almacenan en servidores de <span style=\"font-weight: 400;\">divilux\u00ae<\/span>, ubicados en la Uni\u00f3n Europea y que cuentan con mecanismos de seguridad y protecci\u00f3n garantizados para asegurar el cumplimiento de las leyes de privacidad aplicables.<\/p>\n\n\n\n<div style=\"height:32px\" aria-hidden=\"true\" class=\"wp-block-spacer\"><\/div>\n\n\n\n<h3 class=\"wp-block-heading\" id=\"direitos-do-titular-dos-dados\">Derechos del interesado<\/h3>\n\n\n\n<p>De acuerdo con lo dispuesto en el Reglamento General de Protecci\u00f3n de Datos, tienes derecho a solicitar a <span style=\"font-weight: 400;\">divilux\u00ae<\/span> el acceso a tus datos personales, as\u00ed como su rectificaci\u00f3n, supresi\u00f3n, limitaci\u00f3n del tratamiento que concierna al interesado o su derecho de acceso. tratamiento, as\u00ed como el derecho a la portabilidad de los datos, y el derecho a retirar el consentimiento en cualquier momento, sin comprometer la licitud del tratamiento realizado en base al consentimiento previamente prestado. Tambi\u00e9n tiene derecho a presentar una queja ante una autoridad supervisora \u200b\u200b(CNPD &#8211; Comiss\u00e3o Nacional de Prote\u00e7\u00e3o de Dados). En caso de que pretenda ejercer alguno de sus derechos o simplemente solicitar informaci\u00f3n, deber\u00e1 remitir su solicitud al correo electr\u00f3nico divilux@divilux.pt.<\/p>\n\n\n\n<p>En caso de cualquier violaci\u00f3n de sus datos personales, ser\u00e1 informado.<\/p>\n\n\n\n<p>Para <span style=\"font-weight: 400;\">divilux\u00ae<\/span> este es un tema muy importante y, en consecuencia, hemos tomado medidas internas para garantizar la confidencialidad y seguridad de sus datos personales.<\/p>\n\n\n\n<p>\u00a1Su privacidad es muy importante para nosotros!<\/p>\n\n\n\n<p>Fecha \u00faltima actualizaci\u00f3n: 10\/05\/2022<\/p>\n\n\n\n<div style=\"height:32px\" aria-hidden=\"true\" class=\"wp-block-spacer\"><\/div>\n\n\n\n<p><strong>Cookies<\/strong><\/p>\n\n\n\n<p>Por favor, acceda a la <a href=\"https:\/\/divilux.pt\/es\/politica-de-cookies\/\"><span style=\"text-decoration: underline;\">p\u00e1gina dedicada a las Cookies<\/span><\/a>.<\/p>\n<\/div>\n\n\n\n<div class=\"wp-block-column is-layout-flow wp-block-column-is-layout-flow\" style=\"flex-basis:25%\"><\/div>\n<\/div>\n\n<div style=\"height:100px\" aria-hidden=\"true\" class=\"wp-block-spacer\"><\/div>\n\n<p><\/p>\n","protected":false},"excerpt":{"rendered":"<p>Alcance de nuestra Pol\u00edtica de Privacidad Divilux \u2013 Divis\u00e3o de Espa\u00e7o, Lda aplica esta Pol\u00edtica de Privacidad a su sitio web, respetando la privacidad de todos los datos personales recopilados de sus usuarios. A trav\u00e9s de esta Pol\u00edtica puede averiguar c\u00f3mo se recopilan, procesan y&#8230;<\/p>\n","protected":false},"author":1,"featured_media":0,"parent":0,"menu_order":0,"comment_status":"closed","ping_status":"closed","template":"","meta":{"_seopress_robots_primary_cat":"0","_seopress_titles_title":"","_seopress_titles_desc":"","_seopress_robots_index":"yes","footnotes":""},"class_list":["post-6769","page","type-page","status-publish","hentry"],"_links":{"self":[{"href":"https:\/\/divilux.pt\/es\/wp-json\/wp\/v2\/pages\/6769","targetHints":{"allow":["GET"]}}],"collection":[{"href":"https:\/\/divilux.pt\/es\/wp-json\/wp\/v2\/pages"}],"about":[{"href":"https:\/\/divilux.pt\/es\/wp-json\/wp\/v2\/types\/page"}],"author":[{"embeddable":true,"href":"https:\/\/divilux.pt\/es\/wp-json\/wp\/v2\/users\/1"}],"replies":[{"embeddable":true,"href":"https:\/\/divilux.pt\/es\/wp-json\/wp\/v2\/comments?post=6769"}],"version-history":[{"count":2,"href":"https:\/\/divilux.pt\/es\/wp-json\/wp\/v2\/pages\/6769\/revisions"}],"predecessor-version":[{"id":7252,"href":"https:\/\/divilux.pt\/es\/wp-json\/wp\/v2\/pages\/6769\/revisions\/7252"}],"wp:attachment":[{"href":"https:\/\/divilux.pt\/es\/wp-json\/wp\/v2\/media?parent=6769"}],"curies":[{"name":"wp","href":"https:\/\/api.w.org\/{rel}","templated":true}]}}