{"id":6735,"date":"2022-02-24T16:24:55","date_gmt":"2022-02-24T16:24:55","guid":{"rendered":"https:\/\/divilux.pt\/tailor\/"},"modified":"2022-04-25T15:01:43","modified_gmt":"2022-04-25T14:01:43","slug":"tailor","status":"publish","type":"page","link":"https:\/\/divilux.pt\/es\/gamas\/tailor\/","title":{"rendered":"<span>8<\/span> tailor"},"content":{"rendered":"<section class=\"wpb-content-wrapper\"><p>[vc_row css_animation=&#8221;&#8221; row_type=&#8221;row&#8221; use_row_as_full_screen_section=&#8221;no&#8221; type=&#8221;grid&#8221; angled_section=&#8221;no&#8221; text_align=&#8221;left&#8221; background_image_as_pattern=&#8221;without_pattern&#8221; css=&#8221;.vc_custom_1635698095249{padding-top: 52px !important;}&#8221; z_index=&#8221;&#8221;][vc_column offset=&#8221;vc_col-lg-8&#8243;][vc_column_text]<\/p>\n<h1>tailor<\/h1>\n<p>[\/vc_column_text][\/vc_column][\/vc_row][vc_row css_animation=&#8221;&#8221; row_type=&#8221;row&#8221; use_row_as_full_screen_section=&#8221;no&#8221; type=&#8221;grid&#8221; angled_section=&#8221;no&#8221; text_align=&#8221;left&#8221; background_image_as_pattern=&#8221;without_pattern&#8221; z_index=&#8221;&#8221; css=&#8221;.vc_custom_1645574796177{padding-top: 52px !important;padding-bottom: 42px !important;}&#8221;][vc_column]<div id=\"ult-carousel-304394930869d4934ac793f\" class=\"ult-carousel-wrapper  block_carousel_wide_with_one_column ult_horizontal\" data-gutter=\"0\" data-rtl=\"false\" ><div class=\"ult-carousel-181996271169d4934ac7871 \" >[vc_single_image image=&#8221;3921&#8243; img_size=&#8221;full&#8221; alignment=&#8221;center&#8221; onclick=&#8221;img_link_large&#8221; qode_css_animation=&#8221;&#8221;][vc_single_image image=&#8221;3922&#8243; img_size=&#8221;full&#8221; alignment=&#8221;center&#8221; onclick=&#8221;img_link_large&#8221; qode_css_animation=&#8221;&#8221;][vc_single_image image=&#8221;3923&#8243; img_size=&#8221;full&#8221; alignment=&#8221;center&#8221; onclick=&#8221;img_link_large&#8221; qode_css_animation=&#8221;&#8221;][vc_single_image image=&#8221;3924&#8243; img_size=&#8221;full&#8221; alignment=&#8221;center&#8221; onclick=&#8221;img_link_large&#8221; qode_css_animation=&#8221;&#8221;][vc_single_image image=&#8221;3925&#8243; img_size=&#8221;full&#8221; alignment=&#8221;center&#8221; onclick=&#8221;img_link_large&#8221; qode_css_animation=&#8221;&#8221;]<\/div><\/div>\t\t\t<script type=\"text\/javascript\">\r\n\t\t\t\tjQuery(document).ready(function ($) {\r\n\t\t\t\t\tif( typeof jQuery('.ult-carousel-181996271169d4934ac7871').slick == \"function\"){\r\n\t\t\t\t\t\t$('.ult-carousel-181996271169d4934ac7871').slick({dots: true,autoplay: true,autoplaySpeed: 4000,speed: 300,infinite: true,arrows: true,nextArrow: '<button type=\"button\" role=\"button\" aria-label=\"Next\" style=\"color:#333333; font-size:20px;\" class=\"slick-next default\"><i class=\"ultsl-arrow-right6\"><\/i><\/button>',prevArrow: '<button type=\"button\" role=\"button\" aria-label=\"Previous\" style=\"color:#333333; font-size:20px;\" class=\"slick-prev default\"><i class=\"ultsl-arrow-left6\"><\/i><\/button>',slidesToScroll:1,slidesToShow:1,swipe: true,draggable: true,touchMove: true,pauseOnHover: true,pauseOnFocus: false,responsive: [\r\n\t\t\t\t\t\t\t{\r\n\t\t\t\t\t\t\t  breakpoint: 1026,\r\n\t\t\t\t\t\t\t  settings: {\r\n\t\t\t\t\t\t\t\tslidesToShow: 1,\r\n\t\t\t\t\t\t\t\tslidesToScroll: 1,  \r\n\t\t\t\t\t\t\t  }\r\n\t\t\t\t\t\t\t},\r\n\t\t\t\t\t\t\t{\r\n\t\t\t\t\t\t\t  breakpoint: 1025,\r\n\t\t\t\t\t\t\t  settings: {\r\n\t\t\t\t\t\t\t\tslidesToShow: 1,\r\n\t\t\t\t\t\t\t\tslidesToScroll: 1\r\n\t\t\t\t\t\t\t  }\r\n\t\t\t\t\t\t\t},\r\n\t\t\t\t\t\t\t{\r\n\t\t\t\t\t\t\t  breakpoint: 760,\r\n\t\t\t\t\t\t\t  settings: {\r\n\t\t\t\t\t\t\t\tslidesToShow: 1,\r\n\t\t\t\t\t\t\t\tslidesToScroll: 1\r\n\t\t\t\t\t\t\t  }\r\n\t\t\t\t\t\t\t}\r\n\t\t\t\t\t\t],pauseOnDotsHover: true,customPaging: function(slider, i) {\r\n                   return '<i type=\"button\" style= \"color:#333333;\" class=\"ultsl-radio-checked\" data-role=\"none\"><\/i>';\r\n                },});\r\n\t\t\t\t\t}\r\n\t\t\t\t});\r\n\t\t\t<\/script>\r\n\t\t\t[\/vc_column][\/vc_row][vc_row css_animation=&#8221;&#8221; row_type=&#8221;row&#8221; use_row_as_full_screen_section=&#8221;no&#8221; type=&#8221;grid&#8221; angled_section=&#8221;no&#8221; text_align=&#8221;left&#8221; background_image_as_pattern=&#8221;without_pattern&#8221; z_index=&#8221;&#8221;][vc_column offset=&#8221;vc_col-lg-offset-1 vc_col-lg-6&#8243;][vc_column_text]<\/p>\n<h5>Desde hace m\u00e1s de 30 a\u00f1os, <strong>divilux<sup>\u00ae<\/sup><\/strong> ofrece lo mejor en mamparas para oficinas, con una cuidada selecci\u00f3n de materiales de calidad y especial atenci\u00f3n a los acabados de los productos.<\/h5>\n<p>[\/vc_column_text][\/vc_column][\/vc_row][vc_row css_animation=&#8221;&#8221; row_type=&#8221;row&#8221; use_row_as_full_screen_section=&#8221;no&#8221; type=&#8221;grid&#8221; angled_section=&#8221;no&#8221; text_align=&#8221;left&#8221; background_image_as_pattern=&#8221;without_pattern&#8221; css=&#8221;.vc_custom_1647010818478{padding-top: 32px !important;}&#8221; z_index=&#8221;&#8221;][vc_column offset=&#8221;vc_col-lg-offset-2 vc_col-lg-6&#8243;][vc_column_text]Nuestra experiencia y know-how nos permite trabajar en proyectos desde la fase de desarrollo hasta la ejecuci\u00f3n y realizaci\u00f3n de los mismos, creando esta experiencia 360\u00ba que llamamos Tailor.<\/p>\n<p>Nos aseguramos de que pueda elegir entre las mejores soluciones disponibles en el mercado para crear su espacio de trabajo ideal.<\/p>\n<p>Trabajamos con usted para asegurar la mejor soluci\u00f3n en t\u00e9rminos de eficiencia, estilo armonioso y la perfecta integraci\u00f3n de todos los elementos utilizados, sin perder nunca la calidad y la elegancia que caracterizan los proyectos de Divilux.<\/p>\n<p>Desde mamparas y muebles, que producimos internamente, as\u00ed como, gracias a las colaboraciones con los mejores fabricantes portugueses del sector, podemos ofrecerle suelos flotantes, falsos techos y iluminaci\u00f3n.<\/p>\n<p>Esta nueva experiencia permite transformar los espacios de trabajo en espacios modernos y elegantes, proporcionando una perfecta integraci\u00f3n de todos sus elementos y garantizando la calidad y elegancia que caracterizan nuestras creaciones.[\/vc_column_text][vc_empty_space]<a  itemprop=\"url\" href=\"https:\/\/divilux.pt\/contactos\/\" target=\"_self\"  class=\"qbutton  default\" style=\"\">Solicitar presupuesto<\/a>[\/vc_column][\/vc_row][vc_row css_animation=&#8221;&#8221; row_type=&#8221;row&#8221; use_row_as_full_screen_section=&#8221;no&#8221; type=&#8221;full_width&#8221; angled_section=&#8221;no&#8221; text_align=&#8221;left&#8221; background_image_as_pattern=&#8221;without_pattern&#8221;][vc_column][vc_empty_space height=&#8221;52px&#8221;][\/vc_column][\/vc_row]<\/p>\n<\/section>","protected":false},"excerpt":{"rendered":"<p>[vc_row css_animation=&#8221;&#8221; row_type=&#8221;row&#8221; use_row_as_full_screen_section=&#8221;no&#8221; type=&#8221;grid&#8221; angled_section=&#8221;no&#8221; text_align=&#8221;left&#8221; background_image_as_pattern=&#8221;without_pattern&#8221; css=&#8221;.vc_custom_1635698095249{padding-top: 52px !important;}&#8221; z_index=&#8221;&#8221;][vc_column offset=&#8221;vc_col-lg-8&#8243;][vc_column_text] tailor [\/vc_column_text][\/vc_column][\/vc_row][vc_row css_animation=&#8221;&#8221; row_type=&#8221;row&#8221; use_row_as_full_screen_section=&#8221;no&#8221; type=&#8221;grid&#8221; angled_section=&#8221;no&#8221; text_align=&#8221;left&#8221; background_image_as_pattern=&#8221;without_pattern&#8221; z_index=&#8221;&#8221; css=&#8221;.vc_custom_1645574796177{padding-top: 52px !important;padding-bottom: 42px !important;}&#8221;][vc_column][\/vc_column][\/vc_row][vc_row css_animation=&#8221;&#8221; row_type=&#8221;row&#8221; use_row_as_full_screen_section=&#8221;no&#8221; type=&#8221;grid&#8221; angled_section=&#8221;no&#8221; text_align=&#8221;left&#8221; background_image_as_pattern=&#8221;without_pattern&#8221; z_index=&#8221;&#8221;][vc_column offset=&#8221;vc_col-lg-offset-1 vc_col-lg-6&#8243;][vc_column_text] Desde hace m\u00e1s de 30 a\u00f1os, divilux\u00ae&#8230;<\/p>\n","protected":false},"author":2,"featured_media":0,"parent":6744,"menu_order":8,"comment_status":"closed","ping_status":"closed","template":"full_width.php","meta":{"_seopress_robots_primary_cat":"0","_seopress_titles_title":"tailor - Gamas %%sep%% %%sitename%%","_seopress_titles_desc":"Transforma tu oficina con Divilux: mamparas, muebles y m\u00e1s, para un espacio moderno y elegante. Experiencia 360\u00ba garantizada.","_seopress_robots_index":"","footnotes":""},"class_list":["post-6735","page","type-page","status-publish","hentry"],"_links":{"self":[{"href":"https:\/\/divilux.pt\/es\/wp-json\/wp\/v2\/pages\/6735","targetHints":{"allow":["GET"]}}],"collection":[{"href":"https:\/\/divilux.pt\/es\/wp-json\/wp\/v2\/pages"}],"about":[{"href":"https:\/\/divilux.pt\/es\/wp-json\/wp\/v2\/types\/page"}],"author":[{"embeddable":true,"href":"https:\/\/divilux.pt\/es\/wp-json\/wp\/v2\/users\/2"}],"replies":[{"embeddable":true,"href":"https:\/\/divilux.pt\/es\/wp-json\/wp\/v2\/comments?post=6735"}],"version-history":[{"count":2,"href":"https:\/\/divilux.pt\/es\/wp-json\/wp\/v2\/pages\/6735\/revisions"}],"predecessor-version":[{"id":6737,"href":"https:\/\/divilux.pt\/es\/wp-json\/wp\/v2\/pages\/6735\/revisions\/6737"}],"up":[{"embeddable":true,"href":"https:\/\/divilux.pt\/es\/wp-json\/wp\/v2\/pages\/6744"}],"wp:attachment":[{"href":"https:\/\/divilux.pt\/es\/wp-json\/wp\/v2\/media?parent=6735"}],"curies":[{"name":"wp","href":"https:\/\/api.w.org\/{rel}","templated":true}]}}