{"id":6702,"date":"2021-10-29T13:16:21","date_gmt":"2021-10-29T12:16:21","guid":{"rendered":"https:\/\/divilux.pt\/pagina-principal\/"},"modified":"2025-11-22T18:39:14","modified_gmt":"2025-11-22T18:39:14","slug":"inicio","status":"publish","type":"page","link":"https:\/\/divilux.pt\/es\/","title":{"rendered":"Inicio"},"content":{"rendered":"<section class=\"wpb-content-wrapper\"><p>[vc_row css_animation=&#8221;&#8221; row_type=&#8221;row&#8221; use_row_as_full_screen_section=&#8221;no&#8221; type=&#8221;grid&#8221; angled_section=&#8221;no&#8221; text_align=&#8221;left&#8221; background_image_as_pattern=&#8221;without_pattern&#8221; z_index=&#8221;&#8221; css=&#8221;.vc_custom_1635596604099{padding-top: 52px !important;}&#8221;][vc_column offset=&#8221;vc_col-lg-offset-7 vc_col-lg-5&#8243;][vc_column_text]<\/p>\n<h1>Dise\u00f1o minimalista, ligereza y robustez.<\/h1>\n<p>[\/vc_column_text][\/vc_column][\/vc_row][vc_row css_animation=&#8221;&#8221; row_type=&#8221;row&#8221; use_row_as_full_screen_section=&#8221;no&#8221; type=&#8221;grid&#8221; angled_section=&#8221;no&#8221; text_align=&#8221;center&#8221; background_image_as_pattern=&#8221;without_pattern&#8221; css=&#8221;.vc_custom_1635514039160{padding-top: 52px !important;padding-bottom: 52px !important;}&#8221; z_index=&#8221;&#8221;][vc_column]<div id=\"ult-carousel-322487340169e77142f3036\" class=\"ult-carousel-wrapper  block_carousel_wide_with_one_column ult_horizontal\" data-gutter=\"\" data-rtl=\"false\" ><div class=\"ult-carousel-414800272469e77142f2f82 \" >[vc_single_image image=&#8221;11469&#8243; img_size=&#8221;full&#8221; alignment=&#8221;center&#8221; onclick=&#8221;custom_link&#8221; qode_css_animation=&#8221;&#8221; link=&#8221;https:\/\/divilux.pt\/es\/invitacion-architect-at-work-2025\/&#8221;][vc_single_image image=&#8221;10338&#8243; img_size=&#8221;full&#8221; alignment=&#8221;center&#8221; qode_css_animation=&#8221;&#8221;][vc_single_image image=&#8221;10342&#8243; img_size=&#8221;full&#8221; alignment=&#8221;center&#8221; qode_css_animation=&#8221;&#8221;][vc_single_image image=&#8221;4167&#8243; img_size=&#8221;full&#8221; alignment=&#8221;center&#8221; qode_css_animation=&#8221;&#8221;][vc_single_image image=&#8221;4328&#8243; img_size=&#8221;full&#8221; alignment=&#8221;center&#8221; qode_css_animation=&#8221;&#8221;][vc_single_image image=&#8221;4169&#8243; img_size=&#8221;full&#8221; alignment=&#8221;center&#8221; qode_css_animation=&#8221;&#8221;][vc_single_image image=&#8221;4170&#8243; img_size=&#8221;full&#8221; alignment=&#8221;center&#8221; qode_css_animation=&#8221;&#8221;]<\/div><\/div>\t\t\t<script type=\"text\/javascript\">\r\n\t\t\t\tjQuery(document).ready(function ($) {\r\n\t\t\t\t\tif( typeof jQuery('.ult-carousel-414800272469e77142f2f82').slick == \"function\"){\r\n\t\t\t\t\t\t$('.ult-carousel-414800272469e77142f2f82').slick({dots: true,autoplay: true,autoplaySpeed: 5000,speed: 300,infinite: true,arrows: true,nextArrow: '<button type=\"button\" role=\"button\" aria-label=\"Next\" style=\"color:#333333; font-size:20px;\" class=\"slick-next default\"><i class=\"ultsl-arrow-right6\"><\/i><\/button>',prevArrow: '<button type=\"button\" role=\"button\" aria-label=\"Previous\" style=\"color:#333333; font-size:20px;\" class=\"slick-prev default\"><i class=\"ultsl-arrow-left6\"><\/i><\/button>',slidesToScroll:1,slidesToShow:1,swipe: true,draggable: true,touchMove: true,pauseOnHover: false,pauseOnFocus: false,responsive: [\r\n\t\t\t\t\t\t\t{\r\n\t\t\t\t\t\t\t  breakpoint: 1026,\r\n\t\t\t\t\t\t\t  settings: {\r\n\t\t\t\t\t\t\t\tslidesToShow: 1,\r\n\t\t\t\t\t\t\t\tslidesToScroll: 1,  \r\n\t\t\t\t\t\t\t  }\r\n\t\t\t\t\t\t\t},\r\n\t\t\t\t\t\t\t{\r\n\t\t\t\t\t\t\t  breakpoint: 1025,\r\n\t\t\t\t\t\t\t  settings: {\r\n\t\t\t\t\t\t\t\tslidesToShow: 1,\r\n\t\t\t\t\t\t\t\tslidesToScroll: 1\r\n\t\t\t\t\t\t\t  }\r\n\t\t\t\t\t\t\t},\r\n\t\t\t\t\t\t\t{\r\n\t\t\t\t\t\t\t  breakpoint: 760,\r\n\t\t\t\t\t\t\t  settings: {\r\n\t\t\t\t\t\t\t\tslidesToShow: 1,\r\n\t\t\t\t\t\t\t\tslidesToScroll: 1\r\n\t\t\t\t\t\t\t  }\r\n\t\t\t\t\t\t\t}\r\n\t\t\t\t\t\t],pauseOnDotsHover: true,customPaging: function(slider, i) {\r\n                   return '<i type=\"button\" style= \"color:#333333;\" class=\"ultsl-radio-checked\" data-role=\"none\"><\/i>';\r\n                },});\r\n\t\t\t\t\t}\r\n\t\t\t\t});\r\n\t\t\t<\/script>\r\n\t\t\t[\/vc_column][\/vc_row][vc_row css_animation=&#8221;&#8221; row_type=&#8221;row&#8221; use_row_as_full_screen_section=&#8221;no&#8221; type=&#8221;grid&#8221; angled_section=&#8221;no&#8221; text_align=&#8221;left&#8221; background_image_as_pattern=&#8221;without_pattern&#8221; z_index=&#8221;&#8221;][vc_column offset=&#8221;vc_col-lg-9&#8243;][qode_elements_holder number_of_columns=&#8221;two_columns&#8221;][qode_elements_holder_item advanced_animations=&#8221;no&#8221; item_padding=&#8221;52px 42px 32px 0&#8243; item_padding_600_768=&#8221;12px 0 32px 0&#8243; item_padding_480_600=&#8221;8px 0 32px 0&#8243; item_padding_480=&#8221;8px 0 32px 0&#8243;][vc_column_text]<\/p>\n<h2>Las colecciones DIVILUX<sup>\u00ae<\/sup> est\u00e1n disponibles en quatro versiones.<\/h2>\n<p>[\/vc_column_text][\/qode_elements_holder_item][qode_elements_holder_item advanced_animations=&#8221;no&#8221; item_padding=&#8221;52px 0 52px 12px&#8221; item_padding_600_768=&#8221;0 0 22px 0&#8243; item_padding_480_600=&#8221;0 0 22px 0&#8243; item_padding_480=&#8221;0 0 22px 0&#8243;][vc_column_text]<\/p>\n<h5>Las mamparas <strong>UNICA<sup>\u00ae<\/sup><\/strong>, METRICA<strong><sup>\u00ae<\/sup><\/strong>, CUBICA<strong><sup>\u00ae<\/sup><\/strong> y <strong>RITMICA<sup>\u00ae<\/sup><\/strong> permiten definir ambientes, trazando los l\u00edmites del espacio con un dise\u00f1o simple e innovador, creando \u00e1reas de trabajo estructuradas que garantizan bienestar y eficiencia.<\/h5>\n<p>[\/vc_column_text][\/qode_elements_holder_item][\/qode_elements_holder][\/vc_column][\/vc_row][vc_row css_animation=&#8221;&#8221; row_type=&#8221;row&#8221; use_row_as_full_screen_section=&#8221;no&#8221; type=&#8221;grid&#8221; angled_section=&#8221;no&#8221; text_align=&#8221;left&#8221; background_image_as_pattern=&#8221;without_pattern&#8221; z_index=&#8221;&#8221; css=&#8221;.vc_custom_1645443258441{padding-top: 52px !important;}&#8221; el_class=&#8221;row_home_gama1&#8243;][vc_column width=&#8221;1\/4&#8243;]<div class=\"qode-banner qode-banner-va-bottom\"><a class=\"qode-banner-link\" href=\"https:\/\/divilux.pt\/es\/gamas\/mampara-unica\/\" target=\"_self\"><\/a><div class=\"qode-banner-image\"><img decoding=\"async\" itemprop=\"image\" src=\"https:\/\/divilux.pt\/wp-content\/uploads\/2023\/04\/unica-gama-site-versao02.jpg\" alt=\"\" \/><\/div><div class=\"qode-banner-content\"><div class=\"qode-banner-content-inner\"><div class=\"qode-banner-text-holder\">\n<h2>unica<sup>\u00ae<\/sup><\/h2>\n<h6>Ver gama<\/h6>\n<\/div><\/div><\/div><\/div>[\/vc_column][vc_column width=&#8221;1\/4&#8243;]<div class=\"qode-banner qode-banner-va-bottom\"><a class=\"qode-banner-link\" href=\"https:\/\/divilux.pt\/es\/gamas\/mampara-ritmica\/\" target=\"_self\"><\/a><div class=\"qode-banner-image\"><img decoding=\"async\" itemprop=\"image\" src=\"https:\/\/divilux.pt\/wp-content\/uploads\/2023\/04\/ritmica-gama-site-versao02.jpg\" alt=\"\" \/><\/div><div class=\"qode-banner-content\"><div class=\"qode-banner-content-inner\"><div class=\"qode-banner-text-holder\">\n<h2>ritmica<sup>\u00ae<\/sup><\/h2>\n<h6>Ver gama<\/h6>\n<\/div><\/div><\/div><\/div>[\/vc_column][vc_column width=&#8221;1\/4&#8243;]<div class=\"qode-banner qode-banner-va-bottom\"><a class=\"qode-banner-link\" href=\"https:\/\/divilux.pt\/es\/gamas\/mampara-ritmica-wood\/\" target=\"_self\"><\/a><div class=\"qode-banner-image\"><img decoding=\"async\" itemprop=\"image\" src=\"https:\/\/divilux.pt\/wp-content\/uploads\/2023\/04\/ritmicaw-gama-site-versao02.jpg\" alt=\"\" \/><\/div><div class=\"qode-banner-content\"><div class=\"qode-banner-content-inner\"><div class=\"qode-banner-text-holder\">\n<h2>ritmica<sup>\u00ae<\/sup> w<\/h2>\n<h6>Ver gama<\/h6>\n<\/div><\/div><\/div><\/div>[\/vc_column][vc_column width=&#8221;1\/4&#8243;]<div class=\"qode-banner qode-banner-va-bottom\"><a class=\"qode-banner-link\" href=\"https:\/\/divilux.pt\/es\/gamas\/mampara-cubica\/\" target=\"_self\"><\/a><div class=\"qode-banner-image\"><img decoding=\"async\" itemprop=\"image\" src=\"https:\/\/divilux.pt\/wp-content\/uploads\/2023\/04\/cubica-gama-site-versao02.jpg\" alt=\"\" \/><\/div><div class=\"qode-banner-content\"><div class=\"qode-banner-content-inner\"><div class=\"qode-banner-text-holder\">\n<h2>cubica<sup>\u00ae<\/sup><\/h2>\n<h6>Ver gama<\/h6>\n<\/div><\/div><\/div><\/div>[\/vc_column][\/vc_row][vc_row css_animation=&#8221;&#8221; row_type=&#8221;row&#8221; use_row_as_full_screen_section=&#8221;no&#8221; type=&#8221;grid&#8221; angled_section=&#8221;no&#8221; text_align=&#8221;left&#8221; background_image_as_pattern=&#8221;without_pattern&#8221; z_index=&#8221;&#8221; el_class=&#8221;row_home_gama2&#8243;][vc_column width=&#8221;1\/4&#8243;]<div class=\"qode-banner qode-banner-va-bottom\"><a class=\"qode-banner-link\" href=\"https:\/\/divilux.pt\/es\/gamas\/mampara-metrica-estructural\/\" target=\"_self\"><\/a><div class=\"qode-banner-image\"><img decoding=\"async\" itemprop=\"image\" src=\"https:\/\/divilux.pt\/wp-content\/uploads\/2023\/04\/metrica-estrutural-gama-site-versao02.jpg\" alt=\"Sala de espera moderna con sof\u00e1s y mesa blanca.\" \/><\/div><div class=\"qode-banner-content\"><div class=\"qode-banner-content-inner\"><div class=\"qode-banner-text-holder\">\n<h2>metrica<sup>\u00ae<\/sup> estructural<\/h2>\n<h6>Ver gama<\/h6>\n<\/div><\/div><\/div><\/div>[\/vc_column][vc_column width=&#8221;1\/4&#8243;]<div class=\"qode-banner qode-banner-va-bottom\"><a class=\"qode-banner-link\" href=\"https:\/\/divilux.pt\/es\/gamas\/mampara-metrica-sin-estructura\/\" target=\"_self\"><\/a><div class=\"qode-banner-image\"><img decoding=\"async\" itemprop=\"image\" src=\"https:\/\/divilux.pt\/wp-content\/uploads\/2023\/04\/metrica-sem-estrutura-gama-site-versao02.jpg\" alt=\"\" \/><\/div><div class=\"qode-banner-content\"><div class=\"qode-banner-content-inner\"><div class=\"qode-banner-text-holder\">\n<h2>metrica<sup>\u00ae<\/sup> sin estructura<\/h2>\n<h6>Ver gama<\/h6>\n<\/div><\/div><\/div><\/div>[\/vc_column][vc_column width=&#8221;1\/4&#8243;]<div class=\"qode-banner qode-banner-va-bottom\"><a class=\"qode-banner-link\" href=\"https:\/\/divilux.pt\/es\/gamas\/dodici\/\" target=\"_self\"><\/a><div class=\"qode-banner-image\"><img decoding=\"async\" itemprop=\"image\" src=\"https:\/\/divilux.pt\/wp-content\/uploads\/2023\/04\/dodici-gama-site-versao02.jpg\" alt=\"\" \/><\/div><div class=\"qode-banner-content\"><div class=\"qode-banner-content-inner\"><div class=\"qode-banner-text-holder\">\n<h2>dodici<sup>\u00ae<\/sup><\/h2>\n<h6>Ver gama<\/h6>\n<\/div><\/div><\/div><\/div>[\/vc_column][vc_column width=&#8221;1\/4&#8243;]<div class=\"qode-banner qode-banner-va-bottom\"><a class=\"qode-banner-link\" href=\"https:\/\/divilux.pt\/es\/gamas\/ebox\/\" target=\"_self\"><\/a><div class=\"qode-banner-image\"><img decoding=\"async\" itemprop=\"image\" src=\"https:\/\/divilux.pt\/wp-content\/uploads\/2024\/11\/ebox-gama-site-versao02.webp\" alt=\"Oficina moderna con cabina acristalada y sill\u00f3n negro.\" \/><\/div><div class=\"qode-banner-content\"><div class=\"qode-banner-content-inner\"><div class=\"qode-banner-text-holder\">\n<h2>E.BOX<\/h2>\n<h6>Ver m\u00e1s<\/h6>\n<\/div><\/div><\/div><\/div>[\/vc_column][\/vc_row][vc_row css_animation=&#8221;&#8221; row_type=&#8221;row&#8221; use_row_as_full_screen_section=&#8221;no&#8221; type=&#8221;grid&#8221; angled_section=&#8221;no&#8221; text_align=&#8221;center&#8221; background_image_as_pattern=&#8221;without_pattern&#8221; z_index=&#8221;&#8221;][vc_column][qode_elements_holder number_of_columns=&#8221;one_column&#8221;][qode_elements_holder_item advanced_animations=&#8221;no&#8221; item_padding=&#8221;42px 0 62px 0&#8243; item_padding_600_768=&#8221;22px 0 42px 0&#8243; item_padding_480_600=&#8221;22px 0 42px 0&#8243; item_padding_480=&#8221;22px 0 42px 0&#8243;]<a  itemprop=\"url\" href=\"https:\/\/divilux.pt\/es\/gamas\/\" target=\"_self\"  class=\"qbutton  default\" style=\"\">Ver todas las gamas<\/a>[\/qode_elements_holder_item][\/qode_elements_holder][\/vc_column][\/vc_row][vc_row css_animation=&#8221;&#8221; row_type=&#8221;row&#8221; use_row_as_full_screen_section=&#8221;no&#8221; type=&#8221;grid&#8221; angled_section=&#8221;no&#8221; text_align=&#8221;left&#8221; background_image_as_pattern=&#8221;without_pattern&#8221; z_index=&#8221;&#8221; css=&#8221;.vc_custom_1635692849714{padding-top: 52px !important;padding-bottom: 52px !important;}&#8221;][vc_column][qode_elements_holder number_of_columns=&#8221;one_column&#8221;][qode_elements_holder_item advanced_animations=&#8221;no&#8221; background_image=&#8221;57&#8243; item_padding=&#8221;192px 0 172px 8%&#8221;][vc_column_text css=&#8221;.vc_custom_1646940869670{padding-bottom: 32px !important;}&#8221;]<\/p>\n<h2>Accede a<br \/>\nnuestros cat\u00e1logos<\/h2>\n<p>[\/vc_column_text]<a  itemprop=\"url\" href=\"https:\/\/divilux.pt\/es\/catalogos\/\" target=\"_self\"  class=\"qbutton  default block_button_outline\" style=\"\">Ver todos<\/a>[\/qode_elements_holder_item][\/qode_elements_holder][\/vc_column][\/vc_row][vc_row css_animation=&#8221;&#8221; row_type=&#8221;row&#8221; use_row_as_full_screen_section=&#8221;no&#8221; type=&#8221;full_width&#8221; angled_section=&#8221;no&#8221; text_align=&#8221;left&#8221; background_image_as_pattern=&#8221;without_pattern&#8221; css=&#8221;.vc_custom_1647524431432{padding-top: 52px !important;padding-bottom: 52px !important;}&#8221; z_index=&#8221;&#8221;][vc_column]<div class=\"qode-cards-holder\">\n    <div class=\"qode-cards-header cards\">\n\n    <\/div>\n    <div class=\"qode-card-panes\">\n        \n<div class=\"pane card6  no-shadow\">\n        <div class=\"qode-card-slider-holder-outer\" style=\"\">\n        <div class=\"qode-card-slider-holder\" data-card-slide=\"1\"  data-center=\"yes\" data-active-middle-slide=\"true\">\n            <div class=\"controls arrows\">\n                <a data-direction=\"prev\" href=\"#\" class=\"button prev qode-type1-gradient-bottom-to-top-text\"><span class=\"arrow_carrot-left\"><\/span><\/a>\n                <a data-direction=\"next\" href=\"#\" class=\"button next qode-type1-gradient-bottom-to-top-text\"><span class=\"arrow_carrot-right\"><\/span><\/a>\n            <\/div>\n\n                        <div class=\"controls bullets\">\n                <div class=\"dots\">\n                    <div class=\"dots-inner\">\n                                                    <div class='dot' data-card-slide=\"1\"><\/div>\n                                                    <div class='dot' data-card-slide=\"2\"><\/div>\n                                                    <div class='dot' data-card-slide=\"3\"><\/div>\n                                                    <div class='dot' data-card-slide=\"4\"><\/div>\n                                                    <div class='dot' data-card-slide=\"5\"><\/div>\n                                                    <div class='dot' data-card-slide=\"6\"><\/div>\n                                                    <div class='dot' data-card-slide=\"7\"><\/div>\n                                                    <div class='dot' data-card-slide=\"8\"><\/div>\n                                                    <div class='dot' data-card-slide=\"9\"><\/div>\n                                            <\/div>\n                <\/div>\n            <\/div>\n                        <div class=\"qode-card-slider clearfix\">\n                                    <div class='slide' data-card-slide=\"1\">\n                                                    <a href=\"https:\/\/divilux.pt\/projeto\/autoindustrial\/\" target=\"_self\">\n                                                    <img decoding=\"async\" src=\"#\" alt=\"\" class=\"qode-lazy-image\" data-image=\"https:\/\/divilux.pt\/wp-content\/uploads\/2022\/02\/project-image-vertical-autoindustrial-04_.jpg\" style=\"width:520px;height:1px\"data-ratio=\"1.3038461538462\" data-lazy=\"true\" \/>\n                                                    <\/a>\n                                            <\/div>\n                                    <div class='slide' data-card-slide=\"2\">\n                                                    <a href=\"https:\/\/divilux.pt\/projeto\/banco-carregosa\/\" target=\"_self\">\n                                                    <img decoding=\"async\" src=\"#\" alt=\"\" class=\"qode-lazy-image\" data-image=\"https:\/\/divilux.pt\/wp-content\/uploads\/2022\/02\/project-image-vertical-carregosa-02_.jpg\" style=\"width:520px;height:1px\"data-ratio=\"1.3038461538462\" data-lazy=\"true\" \/>\n                                                    <\/a>\n                                            <\/div>\n                                    <div class='slide' data-card-slide=\"3\">\n                                                    <a href=\"https:\/\/divilux.pt\/projeto\/edp\/\" target=\"_self\">\n                                                    <img decoding=\"async\" src=\"#\" alt=\"\" class=\"qode-lazy-image\" data-image=\"https:\/\/divilux.pt\/wp-content\/uploads\/2022\/02\/project-image-vertical-edp-02_.jpg\" style=\"width:520px;height:1px\"data-ratio=\"1.3038461538462\" data-lazy=\"true\" \/>\n                                                    <\/a>\n                                            <\/div>\n                                    <div class='slide' data-card-slide=\"4\">\n                                                    <a href=\"https:\/\/divilux.pt\/projeto\/escritorios-torre-burgo\/\" target=\"_self\">\n                                                    <img decoding=\"async\" src=\"#\" alt=\"\" class=\"qode-lazy-image\" data-image=\"https:\/\/divilux.pt\/wp-content\/uploads\/2022\/02\/project-image-vertical-decskill-02_.jpg\" style=\"width:520px;height:1px\"data-ratio=\"1.3038461538462\" data-lazy=\"true\" \/>\n                                                    <\/a>\n                                            <\/div>\n                                    <div class='slide' data-card-slide=\"5\">\n                                                    <a href=\"https:\/\/divilux.pt\/projeto\/fullsix\/\" target=\"_self\">\n                                                    <img decoding=\"async\" src=\"#\" alt=\"\" class=\"qode-lazy-image\" data-image=\"https:\/\/divilux.pt\/wp-content\/uploads\/2022\/02\/project-image-vertical-fullsix-04_.jpg\" style=\"width:520px;height:1px\"data-ratio=\"1.3038461538462\" data-lazy=\"true\" \/>\n                                                    <\/a>\n                                            <\/div>\n                                    <div class='slide' data-card-slide=\"6\">\n                                                    <a href=\"https:\/\/divilux.pt\/projeto\/intersecta\/\" target=\"_self\">\n                                                    <img decoding=\"async\" src=\"#\" alt=\"\" class=\"qode-lazy-image\" data-image=\"https:\/\/divilux.pt\/wp-content\/uploads\/2022\/02\/project-image-vertical-intersecta-04_.jpg\" style=\"width:520px;height:1px\"data-ratio=\"1.3038461538462\" data-lazy=\"true\" \/>\n                                                    <\/a>\n                                            <\/div>\n                                    <div class='slide' data-card-slide=\"7\">\n                                                    <a href=\"https:\/\/divilux.pt\/projeto\/jcs\/\" target=\"_self\">\n                                                    <img decoding=\"async\" src=\"#\" alt=\"\" class=\"qode-lazy-image\" data-image=\"https:\/\/divilux.pt\/wp-content\/uploads\/2022\/02\/project-image-vertical-jcs-17_.jpg\" style=\"width:520px;height:1px\"data-ratio=\"1.3038461538462\" data-lazy=\"true\" \/>\n                                                    <\/a>\n                                            <\/div>\n                                    <div class='slide' data-card-slide=\"8\">\n                                                    <a href=\"https:\/\/divilux.pt\/projeto\/sonae\/\" target=\"_self\">\n                                                    <img decoding=\"async\" src=\"#\" alt=\"\" class=\"qode-lazy-image\" data-image=\"https:\/\/divilux.pt\/wp-content\/uploads\/2022\/02\/project-image-vertical-sonae-06_.jpg\" style=\"width:520px;height:1px\"data-ratio=\"1.3038461538462\" data-lazy=\"true\" \/>\n                                                    <\/a>\n                                            <\/div>\n                                    <div class='slide' data-card-slide=\"9\">\n                                                    <a href=\"https:\/\/divilux.pt\/projeto\/terralpa-investments\/\" target=\"_self\">\n                                                    <img decoding=\"async\" src=\"#\" alt=\"\" class=\"qode-lazy-image\" data-image=\"https:\/\/divilux.pt\/wp-content\/uploads\/2022\/02\/project-image-vertical-terralpa-05_.jpg\" style=\"width:520px;height:1px\"data-ratio=\"1.3038461538462\" data-lazy=\"true\" \/>\n                                                    <\/a>\n                                            <\/div>\n                            <\/div>\n        <\/div>\n    <\/div>\n<\/div>\n    <\/div>\n<\/div>[\/vc_column][\/vc_row][vc_row css_animation=&#8221;&#8221; row_type=&#8221;row&#8221; use_row_as_full_screen_section=&#8221;no&#8221; type=&#8221;grid&#8221; angled_section=&#8221;no&#8221; text_align=&#8221;center&#8221; background_image_as_pattern=&#8221;without_pattern&#8221; z_index=&#8221;&#8221;][vc_column][qode_elements_holder number_of_columns=&#8221;one_column&#8221;][qode_elements_holder_item advanced_animations=&#8221;no&#8221; item_padding=&#8221;52px 0 122px 0&#8243; item_padding_600_768=&#8221;32px 0 104px 0&#8243; item_padding_480_600=&#8221;32px 0 104px 0&#8243; item_padding_480=&#8221;32px 0 104px 0&#8243;]<a  itemprop=\"url\" href=\"https:\/\/divilux.pt\/es\/proyectos\/\" target=\"_self\"  class=\"qbutton  default\" style=\"\">Ver todos los proyectos<\/a>[\/qode_elements_holder_item][\/qode_elements_holder][\/vc_column][\/vc_row]<\/p>\n<\/section>","protected":false},"excerpt":{"rendered":"<p>[vc_row css_animation=&#8221;&#8221; row_type=&#8221;row&#8221; use_row_as_full_screen_section=&#8221;no&#8221; type=&#8221;grid&#8221; angled_section=&#8221;no&#8221; text_align=&#8221;left&#8221; background_image_as_pattern=&#8221;without_pattern&#8221; z_index=&#8221;&#8221; css=&#8221;.vc_custom_1635596604099{padding-top: 52px !important;}&#8221;][vc_column offset=&#8221;vc_col-lg-offset-7 vc_col-lg-5&#8243;][vc_column_text] Dise\u00f1o minimalista, ligereza y robustez. [\/vc_column_text][\/vc_column][\/vc_row][vc_row css_animation=&#8221;&#8221; row_type=&#8221;row&#8221; use_row_as_full_screen_section=&#8221;no&#8221; type=&#8221;grid&#8221; angled_section=&#8221;no&#8221; text_align=&#8221;center&#8221; background_image_as_pattern=&#8221;without_pattern&#8221; css=&#8221;.vc_custom_1635514039160{padding-top: 52px !important;padding-bottom: 52px !important;}&#8221; z_index=&#8221;&#8221;][vc_column][\/vc_column][\/vc_row][vc_row css_animation=&#8221;&#8221; row_type=&#8221;row&#8221; use_row_as_full_screen_section=&#8221;no&#8221; type=&#8221;grid&#8221; angled_section=&#8221;no&#8221; text_align=&#8221;left&#8221; background_image_as_pattern=&#8221;without_pattern&#8221; z_index=&#8221;&#8221;][vc_column offset=&#8221;vc_col-lg-9&#8243;][qode_elements_holder number_of_columns=&#8221;two_columns&#8221;][qode_elements_holder_item advanced_animations=&#8221;no&#8221; item_padding=&#8221;52px&#8230;<\/p>\n","protected":false},"author":1,"featured_media":0,"parent":0,"menu_order":0,"comment_status":"closed","ping_status":"closed","template":"full_width.php","meta":{"_seopress_robots_primary_cat":"","_seopress_titles_title":"Divilux\u00ae - Division de Espacios","_seopress_titles_desc":"Descubre Divilux, donde el dise\u00f1o minimalista se une a la robustez, redefiniendo espacios con las mamparas UNICA, METRICA, CUBICA y RITMICA.","_seopress_robots_index":"","footnotes":""},"class_list":["post-6702","page","type-page","status-publish","hentry"],"_links":{"self":[{"href":"https:\/\/divilux.pt\/es\/wp-json\/wp\/v2\/pages\/6702","targetHints":{"allow":["GET"]}}],"collection":[{"href":"https:\/\/divilux.pt\/es\/wp-json\/wp\/v2\/pages"}],"about":[{"href":"https:\/\/divilux.pt\/es\/wp-json\/wp\/v2\/types\/page"}],"author":[{"embeddable":true,"href":"https:\/\/divilux.pt\/es\/wp-json\/wp\/v2\/users\/1"}],"replies":[{"embeddable":true,"href":"https:\/\/divilux.pt\/es\/wp-json\/wp\/v2\/comments?post=6702"}],"version-history":[{"count":15,"href":"https:\/\/divilux.pt\/es\/wp-json\/wp\/v2\/pages\/6702\/revisions"}],"predecessor-version":[{"id":11503,"href":"https:\/\/divilux.pt\/es\/wp-json\/wp\/v2\/pages\/6702\/revisions\/11503"}],"wp:attachment":[{"href":"https:\/\/divilux.pt\/es\/wp-json\/wp\/v2\/media?parent=6702"}],"curies":[{"name":"wp","href":"https:\/\/api.w.org\/{rel}","templated":true}]}}