{"id":6613,"date":"2021-10-31T15:47:01","date_gmt":"2021-10-31T15:47:01","guid":{"rendered":"https:\/\/divilux.pt\/sobre-2\/"},"modified":"2023-06-22T19:22:26","modified_gmt":"2023-06-22T18:22:26","slug":"sobre","status":"publish","type":"page","link":"https:\/\/divilux.pt\/es\/sobre\/","title":{"rendered":"Sobre"},"content":{"rendered":"<section class=\"wpb-content-wrapper\"><p>[vc_row css_animation=&#8221;&#8221; row_type=&#8221;row&#8221; use_row_as_full_screen_section=&#8221;no&#8221; type=&#8221;grid&#8221; angled_section=&#8221;no&#8221; text_align=&#8221;left&#8221; background_image_as_pattern=&#8221;without_pattern&#8221; css=&#8221;.vc_custom_1635698095249{padding-top: 52px !important;}&#8221; z_index=&#8221;&#8221;][vc_column offset=&#8221;vc_col-lg-8&#8243;][vc_column_text]<\/p>\n<h3>Transparencia, funcionalidad y dise\u00f1o: caracter\u00edsticas que combinamos para crear nuestras mamparas.<\/h3>\n<p>[\/vc_column_text][\/vc_column][\/vc_row][vc_row css_animation=&#8221;&#8221; row_type=&#8221;row&#8221; use_row_as_full_screen_section=&#8221;no&#8221; type=&#8221;full_width&#8221; angled_section=&#8221;no&#8221; text_align=&#8221;left&#8221; background_image_as_pattern=&#8221;without_pattern&#8221; css=&#8221;.vc_custom_1647787546337{padding-top: 52px !important;padding-bottom: 52px !important;}&#8221; z_index=&#8221;&#8221;][vc_column][qode_elements_holder number_of_columns=&#8221;one_column&#8221;][qode_elements_holder_item advanced_animations=&#8221;no&#8221; item_padding=&#8221;0 5.7%&#8221; item_padding_480_600=&#8221;0 0 0 0&#8243; item_padding_480=&#8221;0 0 0 0&#8243; item_padding_768_1024=&#8221;0 3%&#8221; item_padding_600_768=&#8221;0 10.3%&#8221;]<div id=\"ultimate-video-521069d4631b96bf8\" class=\"ult-video  ult-adjust-bottom-margin ultimate-video-521069d4631b96bf8 ultv-8826 \"><div class=\"ultv-video ultv-aspect-ratio-16_9 ultv-subscribe-responsive-none\" data-videotype=\"vimeo_video\">\r\n\t\t\t\t\t\t<div class=\"ultv-video__outer-wrap\" data-autoplay=\"0\" data-device=\"false\" data-defaulthoverbg=#bcafa9  data-iconbg=\"#3A3A3A\" data-overcolor=\"\" data-defaultbg=\"#000000\" data-defaultplay=\"defaulticon\"><div class=\"ultv-video__play\" data-src=\"https:\/\/player.vimeo.com\/video\/680801421?loop=0&amp;title=0&amp;portrait=0&amp;byline=0&amp;color=bcafa9&amp;autopause=0&amp;autoplay=1\">\r\n\t\t\t\t\t\t\t\t<img decoding=\"async\" class=\"ultv-video__thumb\" src=\"https:\/\/divilux.pt\/wp-content\/uploads\/2022\/03\/video_sobre_imagem_destaque.jpg\"\/>\r\n\t\t\t\t\t\t\t\t<div class=\"ultv-video__play-icon  ultv-animation-none\" style=\"width:72px\"><svg version=\"1.1\" height=\"100%\" width=\"100%\"  viewBox=\"0 14.375 95 66.25\"><path class=\"ultv-vimeo-icon-bg\" d=\"M12.5,14.375c-6.903,0-12.5,5.597-12.5,12.5v41.25c0,6.902,5.597,12.5,12.5,12.5h70c6.903,0,12.5-5.598,12.5-12.5v-41.25c0-6.903-5.597-12.5-12.5-12.5H12.5z\"\/><polygon fill=\"#FFFFFF\" points=\"39.992,64.299 39.992,30.701 62.075,47.5 \"\/><\/svg><\/div> <\/div> <\/div><\/div><\/div>[\/qode_elements_holder_item][\/qode_elements_holder][\/vc_column][\/vc_row][vc_row css_animation=&#8221;&#8221; row_type=&#8221;row&#8221; use_row_as_full_screen_section=&#8221;no&#8221; type=&#8221;grid&#8221; angled_section=&#8221;no&#8221; text_align=&#8221;left&#8221; background_image_as_pattern=&#8221;without_pattern&#8221; z_index=&#8221;&#8221;][vc_column offset=&#8221;vc_col-lg-offset-1 vc_col-lg-5&#8243;][vc_column_text]<\/p>\n<h6>Fundada en 1990, Divilux se dedica a la fabricaci\u00f3n, desarrollo e instalaci\u00f3n de mamparas de cristal y sistemas de armarios integrados.<\/h6>\n<p>[\/vc_column_text][\/vc_column][\/vc_row][vc_row css_animation=&#8221;&#8221; row_type=&#8221;row&#8221; use_row_as_full_screen_section=&#8221;no&#8221; type=&#8221;grid&#8221; angled_section=&#8221;no&#8221; text_align=&#8221;left&#8221; background_image_as_pattern=&#8221;without_pattern&#8221; z_index=&#8221;&#8221; css=&#8221;.vc_custom_1635698654611{padding-top: 52px !important;}&#8221;][vc_column offset=&#8221;vc_col-lg-offset-3 vc_col-lg-6&#8243;][vc_column_text css=&#8221;.vc_custom_1646257795055{padding-bottom: 32px !important;}&#8221;]La b\u00fasqueda de soluciones innovadoras que hayan resultado en el surgimiento de nuevos productos siempre ha sido parte de la din\u00e1mica interna de la empresa.<\/p>\n<p>Ofrecemos varias soluciones de alto rendimiento que definen espacios de trabajo que agregan personalidad a su oficina:<\/p>\n<p><strong>metrica<sup>\u00ae<\/sup>, unica<sup>\u00ae<\/sup>, cubica<sup>\u00ae<\/sup>, ritmica<sup>\u00ae<\/sup><\/strong> y la \u00faltima <strong>ritmica wood<sup>\u00ae<\/sup><\/strong>.[\/vc_column_text][\/vc_column][\/vc_row][vc_row css_animation=&#8221;&#8221; row_type=&#8221;row&#8221; use_row_as_full_screen_section=&#8221;no&#8221; type=&#8221;full_width&#8221; angled_section=&#8221;no&#8221; text_align=&#8221;left&#8221; background_image_as_pattern=&#8221;without_pattern&#8221; z_index=&#8221;&#8221;][vc_column offset=&#8221;vc_col-lg-offset-3 vc_col-lg-9&#8243;][qode_elements_holder number_of_columns=&#8221;one_column&#8221;][qode_elements_holder_item advanced_animations=&#8221;no&#8221; item_padding=&#8221;0 5.7% 0 22px&#8221; item_padding_768_1024=&#8221;0 4.5%&#8221; item_padding_600_768=&#8221;0 9.8%&#8221; item_padding_480_600=&#8221;0 0 0 0&#8243; item_padding_480=&#8221;0 0 0 0&#8243;][vc_single_image image=&#8221;8134&#8243; img_size=&#8221;full&#8221; qode_css_animation=&#8221;&#8221;][\/qode_elements_holder_item][\/qode_elements_holder][\/vc_column][\/vc_row][vc_row css_animation=&#8221;&#8221; row_type=&#8221;row&#8221; use_row_as_full_screen_section=&#8221;no&#8221; type=&#8221;grid&#8221; angled_section=&#8221;no&#8221; text_align=&#8221;left&#8221; background_image_as_pattern=&#8221;without_pattern&#8221; z_index=&#8221;&#8221; css=&#8221;.vc_custom_1647633116338{padding-top: 52px !important;padding-bottom: 102px !important;}&#8221;][vc_column offset=&#8221;vc_col-lg-offset-1 vc_col-lg-6&#8243;][vc_column_text]Durante los \u00faltimos 25 a\u00f1os, <strong>divilux\u00ae<\/strong> ha trazado una senda financiera y operativa seria, progresiva y sostenida, afirm\u00e1ndose como uno de los principales &#8220;players&#8221; nacionales en su sector.<\/p>\n<p>Detr\u00e1s de nuestros productos hay una s\u00f3lida unidad industrial, con un espacio productivo de aproximadamente 4500 m2, de los cuales 800 m2 son oficinas y showrooms, y donde valoramos la tecnolog\u00eda moderna, la mano de obra altamente calificada y el concepto de trabajo en equipo.<\/p>\n<p>Todav\u00eda en proceso de producci\u00f3n, nuestros productos son cortados en alto y ancho, seg\u00fan las medidas de obra, lo que permite una instalaci\u00f3n limpia, r\u00e1pida y eficaz.<\/p>\n<p>Somos un equipo multidisciplinar preparado para ayudarte con las mejores soluciones para tu proyecto, desde el dise\u00f1o hasta el desarrollo de soluciones a la medida.<\/p>\n<p>Ven a conocernos. Estaremos encantados de ayudarte.[\/vc_column_text][\/vc_column][\/vc_row]<\/p>\n<\/section>","protected":false},"excerpt":{"rendered":"<p>[vc_row css_animation=&#8221;&#8221; row_type=&#8221;row&#8221; use_row_as_full_screen_section=&#8221;no&#8221; type=&#8221;grid&#8221; angled_section=&#8221;no&#8221; text_align=&#8221;left&#8221; background_image_as_pattern=&#8221;without_pattern&#8221; css=&#8221;.vc_custom_1635698095249{padding-top: 52px !important;}&#8221; z_index=&#8221;&#8221;][vc_column offset=&#8221;vc_col-lg-8&#8243;][vc_column_text] Transparencia, funcionalidad y dise\u00f1o: caracter\u00edsticas que combinamos para crear nuestras mamparas. [\/vc_column_text][\/vc_column][\/vc_row][vc_row css_animation=&#8221;&#8221; row_type=&#8221;row&#8221; use_row_as_full_screen_section=&#8221;no&#8221; type=&#8221;full_width&#8221; angled_section=&#8221;no&#8221; text_align=&#8221;left&#8221; background_image_as_pattern=&#8221;without_pattern&#8221; css=&#8221;.vc_custom_1647787546337{padding-top: 52px !important;padding-bottom: 52px !important;}&#8221; z_index=&#8221;&#8221;][vc_column][qode_elements_holder number_of_columns=&#8221;one_column&#8221;][qode_elements_holder_item advanced_animations=&#8221;no&#8221; item_padding=&#8221;0 5.7%&#8221; item_padding_480_600=&#8221;0 0 0&#8230;<\/p>\n","protected":false},"author":1,"featured_media":0,"parent":0,"menu_order":0,"comment_status":"closed","ping_status":"closed","template":"full_width.php","meta":{"_seopress_robots_primary_cat":"0","_seopress_titles_title":"","_seopress_titles_desc":"Descubre nuestras mamparas que combinan transparencia, funcionalidad y dise\u00f1o para transformar tu espacio de trabajo. Fundada en 1990, l\u00edder en el sector.","_seopress_robots_index":"","footnotes":""},"class_list":["post-6613","page","type-page","status-publish","hentry"],"_links":{"self":[{"href":"https:\/\/divilux.pt\/es\/wp-json\/wp\/v2\/pages\/6613","targetHints":{"allow":["GET"]}}],"collection":[{"href":"https:\/\/divilux.pt\/es\/wp-json\/wp\/v2\/pages"}],"about":[{"href":"https:\/\/divilux.pt\/es\/wp-json\/wp\/v2\/types\/page"}],"author":[{"embeddable":true,"href":"https:\/\/divilux.pt\/es\/wp-json\/wp\/v2\/users\/1"}],"replies":[{"embeddable":true,"href":"https:\/\/divilux.pt\/es\/wp-json\/wp\/v2\/comments?post=6613"}],"version-history":[{"count":9,"href":"https:\/\/divilux.pt\/es\/wp-json\/wp\/v2\/pages\/6613\/revisions"}],"predecessor-version":[{"id":8529,"href":"https:\/\/divilux.pt\/es\/wp-json\/wp\/v2\/pages\/6613\/revisions\/8529"}],"wp:attachment":[{"href":"https:\/\/divilux.pt\/es\/wp-json\/wp\/v2\/media?parent=6613"}],"curies":[{"name":"wp","href":"https:\/\/api.w.org\/{rel}","templated":true}]}}