{"id":6767,"date":"2022-03-18T01:43:09","date_gmt":"2022-03-18T01:43:09","guid":{"rendered":"https:\/\/divilux.pt\/privacy-policy\/"},"modified":"2022-05-10T13:54:21","modified_gmt":"2022-05-10T12:54:21","slug":"privacy-policy","status":"publish","type":"page","link":"https:\/\/divilux.pt\/en\/privacy-policy\/","title":{"rendered":"Privacy Policy"},"content":{"rendered":"\n<div class=\"wp-block-columns is-layout-flex wp-container-core-columns-is-layout-1 wp-block-columns-is-layout-flex\">\n<div class=\"wp-block-column is-layout-flow wp-block-column-is-layout-flow\" style=\"flex-basis:25%\"><\/div>\n\n\n\n<div class=\"wp-block-column is-layout-flow wp-block-column-is-layout-flow\" style=\"flex-basis:50%\">\n<h3 class=\"wp-block-heading\" id=\"ambito-da-nossa-politica-de-privacidade\">Scope of our Privacy Policy<\/h3>\n\n\n\n<p>Divilux \u2013 Divis\u00e3o de Espa\u00e7o, Lda applies this Privacy Policy to its website, respecting the privacy of all personal data collected from its users. Through this Policy you can find out how they are collected, processed and used.<\/p>\n\n\n\n<p><span style=\"font-weight: 400;\">divilux\u00ae<\/span> reserves the right to update its Privacy Policy at any time.<br\/>We inform you that your data will not be used for any purpose other than those mentioned below.<\/p>\n\n\n\n<div style=\"height:32px\" aria-hidden=\"true\" class=\"wp-block-spacer\"><\/div>\n\n\n\n<h3 class=\"wp-block-heading\" id=\"responsavel-pelo-tratamento-dos-dados-pessoais\">Responsible for the Treatment of Personal Data<\/h3>\n\n\n\n<p>The entity responsible for the processing of personal data is Divilux \u2013 Divis\u00e3o de Espa\u00e7o, Lda, with NIPC 502273763 and headquartered in Zona Industrial Giesteira 3750-309 \u00c1GUEDA, which determines the purpose and means of processing the same.<br\/>For more information and clarifications on this subject, you can contact us through the email address divilux@divilux.pt.<\/p>\n\n\n\n<div style=\"height:32px\" aria-hidden=\"true\" class=\"wp-block-spacer\"><\/div>\n\n\n\n<h3 class=\"wp-block-heading\" id=\"quando-e-como-recolhemos-os-dados-pessoais\">When and how we collect personal data<\/h3>\n\n\n\n<p>Your data is collected upon your consent to subscribe to our online newsletter, on our website.<\/p>\n\n\n\n<div style=\"height:32px\" aria-hidden=\"true\" class=\"wp-block-spacer\"><\/div>\n\n\n\n<h3 class=\"wp-block-heading\" id=\"finalidades-do-tratamento\">Purpose of the treatment<\/h3>\n\n\n\n<p>The data collected are processed for the purpose of developing contractual relationships, disseminating commercial information about our products, services and campaigns, and are not used outside this scope.<\/p>\n\n\n\n<p>Your personal data will not be used for purposes other than those described in this privacy policy, without prior information to you or, if applicable, obtaining your consent.<\/p>\n\n\n\n<p>The legal grounds that legitimize the processing of your personal data by divilux\u00ae <span style=\"font-weight: 400;\">divilux\u00ae<\/span> are as follows:<\/p>\n\n\n\n<p>a) Consent by subscribing to our newsletter;<br\/>b) Personal data are necessary for the performance of a contract;<br\/>c) Personal data are necessary for the purpose of complying with a legal obligation to which <span style=\"font-weight: 400;\">divilux\u00ae<\/span> is subject;<br\/>d) Personal data are necessary for the purposes of the legitimate interests pursued by <span style=\"font-weight: 400;\">divilux\u00ae<\/span>, provided that they prevail over the interests or rights, freedoms and guarantees of the data subject.<\/p>\n\n\n\n<div style=\"height:32px\" aria-hidden=\"true\" class=\"wp-block-spacer\"><\/div>\n\n\n\n<h3 class=\"wp-block-heading\" id=\"tempo-de-conservacao-dos-dados-pessoais\">Retention time of personal data<\/h3>\n\n\n\n<p>Your data will be collected and stored for the period considered necessary for the fulfillment of the intended purposes, until cancellation of your subscription to the newsletter or until <span style=\"font-weight: 400;\">divilux\u00ae<\/span> does not consider it pertinent to keep them in its database.<\/p>\n\n\n\n<div style=\"height:32px\" aria-hidden=\"true\" class=\"wp-block-spacer\"><\/div>\n\n\n\n<h3 class=\"wp-block-heading\" id=\"quem-tem-acesso-aos-dados\">Who has access to the data<\/h3>\n\n\n\n<p>Your data has only access to <span style=\"font-weight: 400;\">divilux\u00ae<\/span>, except when you are asked for consent or when it is required to comply with legal obligations.<\/p>\n\n\n\n<div style=\"height:32px\" aria-hidden=\"true\" class=\"wp-block-spacer\"><\/div>\n\n\n\n<h3 class=\"wp-block-heading\" id=\"onde-sao-guardados-os-dados\">Where the data is stored<\/h3>\n\n\n\n<p>Your data is stored on <span style=\"font-weight: 400;\">divilux\u00ae<\/span> servers, located in the European Union and which are guaranteed security and protection mechanisms in order to ensure compliance with applicable privacy laws.<\/p>\n\n\n\n<div style=\"height:32px\" aria-hidden=\"true\" class=\"wp-block-spacer\"><\/div>\n\n\n\n<h3 class=\"wp-block-heading\" id=\"direitos-do-titular-dos-dados\">Data subject&#8217;s rights<\/h3>\n\n\n\n<p>In accordance with the provisions of the General Data Protection Regulation, you have the right to request <span style=\"font-weight: 400;\">divilux\u00ae<\/span> access to your personal data, as well as its rectification, erasure, limitation of the treatment that concerns the data subject or his right of access. oppose the treatment, as well as the right to data portability, and the right to withdraw consent at any time, without compromising the lawfulness of the treatment carried out based on the consent previously given. You also have the right to file a complaint with a supervisory authority (CNPD &#8211; Comiss\u00e3o Nacional de Prote\u00e7\u00e3o de Dados). In case you intend to exercise any of your rights or simply request information, you must forward your request to the email divilux@divilux.pt.<\/p>\n\n\n\n<p>In case of any violation of your personal data, you will be informed.<\/p>\n\n\n\n<p>For <span style=\"font-weight: 400;\">divilux\u00ae<\/span> this is a very important issue and, accordingly, we have taken internal measures to ensure the confidentiality and security of your personal data.<\/p>\n\n\n\n<p>Your privacy is very important to us!<\/p>\n\n\n\n<p>Last update date: 05\/10\/2022<\/p>\n\n\n\n<div style=\"height:32px\" aria-hidden=\"true\" class=\"wp-block-spacer\"><\/div>\n\n\n\n<p><strong>Cookies<\/strong><\/p>\n\n\n\n<p>Please, check our <a href=\"https:\/\/divilux.pt\/en\/cookies-policy\/\"><span style=\"text-decoration: underline;\">Cookies page<\/span><\/a>.<\/p>\n<\/div>\n\n\n\n<div class=\"wp-block-column is-layout-flow wp-block-column-is-layout-flow\" style=\"flex-basis:25%\"><\/div>\n<\/div>\n\n<div style=\"height:100px\" aria-hidden=\"true\" class=\"wp-block-spacer\"><\/div>\n\n<p><\/p>\n","protected":false},"excerpt":{"rendered":"<p>Scope of our Privacy Policy Divilux \u2013 Divis\u00e3o de Espa\u00e7o, Lda applies this Privacy Policy to its website, respecting the privacy of all personal data collected from its users. Through this Policy you can find out how they are collected, processed and used. divilux\u00ae reserves&#8230;<\/p>\n","protected":false},"author":1,"featured_media":0,"parent":0,"menu_order":0,"comment_status":"closed","ping_status":"closed","template":"","meta":{"_seopress_robots_primary_cat":"0","_seopress_titles_title":"","_seopress_titles_desc":"","_seopress_robots_index":"yes","footnotes":""},"class_list":["post-6767","page","type-page","status-publish","hentry"],"_links":{"self":[{"href":"https:\/\/divilux.pt\/en\/wp-json\/wp\/v2\/pages\/6767","targetHints":{"allow":["GET"]}}],"collection":[{"href":"https:\/\/divilux.pt\/en\/wp-json\/wp\/v2\/pages"}],"about":[{"href":"https:\/\/divilux.pt\/en\/wp-json\/wp\/v2\/types\/page"}],"author":[{"embeddable":true,"href":"https:\/\/divilux.pt\/en\/wp-json\/wp\/v2\/users\/1"}],"replies":[{"embeddable":true,"href":"https:\/\/divilux.pt\/en\/wp-json\/wp\/v2\/comments?post=6767"}],"version-history":[{"count":4,"href":"https:\/\/divilux.pt\/en\/wp-json\/wp\/v2\/pages\/6767\/revisions"}],"predecessor-version":[{"id":7250,"href":"https:\/\/divilux.pt\/en\/wp-json\/wp\/v2\/pages\/6767\/revisions\/7250"}],"wp:attachment":[{"href":"https:\/\/divilux.pt\/en\/wp-json\/wp\/v2\/media?parent=6767"}],"curies":[{"name":"wp","href":"https:\/\/api.w.org\/{rel}","templated":true}]}}